{"id":10356,"date":"2020-03-28T22:18:08","date_gmt":"2020-03-28T22:18:08","guid":{"rendered":"https:\/\/tropicalcheese.com\/?page_id=10356"},"modified":"2020-07-31T22:12:11","modified_gmt":"2020-07-31T21:12:11","slug":"en-respuesta-al-covid-19","status":"publish","type":"page","link":"https:\/\/tropicalcheese.com\/es\/en-respuesta-al-covid-19","title":{"rendered":"En respuesta al COVID-19"},"content":{"rendered":"\n<p class=\"large\">Como empresa de familia, nuestra principal preocupaci\u00f3n durante estos momentos dif\u00edciles es el bienestar de nuestros empleados y la seguridad de sus familias. Durante los \u00faltimos meses, hemos implementado una serie de medidas preventivas de seguridad para mantener a todos saludables. Hemos incrementado nuestra capacidad de producci\u00f3n para satisfacer el incremento en demanda que estamos experimentando. Continuaremos haciendo nuestro mayor esfuerzo para que todas las familias puedan seguir disfrutando de sus productos Tropical favoritos.<\/p>\n\n\n\n<h2 class=\"wp-block-heading\">Nuestro compromiso con la comunidad<\/h2>\n\n\n\n<p>Tambi\u00e9n hemos hecho un compromiso de $100,000 en donaciones de comida y productos Tropical para que la comunidad de Perth Amboy pueda alimentar a sus familias. <a href=\"https:\/\/www.roi-nj.com\/2020\/07\/22\/lifestyle\/perth-amboy-cheese-company-continues-to-aid-citys-food-relief-efforts\/\"><strong>Ve la noticia aqu\u00ed<\/strong><\/a><\/p>\n\n\n\n<h2 class=\"wp-block-heading\">Explora la familia de quesos Tropical<\/h2>\n\n\n\n<p>Te damos algunas ideas para hacer tus platos favoritos usando diferentes quesos Tropical. <a href=\"https:\/\/tropicalcheese.com\/es\/articulos\/ideas-para-remplazar-quesos\"><strong>Ver recetas<\/strong><\/a><\/p>\n","protected":false},"excerpt":{"rendered":"<p>Como empresa de familia, nuestra principal preocupaci\u00f3n durante estos momentos dif\u00edciles es el bienestar de nuestros empleados y la seguridad de sus familias. Durante los \u00faltimos meses, hemos implementado una serie de medidas preventivas de seguridad para mantener a todos saludables. Hemos incrementado nuestra capacidad de producci\u00f3n para satisfacer el incremento en demanda que estamos [&hellip;]<\/p>\n","protected":false},"author":1,"featured_media":10354,"parent":0,"menu_order":0,"comment_status":"closed","ping_status":"closed","template":"template-half-and-half.php","meta":{"footnotes":""},"class_list":["post-10356","page","type-page","status-publish","has-post-thumbnail","hentry","entry"],"yoast_head":"<!-- This site is optimized with the Yoast SEO plugin v27.1.1 - https:\/\/yoast.com\/product\/yoast-seo-wordpress\/ -->\n<title>En respuesta al COVID-19 - Tropical Cheese<\/title>\n<meta name=\"robots\" content=\"index, follow, max-snippet:-1, max-image-preview:large, max-video-preview:-1\" \/>\n<link rel=\"canonical\" href=\"https:\/\/tropicalcheese.com\/es\/en-respuesta-al-covid-19\" \/>\n<meta property=\"og:locale\" content=\"es_ES\" \/>\n<meta property=\"og:type\" content=\"article\" \/>\n<meta property=\"og:title\" content=\"En respuesta al COVID-19 - Tropical Cheese\" \/>\n<meta property=\"og:description\" content=\"Como empresa de familia, nuestra principal preocupaci\u00f3n durante estos momentos dif\u00edciles es el bienestar de nuestros empleados y la seguridad de sus familias. Durante los \u00faltimos meses, hemos implementado una serie de medidas preventivas de seguridad para mantener a todos saludables. Hemos incrementado nuestra capacidad de producci\u00f3n para satisfacer el incremento en demanda que estamos [&hellip;]\" \/>\n<meta property=\"og:url\" content=\"https:\/\/tropicalcheese.com\/es\/en-respuesta-al-covid-19\" \/>\n<meta property=\"og:site_name\" content=\"Tropical Cheese\" \/>\n<meta property=\"article:publisher\" content=\"https:\/\/www.facebook.com\/TropicalCheeseInd\" \/>\n<meta property=\"article:modified_time\" content=\"2020-07-31T21:12:11+00:00\" \/>\n<meta property=\"og:image\" content=\"https:\/\/tropicalcheese.com\/wp-content\/uploads\/2020\/03\/corona-virus-notice.jpg\" \/>\n\t<meta property=\"og:image:width\" content=\"1200\" \/>\n\t<meta property=\"og:image:height\" content=\"1086\" \/>\n\t<meta property=\"og:image:type\" content=\"image\/jpeg\" \/>\n<meta name=\"twitter:card\" content=\"summary_large_image\" \/>\n<meta name=\"twitter:site\" content=\"@tropicalcheese\" \/>\n<meta name=\"twitter:label1\" content=\"Tiempo de lectura\" \/>\n\t<meta name=\"twitter:data1\" content=\"1 minuto\" \/>\n<script type=\"application\/ld+json\" class=\"yoast-schema-graph\">{\"@context\":\"https:\/\/schema.org\",\"@graph\":[{\"@type\":\"WebPage\",\"@id\":\"https:\/\/tropicalcheese.com\/es\/en-respuesta-al-covid-19\",\"url\":\"https:\/\/tropicalcheese.com\/es\/en-respuesta-al-covid-19\",\"name\":\"En respuesta al COVID-19 - Tropical Cheese\",\"isPartOf\":{\"@id\":\"https:\/\/tropicalcheese.com\/es#website\"},\"primaryImageOfPage\":{\"@id\":\"https:\/\/tropicalcheese.com\/es\/en-respuesta-al-covid-19#primaryimage\"},\"image\":{\"@id\":\"https:\/\/tropicalcheese.com\/es\/en-respuesta-al-covid-19#primaryimage\"},\"thumbnailUrl\":\"https:\/\/tropicalcheese.com\/wp-content\/uploads\/2020\/03\/corona-virus-notice.jpg\",\"datePublished\":\"2020-03-28T22:18:08+00:00\",\"dateModified\":\"2020-07-31T21:12:11+00:00\",\"breadcrumb\":{\"@id\":\"https:\/\/tropicalcheese.com\/es\/en-respuesta-al-covid-19#breadcrumb\"},\"inLanguage\":\"es\",\"potentialAction\":[{\"@type\":\"ReadAction\",\"target\":[\"https:\/\/tropicalcheese.com\/es\/en-respuesta-al-covid-19\"]}]},{\"@type\":\"ImageObject\",\"inLanguage\":\"es\",\"@id\":\"https:\/\/tropicalcheese.com\/es\/en-respuesta-al-covid-19#primaryimage\",\"url\":\"https:\/\/tropicalcheese.com\/wp-content\/uploads\/2020\/03\/corona-virus-notice.jpg\",\"contentUrl\":\"https:\/\/tropicalcheese.com\/wp-content\/uploads\/2020\/03\/corona-virus-notice.jpg\",\"width\":1200,\"height\":1086},{\"@type\":\"BreadcrumbList\",\"@id\":\"https:\/\/tropicalcheese.com\/es\/en-respuesta-al-covid-19#breadcrumb\",\"itemListElement\":[{\"@type\":\"ListItem\",\"position\":1,\"name\":\"Home\",\"item\":\"https:\/\/tropicalcheese.com\/es\"},{\"@type\":\"ListItem\",\"position\":2,\"name\":\"En respuesta al COVID-19\"}]},{\"@type\":\"WebSite\",\"@id\":\"https:\/\/tropicalcheese.com\/es#website\",\"url\":\"https:\/\/tropicalcheese.com\/es\",\"name\":\"Tropical Cheese\",\"description\":\"\",\"publisher\":{\"@id\":\"https:\/\/tropicalcheese.com\/es#organization\"},\"potentialAction\":[{\"@type\":\"SearchAction\",\"target\":{\"@type\":\"EntryPoint\",\"urlTemplate\":\"https:\/\/tropicalcheese.com\/es?s={search_term_string}\"},\"query-input\":{\"@type\":\"PropertyValueSpecification\",\"valueRequired\":true,\"valueName\":\"search_term_string\"}}],\"inLanguage\":\"es\"},{\"@type\":\"Organization\",\"@id\":\"https:\/\/tropicalcheese.com\/es#organization\",\"name\":\"Tropical Cheese\",\"url\":\"https:\/\/tropicalcheese.com\/es\",\"logo\":{\"@type\":\"ImageObject\",\"inLanguage\":\"es\",\"@id\":\"https:\/\/tropicalcheese.com\/es#\/schema\/logo\/image\/\",\"url\":\"https:\/\/tropicalcheese.com\/wp-content\/uploads\/2019\/06\/tropical-cheese-logo.jpg\",\"contentUrl\":\"https:\/\/tropicalcheese.com\/wp-content\/uploads\/2019\/06\/tropical-cheese-logo.jpg\",\"width\":800,\"height\":400,\"caption\":\"Tropical Cheese\"},\"image\":{\"@id\":\"https:\/\/tropicalcheese.com\/es#\/schema\/logo\/image\/\"},\"sameAs\":[\"https:\/\/www.facebook.com\/TropicalCheeseInd\",\"https:\/\/x.com\/tropicalcheese\",\"http:\/\/instagram.com\/tropicalcheese\",\"https:\/\/www.youtube.com\/user\/TropicalCheeseInd\"]}]}<\/script>\n<!-- \/ Yoast SEO plugin. -->","yoast_head_json":{"title":"En respuesta al COVID-19 - Tropical Cheese","robots":{"index":"index","follow":"follow","max-snippet":"max-snippet:-1","max-image-preview":"max-image-preview:large","max-video-preview":"max-video-preview:-1"},"canonical":"https:\/\/tropicalcheese.com\/es\/en-respuesta-al-covid-19","og_locale":"es_ES","og_type":"article","og_title":"En respuesta al COVID-19 - Tropical Cheese","og_description":"Como empresa de familia, nuestra principal preocupaci\u00f3n durante estos momentos dif\u00edciles es el bienestar de nuestros empleados y la seguridad de sus familias. Durante los \u00faltimos meses, hemos implementado una serie de medidas preventivas de seguridad para mantener a todos saludables. Hemos incrementado nuestra capacidad de producci\u00f3n para satisfacer el incremento en demanda que estamos [&hellip;]","og_url":"https:\/\/tropicalcheese.com\/es\/en-respuesta-al-covid-19","og_site_name":"Tropical Cheese","article_publisher":"https:\/\/www.facebook.com\/TropicalCheeseInd","article_modified_time":"2020-07-31T21:12:11+00:00","og_image":[{"width":1200,"height":1086,"url":"https:\/\/tropicalcheese.com\/wp-content\/uploads\/2020\/03\/corona-virus-notice.jpg","type":"image\/jpeg"}],"twitter_card":"summary_large_image","twitter_site":"@tropicalcheese","twitter_misc":{"Tiempo de lectura":"1 minuto"},"schema":{"@context":"https:\/\/schema.org","@graph":[{"@type":"WebPage","@id":"https:\/\/tropicalcheese.com\/es\/en-respuesta-al-covid-19","url":"https:\/\/tropicalcheese.com\/es\/en-respuesta-al-covid-19","name":"En respuesta al COVID-19 - Tropical Cheese","isPartOf":{"@id":"https:\/\/tropicalcheese.com\/es#website"},"primaryImageOfPage":{"@id":"https:\/\/tropicalcheese.com\/es\/en-respuesta-al-covid-19#primaryimage"},"image":{"@id":"https:\/\/tropicalcheese.com\/es\/en-respuesta-al-covid-19#primaryimage"},"thumbnailUrl":"https:\/\/tropicalcheese.com\/wp-content\/uploads\/2020\/03\/corona-virus-notice.jpg","datePublished":"2020-03-28T22:18:08+00:00","dateModified":"2020-07-31T21:12:11+00:00","breadcrumb":{"@id":"https:\/\/tropicalcheese.com\/es\/en-respuesta-al-covid-19#breadcrumb"},"inLanguage":"es","potentialAction":[{"@type":"ReadAction","target":["https:\/\/tropicalcheese.com\/es\/en-respuesta-al-covid-19"]}]},{"@type":"ImageObject","inLanguage":"es","@id":"https:\/\/tropicalcheese.com\/es\/en-respuesta-al-covid-19#primaryimage","url":"https:\/\/tropicalcheese.com\/wp-content\/uploads\/2020\/03\/corona-virus-notice.jpg","contentUrl":"https:\/\/tropicalcheese.com\/wp-content\/uploads\/2020\/03\/corona-virus-notice.jpg","width":1200,"height":1086},{"@type":"BreadcrumbList","@id":"https:\/\/tropicalcheese.com\/es\/en-respuesta-al-covid-19#breadcrumb","itemListElement":[{"@type":"ListItem","position":1,"name":"Home","item":"https:\/\/tropicalcheese.com\/es"},{"@type":"ListItem","position":2,"name":"En respuesta al COVID-19"}]},{"@type":"WebSite","@id":"https:\/\/tropicalcheese.com\/es#website","url":"https:\/\/tropicalcheese.com\/es","name":"Tropical Cheese","description":"","publisher":{"@id":"https:\/\/tropicalcheese.com\/es#organization"},"potentialAction":[{"@type":"SearchAction","target":{"@type":"EntryPoint","urlTemplate":"https:\/\/tropicalcheese.com\/es?s={search_term_string}"},"query-input":{"@type":"PropertyValueSpecification","valueRequired":true,"valueName":"search_term_string"}}],"inLanguage":"es"},{"@type":"Organization","@id":"https:\/\/tropicalcheese.com\/es#organization","name":"Tropical Cheese","url":"https:\/\/tropicalcheese.com\/es","logo":{"@type":"ImageObject","inLanguage":"es","@id":"https:\/\/tropicalcheese.com\/es#\/schema\/logo\/image\/","url":"https:\/\/tropicalcheese.com\/wp-content\/uploads\/2019\/06\/tropical-cheese-logo.jpg","contentUrl":"https:\/\/tropicalcheese.com\/wp-content\/uploads\/2019\/06\/tropical-cheese-logo.jpg","width":800,"height":400,"caption":"Tropical Cheese"},"image":{"@id":"https:\/\/tropicalcheese.com\/es#\/schema\/logo\/image\/"},"sameAs":["https:\/\/www.facebook.com\/TropicalCheeseInd","https:\/\/x.com\/tropicalcheese","http:\/\/instagram.com\/tropicalcheese","https:\/\/www.youtube.com\/user\/TropicalCheeseInd"]}]}},"meta_box":{"trochee-menu-item-default-image":[],"trochee-menu-item-default-image-position":"","trochee-vertical-menu":[],"trochee-background-video-image":[],"trochee-background-video-muted-id":"","trochee-background-video-sound-id":"","trochee-background-video-title":"","trochee-background-video-button-label":"","trochee-background-video-button-url":"","trochee-store-promotion-product-image":[],"trochee-store-promotion-product-button-label":"","trochee-store-promotion-product-button-url":"","trochee-store-promotion-product-title":"","trochee-store-promotion-product-title-url":"","trochee-store-promotion-product-description":"","trochee-store-promotion-product-cta-header":"","trochee-store-promotion-product-price":"","trochee-store-promotion-product-disclaimer":"","trochee-store-promotion-product-id":"","trochee-store-promotion-related-recipes-header":"","trochee-store-promotion-related-recipes":[],"trochee-featured-products-title":"","trochee-featured-products-description":"","trochee-featured-products":[],"trochee-meal-types-title":"","trochee-meal-types-button-label":"","trochee-meal-types-button-url":"","trochee-meal-types":[],"trochee-feat-recipe-product-image":[],"trochee-feat-recipe-product-description":"","trochee-feat-recipe-product-url":"","trochee-feat-recipe-header":"","trochee-feat-recipe-name":"","trochee-feat-recipe-url":"","trochee-feat-recipe-image":[],"trochee-feat-recipe-button-label":"","trochee-feat-recipe-button-url":"","trochee-promoted-product-image":[],"trochee-promoted-product-image-alt-text":"","trochee-promoted-product-header":"","trochee-promoted-product-description":"","trochee-promoted-product-cta-text":"","trochee-promoted-product-cta-url":"","trochee-promoted-product-cta-aria-label":"","trochee-promoted-product-related-recipes":[],"trochee-featured-articles-header":"","trochee-featured-articles-cta-label":"","trochee-featured-articles-cta-url":"","trochee-featured-articles-items":[],"trochee-ribbon-header":"","trochee-ribbon-description":"","trochee-ribbon-cta-label":"","trochee-ribbon-cta-url":"","block-01-portrait":[],"block-01-background":[],"block-01-title":"","block-01-text":"","block-01-overlay":"","block-02-title":"","block-02-text":"","block-03-background":[],"block-03-title":"","block-03-text":"","block-03-overlay":"","block-04-title":"","block-04-text":"","block-05-background":[],"block-05-title":"","block-05-text":"","block-05-overlay":"","block-06-title":"","block-06-text":"","vignette-image":[],"vignette-tagline":"","award-products":[],"form-title":"","locations":[],"store-page-title":"","store-page-description":"","store-page-cta":"","store-page-button-label":"","trochee-hero-video-id":"","trochee-hero-video-background-color":"","post-html-title":"","post-intro":"","post-share-nav-pos":"","post-header-align":"","post-related-section":"1","post-related-section-header":"","post-featured-status":"","post-featured-title":"","post-featured-description":"","post-featured-cta":"","listing-type":"","listing-header":"","listing-items":[],"section-banner-switch":"","section-banner-thumbnail":false,"section-banner-header":"","section-banner-description":"","section-banner-url":"","section-banner-background-color":"","section-banner-text-color":"","section-banner-margin-top":"","section-banner-margin-bottom":""},"_links":{"self":[{"href":"https:\/\/tropicalcheese.com\/es\/wp-json\/wp\/v2\/pages\/10356","targetHints":{"allow":["GET"]}}],"collection":[{"href":"https:\/\/tropicalcheese.com\/es\/wp-json\/wp\/v2\/pages"}],"about":[{"href":"https:\/\/tropicalcheese.com\/es\/wp-json\/wp\/v2\/types\/page"}],"author":[{"embeddable":true,"href":"https:\/\/tropicalcheese.com\/es\/wp-json\/wp\/v2\/users\/1"}],"replies":[{"embeddable":true,"href":"https:\/\/tropicalcheese.com\/es\/wp-json\/wp\/v2\/comments?post=10356"}],"version-history":[{"count":19,"href":"https:\/\/tropicalcheese.com\/es\/wp-json\/wp\/v2\/pages\/10356\/revisions"}],"predecessor-version":[{"id":12129,"href":"https:\/\/tropicalcheese.com\/es\/wp-json\/wp\/v2\/pages\/10356\/revisions\/12129"}],"wp:featuredmedia":[{"embeddable":true,"href":"https:\/\/tropicalcheese.com\/es\/wp-json\/wp\/v2\/media\/10354"}],"wp:attachment":[{"href":"https:\/\/tropicalcheese.com\/es\/wp-json\/wp\/v2\/media?parent=10356"}],"curies":[{"name":"wp","href":"https:\/\/api.w.org\/{rel}","templated":true}]}}