{"id":14677,"date":"2020-11-11T20:48:32","date_gmt":"2020-11-11T20:48:32","guid":{"rendered":"https:\/\/tropicalcheese.com\/?page_id=14677"},"modified":"2025-03-11T15:58:48","modified_gmt":"2025-03-11T19:58:48","slug":"carrito","status":"publish","type":"page","link":"https:\/\/tropicalcheese.com\/es\/carrito","title":{"rendered":"Carrito"},"content":{"rendered":"\n<div data-block-name=\"woocommerce\/cart\" class=\"wp-block-woocommerce-cart is-loading\">\n<div data-block-name=\"woocommerce\/filled-cart-block\" class=\"wp-block-woocommerce-filled-cart-block alignwide\">\n<div data-block-name=\"woocommerce\/cart-items-block\" class=\"wp-block-woocommerce-cart-items-block\">\n<div data-block-name=\"woocommerce\/cart-line-items-block\" class=\"wp-block-woocommerce-cart-line-items-block\"><\/div>\n\n\n\n<div data-block-name=\"woocommerce\/cart-cross-sells-block\" class=\"wp-block-woocommerce-cart-cross-sells-block\">\n<h2 class=\"wp-block-heading has-large-font-size\">You may be interested in\u2026<\/h2>\n\n\n\n<div data-block-name=\"woocommerce\/cart-cross-sells-products-block\" class=\"wp-block-woocommerce-cart-cross-sells-products-block\"><\/div>\n<\/div>\n\n\n\n<p><strong>Tropical Cheese solo env\u00eda los lunes y mi\u00e9rcoles mediante los m\u00e9todos FedEx Standard Overnight y FedEx 2Day.<\/strong> Si se recibe un pedido de mi\u00e9rcoles a domingo, se enviar\u00e1 el lunes. Si se recibe un pedido el lunes o martes, se enviar\u00e1 el mi\u00e9rcoles. Las entregas locales pueden tener la opci\u00f3n FedEx-Ground para el env\u00edo. Tropical Cheese Industries LLC no se hace responsable por retrasos en la entrega del producto que excedan el plazo de env\u00edo de 48 horas, seg\u00fan lo indicado por FedEx. Lea m\u00e1s sobre el env\u00edo en nuestros <a href=\"https:\/\/tropicalcheese.com\/terminos-de-uso\">T\u00e9rminos de uso<\/a>.<\/p>\n<\/div>\n\n\n\n<div data-block-name=\"woocommerce\/cart-totals-block\" class=\"wp-block-woocommerce-cart-totals-block\">\n<div data-block-name=\"woocommerce\/cart-order-summary-block\" class=\"wp-block-woocommerce-cart-order-summary-block\">\n<div data-block-name=\"woocommerce\/cart-order-summary-heading-block\" class=\"wp-block-woocommerce-cart-order-summary-heading-block\"><\/div>\n\n\n\n<div data-block-name=\"woocommerce\/cart-order-summary-coupon-form-block\" class=\"wp-block-woocommerce-cart-order-summary-coupon-form-block\"><\/div>\n\n\n\n<div data-block-name=\"woocommerce\/cart-order-summary-totals-block\" class=\"wp-block-woocommerce-cart-order-summary-totals-block\">\n<div data-block-name=\"woocommerce\/cart-order-summary-subtotal-block\" class=\"wp-block-woocommerce-cart-order-summary-subtotal-block\"><\/div>\n\n\n\n<div data-block-name=\"woocommerce\/cart-order-summary-fee-block\" class=\"wp-block-woocommerce-cart-order-summary-fee-block\"><\/div>\n\n\n\n<div data-block-name=\"woocommerce\/cart-order-summary-discount-block\" class=\"wp-block-woocommerce-cart-order-summary-discount-block\"><\/div>\n\n\n\n<div data-block-name=\"woocommerce\/cart-order-summary-shipping-block\" class=\"wp-block-woocommerce-cart-order-summary-shipping-block\"><\/div>\n\n\n\n<div data-block-name=\"woocommerce\/cart-order-summary-taxes-block\" class=\"wp-block-woocommerce-cart-order-summary-taxes-block\"><\/div>\n<\/div>\n<\/div>\n\n\n\n<div data-block-name=\"woocommerce\/cart-express-payment-block\" class=\"wp-block-woocommerce-cart-express-payment-block\"><\/div>\n\n\n\n<div data-block-name=\"woocommerce\/proceed-to-checkout-block\" class=\"wp-block-woocommerce-proceed-to-checkout-block\"><\/div>\n\n\n\n<div data-block-name=\"woocommerce\/cart-accepted-payment-methods-block\" class=\"wp-block-woocommerce-cart-accepted-payment-methods-block\"><\/div>\n<\/div>\n<\/div>\n\n\n\n<div data-block-name=\"woocommerce\/empty-cart-block\" class=\"wp-block-woocommerce-empty-cart-block alignwide\">\n<div data-block-name=\"woocommerce\/filled-cart-block\" class=\"wp-block-woocommerce-filled-cart-block\">\n<div data-block-name=\"woocommerce\/cart-items-block\" class=\"wp-block-woocommerce-cart-items-block\">\n<div data-block-name=\"woocommerce\/cart-line-items-block\" class=\"wp-block-woocommerce-cart-line-items-block\"><\/div>\n\n\n\n<p><strong class=\"\">Tropical Cheese solo env\u00eda los lunes y mi\u00e9rcoles mediante los m\u00e9todos FedEx Standard Overnight y FedEx 2Day<\/strong>. Si se recibe un pedido de mi\u00e9rcoles a domingo, se enviar\u00e1 el lunes. Si se recibe un pedido el lunes o martes, se enviar\u00e1 el mi\u00e9rcoles. Las entregas locales pueden tener la opci\u00f3n FedEx-Ground para el env\u00edo. Lea m\u00e1s sobre el env\u00edo en nuestros&nbsp;<a class=\"\" href=\"https:\/\/tropicalcheese.com\/es\/terminos-de-uso\">T\u00e9rminos de uso<\/a>.<\/p>\n<\/div>\n\n\n\n<div data-block-name=\"woocommerce\/cart-totals-block\" class=\"wp-block-woocommerce-cart-totals-block\">\n<div data-block-name=\"woocommerce\/cart-order-summary-block\" class=\"wp-block-woocommerce-cart-order-summary-block\">\n<div data-block-name=\"woocommerce\/cart-order-summary-heading-block\" class=\"wp-block-woocommerce-cart-order-summary-heading-block\"><\/div>\n\n\n\n<div data-block-name=\"woocommerce\/cart-order-summary-coupon-form-block\" class=\"wp-block-woocommerce-cart-order-summary-coupon-form-block\"><\/div>\n\n\n\n<div data-block-name=\"woocommerce\/cart-order-summary-totals-block\" class=\"wp-block-woocommerce-cart-order-summary-totals-block\">\n<div data-block-name=\"woocommerce\/cart-order-summary-subtotal-block\" class=\"wp-block-woocommerce-cart-order-summary-subtotal-block\"><\/div>\n\n\n\n<div data-block-name=\"woocommerce\/cart-order-summary-fee-block\" class=\"wp-block-woocommerce-cart-order-summary-fee-block\"><\/div>\n\n\n\n<div data-block-name=\"woocommerce\/cart-order-summary-discount-block\" class=\"wp-block-woocommerce-cart-order-summary-discount-block\"><\/div>\n\n\n\n<div data-block-name=\"woocommerce\/cart-order-summary-shipping-block\" class=\"wp-block-woocommerce-cart-order-summary-shipping-block\"><\/div>\n\n\n\n<div data-block-name=\"woocommerce\/cart-order-summary-taxes-block\" class=\"wp-block-woocommerce-cart-order-summary-taxes-block\"><\/div>\n<\/div>\n<\/div>\n\n\n\n<div data-block-name=\"woocommerce\/cart-express-payment-block\" class=\"wp-block-woocommerce-cart-express-payment-block\"><\/div>\n\n\n\n<div data-block-name=\"woocommerce\/proceed-to-checkout-block\" class=\"wp-block-woocommerce-proceed-to-checkout-block\"><\/div>\n\n\n\n<div data-block-name=\"woocommerce\/cart-accepted-payment-methods-block\" class=\"wp-block-woocommerce-cart-accepted-payment-methods-block\"><\/div>\n<\/div>\n<\/div>\n\n\n\n<div data-block-name=\"woocommerce\/empty-cart-block\" class=\"wp-block-woocommerce-empty-cart-block\">\n<h2 class=\"wp-block-heading has-text-align-left wc-block-cart__empty-cart__title\">Tu carrito est\u00e1 vac\u00edo.<\/h2>\n\n\n\n<div class=\"wp-block-buttons is-layout-flex wp-block-buttons-is-layout-flex\">\n<div class=\"wp-block-button\"><a class=\"wp-block-button__link wp-element-button\" href=\"https:\/\/tropicalcheese.com\/tienda\">Ver M\u00e1s Paquetes<\/a><\/div>\n<\/div>\n\n\n\n<p><\/p>\n<\/div>\n<\/div>\n<\/div>\n\n\n<div class=\"woocommerce columns-1 \"><div class=\"featured-product-wrap\">\n\t<div class=\"card\"><div class=\"thumb\"><a href=\"https:\/\/tropicalcheese.com\/es\/tienda\/amantes-del-queso-de-freir\"><img decoding=\"async\" src=\"https:\/\/tropicalcheese.com\/wp-content\/uploads\/2020\/11\/bundle-queso-de-freir-custom.jpg\" alt=\"Group of products for bundle: Amantes del Queso de Fre\u00edr\"><\/a><\/div><div class=\"info\"><h2 class=\"title\">Amantes del Queso de Fre\u00edr<\/h2><div class=\"price\"><sub>$<\/sub>39<sup>.00<\/sup><\/div><a href=\"\/es\/wp-json\/wp\/v2\/pages\/14677?add-to-cart=14578\" class=\"button\" >Add to Cart<\/a><\/div><\/div><span class=\"gtm4wp_productdata\" style=\"display:none; visibility:hidden;\" data-gtm4wp_product_data=\"{&quot;internal_id&quot;:14578,&quot;item_id&quot;:14578,&quot;item_name&quot;:&quot;Amantes del Queso de Fre\\u00edr&quot;,&quot;sku&quot;:14578,&quot;price&quot;:39,&quot;stocklevel&quot;:null,&quot;stockstatus&quot;:&quot;instock&quot;,&quot;google_business_vertical&quot;:&quot;retail&quot;,&quot;item_category&quot;:&quot;Uncategorized&quot;,&quot;id&quot;:14578,&quot;productlink&quot;:&quot;https:\\\/\\\/tropicalcheese.com\\\/es\\\/tienda\\\/amantes-del-queso-de-freir&quot;,&quot;item_list_name&quot;:&quot;Lista general de productos&quot;,&quot;index&quot;:0,&quot;product_type&quot;:&quot;simple&quot;,&quot;item_brand&quot;:&quot;&quot;}\"><\/span><\/div><\/div>\n","protected":false},"excerpt":{"rendered":"","protected":false},"author":1,"featured_media":0,"parent":0,"menu_order":0,"comment_status":"closed","ping_status":"closed","template":"","meta":{"footnotes":""},"class_list":["post-14677","page","type-page","status-publish","hentry","entry"],"yoast_head":"<!-- This site is optimized with the Yoast SEO plugin v27.1.1 - https:\/\/yoast.com\/product\/yoast-seo-wordpress\/ -->\n<title>Carrito - Tropical Cheese<\/title>\n<meta name=\"robots\" content=\"index, follow, max-snippet:-1, max-image-preview:large, max-video-preview:-1\" \/>\n<link rel=\"canonical\" href=\"https:\/\/tropicalcheese.com\/es\/carrito\" \/>\n<meta property=\"og:locale\" content=\"es_ES\" \/>\n<meta property=\"og:type\" content=\"article\" \/>\n<meta property=\"og:title\" content=\"Carrito - Tropical Cheese\" \/>\n<meta property=\"og:url\" content=\"https:\/\/tropicalcheese.com\/es\/carrito\" \/>\n<meta property=\"og:site_name\" content=\"Tropical Cheese\" \/>\n<meta property=\"article:publisher\" content=\"https:\/\/www.facebook.com\/TropicalCheeseInd\" \/>\n<meta property=\"article:modified_time\" content=\"2025-03-11T19:58:48+00:00\" \/>\n<meta name=\"twitter:card\" content=\"summary_large_image\" \/>\n<meta name=\"twitter:site\" content=\"@tropicalcheese\" \/>\n<meta name=\"twitter:label1\" content=\"Tiempo de lectura\" \/>\n\t<meta name=\"twitter:data1\" content=\"1 minuto\" \/>\n<script type=\"application\/ld+json\" class=\"yoast-schema-graph\">{\"@context\":\"https:\/\/schema.org\",\"@graph\":[{\"@type\":\"WebPage\",\"@id\":\"https:\/\/tropicalcheese.com\/es\/carrito\",\"url\":\"https:\/\/tropicalcheese.com\/es\/carrito\",\"name\":\"Carrito - Tropical Cheese\",\"isPartOf\":{\"@id\":\"https:\/\/tropicalcheese.com\/es#website\"},\"datePublished\":\"2020-11-11T20:48:32+00:00\",\"dateModified\":\"2025-03-11T19:58:48+00:00\",\"breadcrumb\":{\"@id\":\"https:\/\/tropicalcheese.com\/es\/carrito#breadcrumb\"},\"inLanguage\":\"es\",\"potentialAction\":[{\"@type\":\"ReadAction\",\"target\":[\"https:\/\/tropicalcheese.com\/es\/carrito\"]}]},{\"@type\":\"BreadcrumbList\",\"@id\":\"https:\/\/tropicalcheese.com\/es\/carrito#breadcrumb\",\"itemListElement\":[{\"@type\":\"ListItem\",\"position\":1,\"name\":\"Home\",\"item\":\"https:\/\/tropicalcheese.com\/es\"},{\"@type\":\"ListItem\",\"position\":2,\"name\":\"Carrito\"}]},{\"@type\":\"WebSite\",\"@id\":\"https:\/\/tropicalcheese.com\/es#website\",\"url\":\"https:\/\/tropicalcheese.com\/es\",\"name\":\"Tropical Cheese\",\"description\":\"\",\"publisher\":{\"@id\":\"https:\/\/tropicalcheese.com\/es#organization\"},\"potentialAction\":[{\"@type\":\"SearchAction\",\"target\":{\"@type\":\"EntryPoint\",\"urlTemplate\":\"https:\/\/tropicalcheese.com\/es?s={search_term_string}\"},\"query-input\":{\"@type\":\"PropertyValueSpecification\",\"valueRequired\":true,\"valueName\":\"search_term_string\"}}],\"inLanguage\":\"es\"},{\"@type\":\"Organization\",\"@id\":\"https:\/\/tropicalcheese.com\/es#organization\",\"name\":\"Tropical Cheese\",\"url\":\"https:\/\/tropicalcheese.com\/es\",\"logo\":{\"@type\":\"ImageObject\",\"inLanguage\":\"es\",\"@id\":\"https:\/\/tropicalcheese.com\/es#\/schema\/logo\/image\/\",\"url\":\"https:\/\/tropicalcheese.com\/wp-content\/uploads\/2019\/06\/tropical-cheese-logo.jpg\",\"contentUrl\":\"https:\/\/tropicalcheese.com\/wp-content\/uploads\/2019\/06\/tropical-cheese-logo.jpg\",\"width\":800,\"height\":400,\"caption\":\"Tropical Cheese\"},\"image\":{\"@id\":\"https:\/\/tropicalcheese.com\/es#\/schema\/logo\/image\/\"},\"sameAs\":[\"https:\/\/www.facebook.com\/TropicalCheeseInd\",\"https:\/\/x.com\/tropicalcheese\",\"http:\/\/instagram.com\/tropicalcheese\",\"https:\/\/www.youtube.com\/user\/TropicalCheeseInd\"]}]}<\/script>\n<!-- \/ Yoast SEO plugin. -->","yoast_head_json":{"title":"Carrito - Tropical Cheese","robots":{"index":"index","follow":"follow","max-snippet":"max-snippet:-1","max-image-preview":"max-image-preview:large","max-video-preview":"max-video-preview:-1"},"canonical":"https:\/\/tropicalcheese.com\/es\/carrito","og_locale":"es_ES","og_type":"article","og_title":"Carrito - Tropical Cheese","og_url":"https:\/\/tropicalcheese.com\/es\/carrito","og_site_name":"Tropical Cheese","article_publisher":"https:\/\/www.facebook.com\/TropicalCheeseInd","article_modified_time":"2025-03-11T19:58:48+00:00","twitter_card":"summary_large_image","twitter_site":"@tropicalcheese","twitter_misc":{"Tiempo de lectura":"1 minuto"},"schema":{"@context":"https:\/\/schema.org","@graph":[{"@type":"WebPage","@id":"https:\/\/tropicalcheese.com\/es\/carrito","url":"https:\/\/tropicalcheese.com\/es\/carrito","name":"Carrito - Tropical Cheese","isPartOf":{"@id":"https:\/\/tropicalcheese.com\/es#website"},"datePublished":"2020-11-11T20:48:32+00:00","dateModified":"2025-03-11T19:58:48+00:00","breadcrumb":{"@id":"https:\/\/tropicalcheese.com\/es\/carrito#breadcrumb"},"inLanguage":"es","potentialAction":[{"@type":"ReadAction","target":["https:\/\/tropicalcheese.com\/es\/carrito"]}]},{"@type":"BreadcrumbList","@id":"https:\/\/tropicalcheese.com\/es\/carrito#breadcrumb","itemListElement":[{"@type":"ListItem","position":1,"name":"Home","item":"https:\/\/tropicalcheese.com\/es"},{"@type":"ListItem","position":2,"name":"Carrito"}]},{"@type":"WebSite","@id":"https:\/\/tropicalcheese.com\/es#website","url":"https:\/\/tropicalcheese.com\/es","name":"Tropical Cheese","description":"","publisher":{"@id":"https:\/\/tropicalcheese.com\/es#organization"},"potentialAction":[{"@type":"SearchAction","target":{"@type":"EntryPoint","urlTemplate":"https:\/\/tropicalcheese.com\/es?s={search_term_string}"},"query-input":{"@type":"PropertyValueSpecification","valueRequired":true,"valueName":"search_term_string"}}],"inLanguage":"es"},{"@type":"Organization","@id":"https:\/\/tropicalcheese.com\/es#organization","name":"Tropical Cheese","url":"https:\/\/tropicalcheese.com\/es","logo":{"@type":"ImageObject","inLanguage":"es","@id":"https:\/\/tropicalcheese.com\/es#\/schema\/logo\/image\/","url":"https:\/\/tropicalcheese.com\/wp-content\/uploads\/2019\/06\/tropical-cheese-logo.jpg","contentUrl":"https:\/\/tropicalcheese.com\/wp-content\/uploads\/2019\/06\/tropical-cheese-logo.jpg","width":800,"height":400,"caption":"Tropical Cheese"},"image":{"@id":"https:\/\/tropicalcheese.com\/es#\/schema\/logo\/image\/"},"sameAs":["https:\/\/www.facebook.com\/TropicalCheeseInd","https:\/\/x.com\/tropicalcheese","http:\/\/instagram.com\/tropicalcheese","https:\/\/www.youtube.com\/user\/TropicalCheeseInd"]}]}},"meta_box":{"trochee-menu-item-default-image":[],"trochee-menu-item-default-image-position":"","trochee-vertical-menu":[],"trochee-background-video-image":[],"trochee-background-video-muted-id":"","trochee-background-video-sound-id":"","trochee-background-video-title":"","trochee-background-video-button-label":"","trochee-background-video-button-url":"","trochee-store-promotion-product-image":[],"trochee-store-promotion-product-button-label":"","trochee-store-promotion-product-button-url":"","trochee-store-promotion-product-title":"","trochee-store-promotion-product-title-url":"","trochee-store-promotion-product-description":"","trochee-store-promotion-product-cta-header":"","trochee-store-promotion-product-price":"","trochee-store-promotion-product-disclaimer":"","trochee-store-promotion-product-id":"","trochee-store-promotion-related-recipes-header":"","trochee-store-promotion-related-recipes":[],"trochee-featured-products-title":"","trochee-featured-products-description":"","trochee-featured-products":[],"trochee-meal-types-title":"","trochee-meal-types-button-label":"","trochee-meal-types-button-url":"","trochee-meal-types":[],"trochee-feat-recipe-product-image":[],"trochee-feat-recipe-product-description":"","trochee-feat-recipe-product-url":"","trochee-feat-recipe-header":"","trochee-feat-recipe-name":"","trochee-feat-recipe-url":"","trochee-feat-recipe-image":[],"trochee-feat-recipe-button-label":"","trochee-feat-recipe-button-url":"","trochee-promoted-product-image":[],"trochee-promoted-product-image-alt-text":"","trochee-promoted-product-header":"","trochee-promoted-product-description":"","trochee-promoted-product-cta-text":"","trochee-promoted-product-cta-url":"","trochee-promoted-product-cta-aria-label":"","trochee-promoted-product-related-recipes":[],"trochee-featured-articles-header":"","trochee-featured-articles-cta-label":"","trochee-featured-articles-cta-url":"","trochee-featured-articles-items":[],"trochee-ribbon-header":"","trochee-ribbon-description":"","trochee-ribbon-cta-label":"","trochee-ribbon-cta-url":"","block-01-portrait":[],"block-01-background":[],"block-01-title":"","block-01-text":"","block-01-overlay":"","block-02-title":"","block-02-text":"","block-03-background":[],"block-03-title":"","block-03-text":"","block-03-overlay":"","block-04-title":"","block-04-text":"","block-05-background":[],"block-05-title":"","block-05-text":"","block-05-overlay":"","block-06-title":"","block-06-text":"","vignette-image":[],"vignette-tagline":"","award-products":[],"form-title":"","locations":[],"store-page-title":"","store-page-description":"","store-page-cta":"","store-page-button-label":"","trochee-hero-video-id":"","trochee-hero-video-background-color":"","post-html-title":"","post-intro":"","post-share-nav-pos":"","post-header-align":"","post-related-section":"1","post-related-section-header":"0","post-featured-status":"1","post-featured-title":"","post-featured-description":"","post-featured-cta":"","listing-type":"","listing-header":"","listing-items":[{"_state":"collapsed"}],"section-banner-switch":"0","section-banner-thumbnail":false,"section-banner-header":"","section-banner-description":"","section-banner-url":"","section-banner-background-color":"","section-banner-text-color":"fc-black","section-banner-margin-top":"mt-none","section-banner-margin-bottom":"mb-none"},"_links":{"self":[{"href":"https:\/\/tropicalcheese.com\/es\/wp-json\/wp\/v2\/pages\/14677","targetHints":{"allow":["GET"]}}],"collection":[{"href":"https:\/\/tropicalcheese.com\/es\/wp-json\/wp\/v2\/pages"}],"about":[{"href":"https:\/\/tropicalcheese.com\/es\/wp-json\/wp\/v2\/types\/page"}],"author":[{"embeddable":true,"href":"https:\/\/tropicalcheese.com\/es\/wp-json\/wp\/v2\/users\/1"}],"replies":[{"embeddable":true,"href":"https:\/\/tropicalcheese.com\/es\/wp-json\/wp\/v2\/comments?post=14677"}],"version-history":[{"count":8,"href":"https:\/\/tropicalcheese.com\/es\/wp-json\/wp\/v2\/pages\/14677\/revisions"}],"predecessor-version":[{"id":111094,"href":"https:\/\/tropicalcheese.com\/es\/wp-json\/wp\/v2\/pages\/14677\/revisions\/111094"}],"wp:attachment":[{"href":"https:\/\/tropicalcheese.com\/es\/wp-json\/wp\/v2\/media?parent=14677"}],"curies":[{"name":"wp","href":"https:\/\/api.w.org\/{rel}","templated":true}]}}