{"id":1929,"date":"2019-07-07T04:37:34","date_gmt":"2019-07-07T03:37:34","guid":{"rendered":"https:\/\/tropicalcheese.com?page_id=1929"},"modified":"2025-07-28T15:06:46","modified_gmt":"2025-07-28T19:06:46","slug":"quienes-somos","status":"publish","type":"page","link":"https:\/\/tropicalcheese.com\/es\/quienes-somos","title":{"rendered":"Quienes Somos"},"content":{"rendered":"","protected":false},"excerpt":{"rendered":"<p>Queso Tropical comenz\u00f3 como un sue\u00f1o de Rafael Mendez.  Nacido en Las Villas, Cuba, Rafael es el m\u00e1s joven de siete hijos.  Su familia eran los due\u00f1os y administradores de una peque\u00f1a cafeter\u00eda en la isla, donde en su tiempo libre, ayudaba a su papa. <\/p>\n","protected":false},"author":1,"featured_media":0,"parent":0,"menu_order":0,"comment_status":"closed","ping_status":"closed","template":"template-about.php","meta":{"footnotes":""},"class_list":["post-1929","page","type-page","status-publish","hentry","entry"],"yoast_head":"<!-- This site is optimized with the Yoast SEO plugin v27.1.1 - https:\/\/yoast.com\/product\/yoast-seo-wordpress\/ -->\n<title>Quienes Somos - Tropical Cheese<\/title>\n<meta name=\"description\" content=\"Conoce m\u00e1s sobre nuestro compromiso con la calidad y la autenticidad en Tropical Cheese. \u00a1Tu sabor tropical favorito comienza aqu\u00ed!\" \/>\n<meta name=\"robots\" content=\"index, follow, max-snippet:-1, max-image-preview:large, max-video-preview:-1\" \/>\n<link rel=\"canonical\" href=\"https:\/\/tropicalcheese.com\/es\/quienes-somos\" \/>\n<meta property=\"og:locale\" content=\"es_ES\" \/>\n<meta property=\"og:type\" content=\"article\" \/>\n<meta property=\"og:title\" content=\"Quienes Somos - Tropical Cheese\" \/>\n<meta property=\"og:description\" content=\"Conoce m\u00e1s sobre nuestro compromiso con la calidad y la autenticidad en Tropical Cheese. \u00a1Tu sabor tropical favorito comienza aqu\u00ed!\" \/>\n<meta property=\"og:url\" content=\"https:\/\/tropicalcheese.com\/es\/quienes-somos\" \/>\n<meta property=\"og:site_name\" content=\"Tropical Cheese\" \/>\n<meta property=\"article:publisher\" content=\"https:\/\/www.facebook.com\/TropicalCheeseInd\" \/>\n<meta property=\"article:modified_time\" content=\"2025-07-28T19:06:46+00:00\" \/>\n<meta name=\"twitter:card\" content=\"summary_large_image\" \/>\n<meta name=\"twitter:site\" content=\"@tropicalcheese\" \/>\n<script type=\"application\/ld+json\" class=\"yoast-schema-graph\">{\"@context\":\"https:\/\/schema.org\",\"@graph\":[{\"@type\":\"WebPage\",\"@id\":\"https:\/\/tropicalcheese.com\/es\/quienes-somos\",\"url\":\"https:\/\/tropicalcheese.com\/es\/quienes-somos\",\"name\":\"Quienes Somos - Tropical Cheese\",\"isPartOf\":{\"@id\":\"https:\/\/tropicalcheese.com\/es#website\"},\"datePublished\":\"2019-07-07T03:37:34+00:00\",\"dateModified\":\"2025-07-28T19:06:46+00:00\",\"description\":\"Conoce m\u00e1s sobre nuestro compromiso con la calidad y la autenticidad en Tropical Cheese. \u00a1Tu sabor tropical favorito comienza aqu\u00ed!\",\"breadcrumb\":{\"@id\":\"https:\/\/tropicalcheese.com\/es\/quienes-somos#breadcrumb\"},\"inLanguage\":\"es\",\"potentialAction\":[{\"@type\":\"ReadAction\",\"target\":[\"https:\/\/tropicalcheese.com\/es\/quienes-somos\"]}]},{\"@type\":\"BreadcrumbList\",\"@id\":\"https:\/\/tropicalcheese.com\/es\/quienes-somos#breadcrumb\",\"itemListElement\":[{\"@type\":\"ListItem\",\"position\":1,\"name\":\"Home\",\"item\":\"https:\/\/tropicalcheese.com\/es\"},{\"@type\":\"ListItem\",\"position\":2,\"name\":\"Quienes Somos\"}]},{\"@type\":\"WebSite\",\"@id\":\"https:\/\/tropicalcheese.com\/es#website\",\"url\":\"https:\/\/tropicalcheese.com\/es\",\"name\":\"Tropical Cheese\",\"description\":\"\",\"publisher\":{\"@id\":\"https:\/\/tropicalcheese.com\/es#organization\"},\"potentialAction\":[{\"@type\":\"SearchAction\",\"target\":{\"@type\":\"EntryPoint\",\"urlTemplate\":\"https:\/\/tropicalcheese.com\/es?s={search_term_string}\"},\"query-input\":{\"@type\":\"PropertyValueSpecification\",\"valueRequired\":true,\"valueName\":\"search_term_string\"}}],\"inLanguage\":\"es\"},{\"@type\":\"Organization\",\"@id\":\"https:\/\/tropicalcheese.com\/es#organization\",\"name\":\"Tropical Cheese\",\"url\":\"https:\/\/tropicalcheese.com\/es\",\"logo\":{\"@type\":\"ImageObject\",\"inLanguage\":\"es\",\"@id\":\"https:\/\/tropicalcheese.com\/es#\/schema\/logo\/image\/\",\"url\":\"https:\/\/tropicalcheese.com\/wp-content\/uploads\/2019\/06\/tropical-cheese-logo.jpg\",\"contentUrl\":\"https:\/\/tropicalcheese.com\/wp-content\/uploads\/2019\/06\/tropical-cheese-logo.jpg\",\"width\":800,\"height\":400,\"caption\":\"Tropical Cheese\"},\"image\":{\"@id\":\"https:\/\/tropicalcheese.com\/es#\/schema\/logo\/image\/\"},\"sameAs\":[\"https:\/\/www.facebook.com\/TropicalCheeseInd\",\"https:\/\/x.com\/tropicalcheese\",\"http:\/\/instagram.com\/tropicalcheese\",\"https:\/\/www.youtube.com\/user\/TropicalCheeseInd\"]}]}<\/script>\n<!-- \/ Yoast SEO plugin. -->","yoast_head_json":{"title":"Quienes Somos - Tropical Cheese","description":"Conoce m\u00e1s sobre nuestro compromiso con la calidad y la autenticidad en Tropical Cheese. \u00a1Tu sabor tropical favorito comienza aqu\u00ed!","robots":{"index":"index","follow":"follow","max-snippet":"max-snippet:-1","max-image-preview":"max-image-preview:large","max-video-preview":"max-video-preview:-1"},"canonical":"https:\/\/tropicalcheese.com\/es\/quienes-somos","og_locale":"es_ES","og_type":"article","og_title":"Quienes Somos - Tropical Cheese","og_description":"Conoce m\u00e1s sobre nuestro compromiso con la calidad y la autenticidad en Tropical Cheese. \u00a1Tu sabor tropical favorito comienza aqu\u00ed!","og_url":"https:\/\/tropicalcheese.com\/es\/quienes-somos","og_site_name":"Tropical Cheese","article_publisher":"https:\/\/www.facebook.com\/TropicalCheeseInd","article_modified_time":"2025-07-28T19:06:46+00:00","twitter_card":"summary_large_image","twitter_site":"@tropicalcheese","schema":{"@context":"https:\/\/schema.org","@graph":[{"@type":"WebPage","@id":"https:\/\/tropicalcheese.com\/es\/quienes-somos","url":"https:\/\/tropicalcheese.com\/es\/quienes-somos","name":"Quienes Somos - Tropical Cheese","isPartOf":{"@id":"https:\/\/tropicalcheese.com\/es#website"},"datePublished":"2019-07-07T03:37:34+00:00","dateModified":"2025-07-28T19:06:46+00:00","description":"Conoce m\u00e1s sobre nuestro compromiso con la calidad y la autenticidad en Tropical Cheese. \u00a1Tu sabor tropical favorito comienza aqu\u00ed!","breadcrumb":{"@id":"https:\/\/tropicalcheese.com\/es\/quienes-somos#breadcrumb"},"inLanguage":"es","potentialAction":[{"@type":"ReadAction","target":["https:\/\/tropicalcheese.com\/es\/quienes-somos"]}]},{"@type":"BreadcrumbList","@id":"https:\/\/tropicalcheese.com\/es\/quienes-somos#breadcrumb","itemListElement":[{"@type":"ListItem","position":1,"name":"Home","item":"https:\/\/tropicalcheese.com\/es"},{"@type":"ListItem","position":2,"name":"Quienes Somos"}]},{"@type":"WebSite","@id":"https:\/\/tropicalcheese.com\/es#website","url":"https:\/\/tropicalcheese.com\/es","name":"Tropical Cheese","description":"","publisher":{"@id":"https:\/\/tropicalcheese.com\/es#organization"},"potentialAction":[{"@type":"SearchAction","target":{"@type":"EntryPoint","urlTemplate":"https:\/\/tropicalcheese.com\/es?s={search_term_string}"},"query-input":{"@type":"PropertyValueSpecification","valueRequired":true,"valueName":"search_term_string"}}],"inLanguage":"es"},{"@type":"Organization","@id":"https:\/\/tropicalcheese.com\/es#organization","name":"Tropical Cheese","url":"https:\/\/tropicalcheese.com\/es","logo":{"@type":"ImageObject","inLanguage":"es","@id":"https:\/\/tropicalcheese.com\/es#\/schema\/logo\/image\/","url":"https:\/\/tropicalcheese.com\/wp-content\/uploads\/2019\/06\/tropical-cheese-logo.jpg","contentUrl":"https:\/\/tropicalcheese.com\/wp-content\/uploads\/2019\/06\/tropical-cheese-logo.jpg","width":800,"height":400,"caption":"Tropical Cheese"},"image":{"@id":"https:\/\/tropicalcheese.com\/es#\/schema\/logo\/image\/"},"sameAs":["https:\/\/www.facebook.com\/TropicalCheeseInd","https:\/\/x.com\/tropicalcheese","http:\/\/instagram.com\/tropicalcheese","https:\/\/www.youtube.com\/user\/TropicalCheeseInd"]}]}},"meta_box":{"trochee-menu-item-default-image":[],"trochee-menu-item-default-image-position":"","trochee-vertical-menu":[],"trochee-background-video-image":[],"trochee-background-video-muted-id":"","trochee-background-video-sound-id":"","trochee-background-video-title":"","trochee-background-video-button-label":"","trochee-background-video-button-url":"","trochee-store-promotion-product-image":[],"trochee-store-promotion-product-button-label":"","trochee-store-promotion-product-button-url":"","trochee-store-promotion-product-title":"","trochee-store-promotion-product-title-url":"","trochee-store-promotion-product-description":"","trochee-store-promotion-product-cta-header":"","trochee-store-promotion-product-price":"","trochee-store-promotion-product-disclaimer":"","trochee-store-promotion-product-id":"","trochee-store-promotion-related-recipes-header":"","trochee-store-promotion-related-recipes":[],"trochee-featured-products-title":"","trochee-featured-products-description":"","trochee-featured-products":[],"trochee-meal-types-title":"","trochee-meal-types-button-label":"","trochee-meal-types-button-url":"","trochee-meal-types":[],"trochee-feat-recipe-product-image":[],"trochee-feat-recipe-product-description":"","trochee-feat-recipe-product-url":"","trochee-feat-recipe-header":"","trochee-feat-recipe-name":"","trochee-feat-recipe-url":"","trochee-feat-recipe-image":[],"trochee-feat-recipe-button-label":"","trochee-feat-recipe-button-url":"","trochee-promoted-product-image":[],"trochee-promoted-product-image-alt-text":"","trochee-promoted-product-header":"","trochee-promoted-product-description":"","trochee-promoted-product-cta-text":"","trochee-promoted-product-cta-url":"","trochee-promoted-product-cta-aria-label":"","trochee-promoted-product-related-recipes":[],"trochee-featured-articles-header":"","trochee-featured-articles-cta-label":"","trochee-featured-articles-cta-url":"","trochee-featured-articles-items":[],"trochee-ribbon-header":"","trochee-ribbon-description":"","trochee-ribbon-cta-label":"","trochee-ribbon-cta-url":"","block-01-portrait":[{"width":150,"height":150,"file":"2019\/07\/rafael-mendez.jpg","sizes":{"woocommerce_thumbnail":{"file":"rafael-mendez-227x225.jpg","width":227,"height":225,"mime-type":"image\/jpeg","uncropped":false,"url":"https:\/\/tropicalcheese.com\/wp-content\/uploads\/2019\/07\/rafael-mendez-227x225.jpg"},"woocommerce_gallery_thumbnail":{"file":"rafael-mendez-100x100.jpg","width":100,"height":100,"mime-type":"image\/jpeg","url":"https:\/\/tropicalcheese.com\/wp-content\/uploads\/2019\/07\/rafael-mendez-100x100.jpg"},"thumbnail":{"file":"rafael-mendez-150x150.jpg","width":150,"height":150,"mime-type":"image\/jpeg","url":"https:\/\/tropicalcheese.com\/wp-content\/uploads\/2019\/07\/rafael-mendez-150x150.jpg"},"wide":{"file":"rafael-mendez-227x270.jpg","width":227,"height":270,"mime-type":"image\/jpeg","url":"https:\/\/tropicalcheese.com\/wp-content\/uploads\/2019\/07\/rafael-mendez-227x270.jpg"}},"image_meta":{"aperture":"0","credit":"","camera":"","caption":"","created_timestamp":"0","copyright":"","focal_length":"0","iso":"0","shutter_speed":"0","title":"","orientation":"0","keywords":[]},"ID":"1922","name":"rafael-mendez.jpg","path":"\/home2\/pmendez\/public_html\/wp-content\/uploads\/2019\/07\/rafael-mendez.jpg","url":"https:\/\/tropicalcheese.com\/wp-content\/uploads\/2019\/07\/rafael-mendez-150x150.jpg","full_url":"https:\/\/tropicalcheese.com\/wp-content\/uploads\/2019\/07\/rafael-mendez.jpg","title":"rafael-mendez","caption":"","description":"","alt":"","srcset":false}],"block-01-background":[{"width":150,"height":150,"file":"2019\/09\/old-tropical-poster-cropped.jpg","sizes":{"woocommerce_thumbnail":{"file":"old-tropical-poster-cropped-300x225.jpg","width":300,"height":225,"mime-type":"image\/jpeg","uncropped":false,"url":"https:\/\/tropicalcheese.com\/wp-content\/uploads\/2019\/09\/old-tropical-poster-cropped-300x225.jpg"},"woocommerce_gallery_thumbnail":{"file":"old-tropical-poster-cropped-100x100.jpg","width":100,"height":100,"mime-type":"image\/jpeg","url":"https:\/\/tropicalcheese.com\/wp-content\/uploads\/2019\/09\/old-tropical-poster-cropped-100x100.jpg"},"woocommerce_single":{"file":"old-tropical-poster-cropped-600x352.jpg","width":600,"height":352,"mime-type":"image\/jpeg","url":"https:\/\/tropicalcheese.com\/wp-content\/uploads\/2019\/09\/old-tropical-poster-cropped-600x352.jpg"},"thumbnail":{"file":"old-tropical-poster-cropped-150x150.jpg","width":150,"height":150,"mime-type":"image\/jpeg","url":"https:\/\/tropicalcheese.com\/wp-content\/uploads\/2019\/09\/old-tropical-poster-cropped-150x150.jpg"},"square":{"file":"old-tropical-poster-cropped-480x480.jpg","width":480,"height":480,"mime-type":"image\/jpeg","url":"https:\/\/tropicalcheese.com\/wp-content\/uploads\/2019\/09\/old-tropical-poster-cropped-480x480.jpg"},"wide":{"file":"old-tropical-poster-cropped-480x270.jpg","width":480,"height":270,"mime-type":"image\/jpeg","url":"https:\/\/tropicalcheese.com\/wp-content\/uploads\/2019\/09\/old-tropical-poster-cropped-480x270.jpg"},"detail":{"file":"old-tropical-poster-cropped-820x820.jpg","width":820,"height":820,"mime-type":"image\/jpeg","url":"https:\/\/tropicalcheese.com\/wp-content\/uploads\/2019\/09\/old-tropical-poster-cropped-820x820.jpg"},"hero":{"file":"old-tropical-poster-cropped-1280x640.jpg","width":1280,"height":640,"mime-type":"image\/jpeg","url":"https:\/\/tropicalcheese.com\/wp-content\/uploads\/2019\/09\/old-tropical-poster-cropped-1280x640.jpg"}},"image_meta":{"aperture":"0","credit":"","camera":"","caption":"","created_timestamp":"0","copyright":"","focal_length":"0","iso":"0","shutter_speed":"0","title":"","orientation":"0","keywords":[]},"ID":"6941","name":"old-tropical-poster-cropped.jpg","path":"\/home2\/pmendez\/public_html\/wp-content\/uploads\/2019\/09\/old-tropical-poster-cropped.jpg","url":"https:\/\/tropicalcheese.com\/wp-content\/uploads\/2019\/09\/old-tropical-poster-cropped-150x150.jpg","full_url":"https:\/\/tropicalcheese.com\/wp-content\/uploads\/2019\/09\/old-tropical-poster-cropped.jpg","title":"old-tropical-poster-cropped","caption":"","description":"","alt":"","srcset":false}],"block-01-title":"Quienes Somos","block-01-text":"Queso Tropical comenz\u00f3 como un sue\u00f1o de Rafael Mendez.  Nacido en Las Villas, Cuba, Rafael es el m\u00e1s joven de siete hijos.  Su familia eran los due\u00f1os y administradores de una peque\u00f1a cafeter\u00eda en la isla, donde en su tiempo libre, ayudaba a su papa.  Por observar a su padre, desarrollo una buena \u00e9tica de trabajo y humildad.  Estas cualidades de demostrar\u00edan inestimables para alcanzar sus futuros logros.","block-01-overlay":"rgba(4,18,91,.8)","block-02-title":"Los comienzos","block-02-text":"A la edad de 17, armado con $50 y un fuerte deseo de tener \u00e9xito, sali\u00f3 de Cuba para los Estados Unidos.  Eventualmente se estableci\u00f3 en Perth Amboy, NJ en los a\u00f1os 1970, y empez\u00f3 a trabajar repartiendo leche.  En unos a\u00f1os, Mendez ya hab\u00eda establecido una ruta peque\u00f1a de repartir leche y con un solo cami\u00f3n usado, le dio servicio a la comunidad Hispana de la cuidad.  Nunca se imagino que esta comunidad iba a servir como la fundaci\u00f3n de Queso Tropical, y su propio sue\u00f1o Americano.","block-03-background":[{"width":150,"height":150,"file":"2019\/07\/shutterstock_554565883.jpg","sizes":{"woocommerce_thumbnail":{"file":"shutterstock_554565883-300x225.jpg","width":300,"height":225,"mime-type":"image\/jpeg","uncropped":false,"url":"https:\/\/tropicalcheese.com\/wp-content\/uploads\/2019\/07\/shutterstock_554565883-300x225.jpg"},"woocommerce_gallery_thumbnail":{"file":"shutterstock_554565883-100x100.jpg","width":100,"height":100,"mime-type":"image\/jpeg","url":"https:\/\/tropicalcheese.com\/wp-content\/uploads\/2019\/07\/shutterstock_554565883-100x100.jpg"},"woocommerce_single":{"file":"shutterstock_554565883-600x400.jpg","width":600,"height":400,"mime-type":"image\/jpeg","url":"https:\/\/tropicalcheese.com\/wp-content\/uploads\/2019\/07\/shutterstock_554565883-600x400.jpg"},"thumbnail":{"file":"shutterstock_554565883-150x150.jpg","width":150,"height":150,"mime-type":"image\/jpeg","url":"https:\/\/tropicalcheese.com\/wp-content\/uploads\/2019\/07\/shutterstock_554565883-150x150.jpg"},"square":{"file":"shutterstock_554565883-480x480.jpg","width":480,"height":480,"mime-type":"image\/jpeg","url":"https:\/\/tropicalcheese.com\/wp-content\/uploads\/2019\/07\/shutterstock_554565883-480x480.jpg"},"wide":{"file":"shutterstock_554565883-480x270.jpg","width":480,"height":270,"mime-type":"image\/jpeg","url":"https:\/\/tropicalcheese.com\/wp-content\/uploads\/2019\/07\/shutterstock_554565883-480x270.jpg"},"detail":{"file":"shutterstock_554565883-820x547.jpg","width":820,"height":547,"mime-type":"image\/jpeg","url":"https:\/\/tropicalcheese.com\/wp-content\/uploads\/2019\/07\/shutterstock_554565883-820x547.jpg"},"hero":{"file":"shutterstock_554565883-1280x640.jpg","width":1280,"height":640,"mime-type":"image\/jpeg","url":"https:\/\/tropicalcheese.com\/wp-content\/uploads\/2019\/07\/shutterstock_554565883-1280x640.jpg"}},"image_meta":{"aperture":"0","credit":"","camera":"","caption":"","created_timestamp":"0","copyright":"","focal_length":"0","iso":"0","shutter_speed":"0","title":"","orientation":"0","keywords":[]},"ID":"1926","name":"shutterstock_554565883.jpg","path":"\/home2\/pmendez\/public_html\/wp-content\/uploads\/2019\/07\/shutterstock_554565883.jpg","url":"https:\/\/tropicalcheese.com\/wp-content\/uploads\/2019\/07\/shutterstock_554565883-150x150.jpg","full_url":"https:\/\/tropicalcheese.com\/wp-content\/uploads\/2019\/07\/shutterstock_554565883.jpg","title":"shutterstock_554565883","caption":"","description":"","alt":"","srcset":false}],"block-03-title":"Establecido en 1982","block-03-text":"En 1982, Queso Tropical fue establecido en su oficina actual en Perth Amboy.  Al paso de los a\u00f1os, Tropical a crecido y se a expandido a otras ciudades y territorios nuevos incluyendo a Los Estados Unidos, el Caribe, Centro y Sur America, y Europa.  Hoy en d\u00eda, Tropical se siente orgulloso de ser uno de los l\u00edderes produciendo y distribuyendo productos l\u00e1cteos dirigidos a los Latinos en los Estados Unidos.","block-03-overlay":"rgba(251,174,43,1.0)","block-04-title":"Autentico e Hispano","block-04-text":"Despu\u00e9s 40 a\u00f1os, Tropical se mantiene como el queso favorito de muchas casas hispanas por nuestra autenticidad y nuestra atenci\u00f3n al detalle.  Nuestro estado de las instalaciones de fabricaci\u00f3n de \u00faltima generaci\u00f3n esta certificado por SQF Level 2 y HACCP.  Usamos los ingredientes naturales de m\u00e1s alta calidad y empleamos a queseros que han ganado mucho prestigio en la industria del queso y que han desarrollado su oficio por generaciones.  Nos enorgullecemos en hacer quesos frescos y otros productos l\u00e1cteos como los que nuestros consumidores disfrutaron en sus pa\u00edses nativos.  Hispanos de la primera, segunda, y tercera generaci\u00f3n en este pa\u00eds tambi\u00e9n escogen Tropical porque crecieron comiendo nuestros productos en sus casas.","block-05-background":[{"width":150,"height":150,"file":"2019\/07\/tropical-retouched.jpg","filesize":199540,"sizes":{"thumbnail":{"file":"tropical-retouched-150x150.jpg","width":150,"height":150,"mime-type":"image\/jpeg","url":"https:\/\/tropicalcheese.com\/wp-content\/uploads\/2019\/07\/tropical-retouched-150x150.jpg"},"square":{"file":"tropical-retouched-480x480.jpg","width":480,"height":480,"mime-type":"image\/jpeg","url":"https:\/\/tropicalcheese.com\/wp-content\/uploads\/2019\/07\/tropical-retouched-480x480.jpg"},"square_small":{"file":"tropical-retouched-200x200.jpg","width":200,"height":200,"mime-type":"image\/jpeg","filesize":14621,"url":"https:\/\/tropicalcheese.com\/wp-content\/uploads\/2019\/07\/tropical-retouched-200x200.jpg"},"wide":{"file":"tropical-retouched-480x270.jpg","width":480,"height":270,"mime-type":"image\/jpeg","url":"https:\/\/tropicalcheese.com\/wp-content\/uploads\/2019\/07\/tropical-retouched-480x270.jpg"},"wide_small":{"file":"tropical-retouched-300x170.jpg","width":300,"height":170,"mime-type":"image\/jpeg","filesize":18215,"url":"https:\/\/tropicalcheese.com\/wp-content\/uploads\/2019\/07\/tropical-retouched-300x170.jpg"},"detail":{"file":"tropical-retouched-820x820.jpg","width":820,"height":820,"mime-type":"image\/jpeg","url":"https:\/\/tropicalcheese.com\/wp-content\/uploads\/2019\/07\/tropical-retouched-820x820.jpg"},"instagram":{"file":"tropical-retouched-300x533.jpg","width":300,"height":533,"mime-type":"image\/jpeg","filesize":44046,"url":"https:\/\/tropicalcheese.com\/wp-content\/uploads\/2019\/07\/tropical-retouched-300x533.jpg"},"hero":{"file":"tropical-retouched-1280x640.jpg","width":1280,"height":640,"mime-type":"image\/jpeg","url":"https:\/\/tropicalcheese.com\/wp-content\/uploads\/2019\/07\/tropical-retouched-1280x640.jpg"},"woocommerce_thumbnail":{"file":"tropical-retouched-300x225.jpg","width":300,"height":225,"mime-type":"image\/jpeg","uncropped":false,"url":"https:\/\/tropicalcheese.com\/wp-content\/uploads\/2019\/07\/tropical-retouched-300x225.jpg"},"woocommerce_single":{"file":"tropical-retouched-600x363.jpg","width":600,"height":363,"mime-type":"image\/jpeg","url":"https:\/\/tropicalcheese.com\/wp-content\/uploads\/2019\/07\/tropical-retouched-600x363.jpg"},"woocommerce_gallery_thumbnail":{"file":"tropical-retouched-100x100.jpg","width":100,"height":100,"mime-type":"image\/jpeg","url":"https:\/\/tropicalcheese.com\/wp-content\/uploads\/2019\/07\/tropical-retouched-100x100.jpg"}},"image_meta":{"aperture":"0","credit":"","camera":"","caption":"","created_timestamp":"0","copyright":"ALEJANDRO RENTERIA","focal_length":"0","iso":"0","shutter_speed":"0","title":"","orientation":"0","keywords":[]},"ID":"2682","name":"tropical-retouched.jpg","path":"\/home2\/pmendez\/public_html\/wp-content\/uploads\/2019\/07\/tropical-retouched.jpg","url":"https:\/\/tropicalcheese.com\/wp-content\/uploads\/2019\/07\/tropical-retouched-150x150.jpg","full_url":"https:\/\/tropicalcheese.com\/wp-content\/uploads\/2019\/07\/tropical-retouched.jpg","title":"tropical-retouched","caption":"","description":"","alt":"","srcset":false}],"block-05-title":"El Futuro","block-05-text":"Mirando hacia el futuro, estamos emocionados por nuestro potencial para seguir creciendo y por las nuevas oportunidades que se nos ofrecen.  Continuaremos desarrollando nuevos productos con la calidad sin igual que es sin\u00f3nimo con el nombre Tropical.  Finalmente, Queso Tropical est\u00e1 orgulloso de continuar el legado de la familia Mendez de ofrecer el mejor servicio al cliente y el respeto para los valores de nuestro consumidor porque tambi\u00e9n son nuestros valores.","block-05-overlay":"rgba(4,18,91,.8)","block-06-title":"","block-06-text":"","vignette-image":[{"width":150,"height":150,"file":"2024\/03\/shutterstock-557232733-v2.png","filesize":1378193,"sizes":{"thumbnail":{"file":"shutterstock-557232733-v2-150x150.png","width":150,"height":150,"mime-type":"image\/png","filesize":45286,"url":"https:\/\/tropicalcheese.com\/wp-content\/uploads\/2024\/03\/shutterstock-557232733-v2-150x150.png"},"square":{"file":"shutterstock-557232733-v2-480x480.png","width":480,"height":480,"mime-type":"image\/png","filesize":370226,"url":"https:\/\/tropicalcheese.com\/wp-content\/uploads\/2024\/03\/shutterstock-557232733-v2-480x480.png"},"wide":{"file":"shutterstock-557232733-v2-480x270.png","width":480,"height":270,"mime-type":"image\/png","filesize":247457,"url":"https:\/\/tropicalcheese.com\/wp-content\/uploads\/2024\/03\/shutterstock-557232733-v2-480x270.png"},"detail":{"file":"shutterstock-557232733-v2-820x820.png","width":820,"height":820,"mime-type":"image\/png","filesize":954034,"url":"https:\/\/tropicalcheese.com\/wp-content\/uploads\/2024\/03\/shutterstock-557232733-v2-820x820.png"},"instagram":{"file":"shutterstock-557232733-v2-300x533.png","width":300,"height":533,"mime-type":"image\/png","filesize":297391,"url":"https:\/\/tropicalcheese.com\/wp-content\/uploads\/2024\/03\/shutterstock-557232733-v2-300x533.png"},"hero":{"file":"shutterstock-557232733-v2-861x640.png","width":861,"height":640,"mime-type":"image\/png","filesize":940946,"url":"https:\/\/tropicalcheese.com\/wp-content\/uploads\/2024\/03\/shutterstock-557232733-v2-861x640.png"},"woocommerce_thumbnail":{"file":"shutterstock-557232733-v2-300x225.png","width":300,"height":225,"mime-type":"image\/png","filesize":135830,"url":"https:\/\/tropicalcheese.com\/wp-content\/uploads\/2024\/03\/shutterstock-557232733-v2-300x225.png"},"woocommerce_single":{"file":"shutterstock-557232733-v2-600x598.png","width":600,"height":598,"mime-type":"image\/png","filesize":548153,"url":"https:\/\/tropicalcheese.com\/wp-content\/uploads\/2024\/03\/shutterstock-557232733-v2-600x598.png"},"woocommerce_gallery_thumbnail":{"file":"shutterstock-557232733-v2-100x100.png","width":100,"height":100,"mime-type":"image\/png","filesize":21750,"url":"https:\/\/tropicalcheese.com\/wp-content\/uploads\/2024\/03\/shutterstock-557232733-v2-100x100.png"}},"image_meta":{"aperture":"0","credit":"","camera":"","caption":"","created_timestamp":"0","copyright":"","focal_length":"0","iso":"0","shutter_speed":"0","title":"","orientation":"0","keywords":[]},"ID":"57193","name":"shutterstock-557232733-v2.png","path":"\/home2\/pmendez\/public_html\/wp-content\/uploads\/2024\/03\/shutterstock-557232733-v2.png","url":"https:\/\/tropicalcheese.com\/wp-content\/uploads\/2024\/03\/shutterstock-557232733-v2-150x150.png","full_url":"https:\/\/tropicalcheese.com\/wp-content\/uploads\/2024\/03\/shutterstock-557232733-v2.png","title":"shutterstock-557232733-v2","caption":"","description":"","alt":"","srcset":false}],"vignette-tagline":"\u00a1M\u00e1s Queso. M\u00e1s Amor!","award-products":[],"form-title":"","locations":[],"store-page-title":"","store-page-description":"","store-page-cta":"","store-page-button-label":"","trochee-hero-video-id":"","trochee-hero-video-background-color":"","post-html-title":"","post-intro":"","post-share-nav-pos":"","post-header-align":"","post-related-section":"1","post-related-section-header":"0","post-featured-status":"1","post-featured-title":"","post-featured-description":"","post-featured-cta":"","listing-type":"","listing-header":"","listing-items":[{"_state":"collapsed"}],"section-banner-switch":"0","section-banner-thumbnail":false,"section-banner-header":"","section-banner-description":"","section-banner-url":"","section-banner-background-color":"","section-banner-text-color":"fc-black","section-banner-margin-top":"mt-none","section-banner-margin-bottom":"mb-none"},"_links":{"self":[{"href":"https:\/\/tropicalcheese.com\/es\/wp-json\/wp\/v2\/pages\/1929","targetHints":{"allow":["GET"]}}],"collection":[{"href":"https:\/\/tropicalcheese.com\/es\/wp-json\/wp\/v2\/pages"}],"about":[{"href":"https:\/\/tropicalcheese.com\/es\/wp-json\/wp\/v2\/types\/page"}],"author":[{"embeddable":true,"href":"https:\/\/tropicalcheese.com\/es\/wp-json\/wp\/v2\/users\/1"}],"replies":[{"embeddable":true,"href":"https:\/\/tropicalcheese.com\/es\/wp-json\/wp\/v2\/comments?post=1929"}],"version-history":[{"count":6,"href":"https:\/\/tropicalcheese.com\/es\/wp-json\/wp\/v2\/pages\/1929\/revisions"}],"predecessor-version":[{"id":133146,"href":"https:\/\/tropicalcheese.com\/es\/wp-json\/wp\/v2\/pages\/1929\/revisions\/133146"}],"wp:attachment":[{"href":"https:\/\/tropicalcheese.com\/es\/wp-json\/wp\/v2\/media?parent=1929"}],"curies":[{"name":"wp","href":"https:\/\/api.w.org\/{rel}","templated":true}]}}