{"id":1938,"date":"2019-07-07T19:25:26","date_gmt":"2019-07-07T18:25:26","guid":{"rendered":"https:\/\/tropicalcheese.com?page_id=1938"},"modified":"2025-07-17T10:43:40","modified_gmt":"2025-07-17T14:43:40","slug":"contacto","status":"publish","type":"page","link":"https:\/\/tropicalcheese.com\/es\/contacto","title":{"rendered":"Contacto"},"content":{"rendered":"\n<div class=\"wpcf7 no-js\" id=\"wpcf7-f125174-o1\" lang=\"en-US\" dir=\"ltr\" data-wpcf7-id=\"125174\">\n<div class=\"screen-reader-response\"><p role=\"status\" aria-live=\"polite\" aria-atomic=\"true\"><\/p> <ul><\/ul><\/div>\n<form action=\"\/es\/wp-json\/wp\/v2\/pages\/1938#wpcf7-f125174-o1\" method=\"post\" class=\"wpcf7-form init\" aria-label=\"Contact form\" novalidate=\"novalidate\" data-status=\"init\">\n<fieldset class=\"hidden-fields-container\"><input type=\"hidden\" name=\"_wpcf7\" value=\"125174\" \/><input type=\"hidden\" name=\"_wpcf7_version\" value=\"6.1.5\" \/><input type=\"hidden\" name=\"_wpcf7_locale\" value=\"en_US\" \/><input type=\"hidden\" name=\"_wpcf7_unit_tag\" value=\"wpcf7-f125174-o1\" \/><input type=\"hidden\" name=\"_wpcf7_container_post\" value=\"0\" \/><input type=\"hidden\" name=\"_wpcf7_posted_data_hash\" value=\"\" \/><input type=\"hidden\" name=\"_wpcf7_recaptcha_response\" value=\"\" \/>\n<\/fieldset>\n<div class=\"col-md-4\">\n\t<p><label for=\"your-topic\" class=\"visually-hidden\">Seleccione Asunto<\/label><span class=\"wpcf7-form-control-wrap\" data-name=\"your-topic\"><select class=\"wpcf7-form-control wpcf7-select wpcf7-validates-as-required select-css\" id=\"your-topic\" aria-required=\"true\" aria-invalid=\"false\" name=\"your-topic\"><option value=\"\">Seleccione Asunto*<\/option><option value=\"Informaci\u00f3n de productos\">Informaci\u00f3n de productos<\/option><option value=\"Pedidos en l\u00ednea\">Pedidos en l\u00ednea<\/option><option value=\"Problemas de calidad\">Problemas de calidad<\/option><option value=\"Solicitud de cuenta nueva\">Solicitud de cuenta nueva<\/option><option value=\"Otro asunto\">Otro asunto<\/option><\/select><\/span><br \/>\n<label for=\"your-state\" class=\"visually-hidden\">Seleccione Estado<\/label><span class=\"wpcf7-form-control-wrap\" data-name=\"your-state\"><select class=\"wpcf7-form-control wpcf7-select wpcf7-validates-as-required select-css\" id=\"your-state\" aria-required=\"true\" aria-invalid=\"false\" name=\"your-state\"><option value=\"\">Seleccione Estado*<\/option><option value=\"Alabama\">Alabama<\/option><option value=\"Alaska\">Alaska<\/option><option value=\"Arizona\">Arizona<\/option><option value=\"Arkansas\">Arkansas<\/option><option value=\"California\">California<\/option><option value=\"Colorado\">Colorado<\/option><option value=\"Connecticut\">Connecticut<\/option><option value=\"Delaware\">Delaware<\/option><option value=\"Florida\">Florida<\/option><option value=\"Georgia\">Georgia<\/option><option value=\"Hawaii\">Hawaii<\/option><option value=\"Idaho\">Idaho<\/option><option value=\"Illinois\">Illinois<\/option><option value=\"Indiana\">Indiana<\/option><option value=\"Iowa\">Iowa<\/option><option value=\"Kansas\">Kansas<\/option><option value=\"Kentucky\">Kentucky<\/option><option value=\"Louisiana\">Louisiana<\/option><option value=\"Maine\">Maine<\/option><option value=\"Maryland\">Maryland<\/option><option value=\"Massachusetts\">Massachusetts<\/option><option value=\"Michigan\">Michigan<\/option><option value=\"Minnesota\">Minnesota<\/option><option value=\"Mississippi\">Mississippi<\/option><option value=\"Missouri\">Missouri<\/option><option value=\"Montana\">Montana<\/option><option value=\"Nebraska\">Nebraska<\/option><option value=\"Nevada\">Nevada<\/option><option value=\"New Hampshire\">New Hampshire<\/option><option value=\"New Jersey\">New Jersey<\/option><option value=\"New Mexico\">New Mexico<\/option><option value=\"New York\">New York<\/option><option value=\"North Carolina\">North Carolina<\/option><option value=\"North Dakota\">North Dakota<\/option><option value=\"Ohio\">Ohio<\/option><option value=\"Oklahoma\">Oklahoma<\/option><option value=\"Oregon\">Oregon<\/option><option value=\"Pennsylvania\">Pennsylvania<\/option><option value=\"Rhode Island\">Rhode Island<\/option><option value=\"South Carolina\">South Carolina<\/option><option value=\"South Dakota\">South Dakota<\/option><option value=\"Tennessee\">Tennessee<\/option><option value=\"Texas\">Texas<\/option><option value=\"Utah\">Utah<\/option><option value=\"Vermont\">Vermont<\/option><option value=\"Virginia\">Virginia<\/option><option value=\"Washington\">Washington<\/option><option value=\"Washington DC\">Washington DC<\/option><option value=\"West Virginia\">West Virginia<\/option><option value=\"Wisconsin\">Wisconsin<\/option><option value=\"Wyoming\">Wyoming<\/option><option value=\"Otros Territorios de USA\">Otros Territorios de USA<\/option><option value=\"Otro\">Otro<\/option><\/select><\/span><br \/>\n<label for=\"your-city\" class=\"visually-hidden\">Ciudad<\/label><span class=\"wpcf7-form-control-wrap\" data-name=\"your-city\"><input size=\"40\" maxlength=\"400\" class=\"wpcf7-form-control wpcf7-text\" id=\"your-city\" aria-invalid=\"false\" placeholder=\"Ingresar Ciudad\" value=\"\" type=\"text\" name=\"your-city\" \/><\/span><br \/>\n<label for=\"your-name\" class=\"visually-hidden\">Nombre<\/label><span class=\"wpcf7-form-control-wrap\" data-name=\"your-name\"><input size=\"40\" maxlength=\"400\" class=\"wpcf7-form-control wpcf7-text wpcf7-validates-as-required\" id=\"your-name\" aria-required=\"true\" aria-invalid=\"false\" placeholder=\"Ingresar Nombre*\" value=\"\" type=\"text\" name=\"your-name\" \/><\/span><br \/>\n<label for=\"your-email\" class=\"visually-hidden\">Email<\/label><span class=\"wpcf7-form-control-wrap\" data-name=\"your-email\"><input size=\"40\" maxlength=\"400\" class=\"wpcf7-form-control wpcf7-email wpcf7-validates-as-required wpcf7-text wpcf7-validates-as-email\" id=\"your-email\" aria-required=\"true\" aria-invalid=\"false\" placeholder=\"Ingresar Correo Electr\u00f3nico*\" value=\"\" type=\"email\" name=\"your-email\" \/><\/span><br \/>\n<label for=\"your-phone\" class=\"visually-hidden\">Tel\u00e9fono<\/label><span class=\"wpcf7-form-control-wrap\" data-name=\"your-phone\"><input size=\"40\" maxlength=\"400\" class=\"wpcf7-form-control wpcf7-tel wpcf7-validates-as-required wpcf7-text wpcf7-validates-as-tel\" id=\"your-phone\" aria-required=\"true\" aria-invalid=\"false\" placeholder=\"Ingresar Tel\u00e9fono*\" value=\"\" type=\"tel\" name=\"your-phone\" \/><\/span>\n\t<\/p>\n<\/div>\n<div class=\"col-md-8\">\n\t<p><label for=\"your-message\" class=\"visually-hidden\">Mensaje<\/label><span class=\"wpcf7-form-control-wrap\" data-name=\"your-message\"><textarea cols=\"40\" rows=\"11\" maxlength=\"2000\" class=\"wpcf7-form-control wpcf7-textarea wpcf7-validates-as-required\" id=\"your-message\" aria-required=\"true\" aria-invalid=\"false\" placeholder=\"Ingresar Mensaje*\" name=\"your-message\"><\/textarea><\/span>\n\t<\/p>\n\t<fieldset>\n\t\t<legend>Dirigir mensaje a las oficinas localizadas en:\n\t\t<\/legend>\n\t\t<p><span class=\"wpcf7-form-control-wrap\" data-name=\"locations\"><span class=\"wpcf7-form-control wpcf7-radio\" id=\"locations\"><span class=\"wpcf7-list-item first\"><label><input type=\"radio\" name=\"locations\" value=\"New Jersey\" checked=\"checked\" \/><span class=\"wpcf7-list-item-label\">New Jersey<\/span><\/label><\/span><span class=\"wpcf7-list-item\"><label><input type=\"radio\" name=\"locations\" value=\"Miami\" \/><span class=\"wpcf7-list-item-label\">Miami<\/span><\/label><\/span><span class=\"wpcf7-list-item last\"><label><input type=\"radio\" name=\"locations\" value=\"Kissimmee\" \/><span class=\"wpcf7-list-item-label\">Kissimmee<\/span><\/label><\/span><\/span><\/span>\n\t\t<\/p>\n\t<\/fieldset>\n<\/div>\n<div class=\"col-md-12\">\n\t<p><input class=\"wpcf7-form-control wpcf7-submit has-spinner\" type=\"submit\" value=\"Enviar\" \/>\n\t<\/p>\n<\/div><p style=\"display: none !important;\" class=\"akismet-fields-container\" data-prefix=\"_wpcf7_ak_\"><label>&#916;<textarea name=\"_wpcf7_ak_hp_textarea\" cols=\"45\" rows=\"8\" maxlength=\"100\"><\/textarea><\/label><input type=\"hidden\" id=\"ak_js_1\" name=\"_wpcf7_ak_js\" value=\"217\"\/><script>document.getElementById( \"ak_js_1\" ).setAttribute( \"value\", ( new Date() ).getTime() );<\/script><\/p><div class=\"wpcf7-response-output\" aria-hidden=\"true\"><\/div>\n<\/form>\n<\/div>\n\n\n\n\n<p><\/p>\n","protected":false},"excerpt":{"rendered":"<p>\u00bfTienes preguntas o comentarios? Cont\u00e1ctanos a trav\u00e9s de nuestra p\u00e1gina de contacto. Estamos aqu\u00ed para ayudarte y esperamos escuchar de ti. \u00a1Tu opini\u00f3n es importante para nosotros!<\/p>\n","protected":false},"author":1,"featured_media":0,"parent":0,"menu_order":0,"comment_status":"closed","ping_status":"closed","template":"template-contact.php","meta":{"footnotes":""},"class_list":["post-1938","page","type-page","status-publish","hentry","entry"],"yoast_head":"<!-- This site is optimized with the Yoast SEO plugin v27.1.1 - https:\/\/yoast.com\/product\/yoast-seo-wordpress\/ -->\n<title>Contacto - Tropical Cheese<\/title>\n<meta name=\"description\" content=\"\u00bfTienes preguntas o comentarios? Cont\u00e1ctanos a trav\u00e9s de nuestra p\u00e1gina de contacto. Estamos aqu\u00ed para ayudarte y esperamos escuchar de ti. \u00a1Tu opini\u00f3n es importante para nosotros!\" \/>\n<meta name=\"robots\" content=\"index, follow, max-snippet:-1, max-image-preview:large, max-video-preview:-1\" \/>\n<link rel=\"canonical\" href=\"https:\/\/tropicalcheese.com\/es\/contacto\" \/>\n<meta property=\"og:locale\" content=\"es_ES\" \/>\n<meta property=\"og:type\" content=\"article\" \/>\n<meta property=\"og:title\" content=\"Contacto - Tropical Cheese\" \/>\n<meta property=\"og:description\" content=\"\u00bfTienes preguntas o comentarios? Cont\u00e1ctanos a trav\u00e9s de nuestra p\u00e1gina de contacto. Estamos aqu\u00ed para ayudarte y esperamos escuchar de ti. \u00a1Tu opini\u00f3n es importante para nosotros!\" \/>\n<meta property=\"og:url\" content=\"https:\/\/tropicalcheese.com\/es\/contacto\" \/>\n<meta property=\"og:site_name\" content=\"Tropical Cheese\" \/>\n<meta property=\"article:publisher\" content=\"https:\/\/www.facebook.com\/TropicalCheeseInd\" \/>\n<meta property=\"article:modified_time\" content=\"2025-07-17T14:43:40+00:00\" \/>\n<meta name=\"twitter:card\" content=\"summary_large_image\" \/>\n<meta name=\"twitter:site\" content=\"@tropicalcheese\" \/>\n<meta name=\"twitter:label1\" content=\"Tiempo de lectura\" \/>\n\t<meta name=\"twitter:data1\" content=\"1 minuto\" \/>\n<script type=\"application\/ld+json\" class=\"yoast-schema-graph\">{\"@context\":\"https:\/\/schema.org\",\"@graph\":[{\"@type\":\"WebPage\",\"@id\":\"https:\/\/tropicalcheese.com\/es\/contacto\",\"url\":\"https:\/\/tropicalcheese.com\/es\/contacto\",\"name\":\"Contacto - Tropical Cheese\",\"isPartOf\":{\"@id\":\"https:\/\/tropicalcheese.com\/es#website\"},\"datePublished\":\"2019-07-07T18:25:26+00:00\",\"dateModified\":\"2025-07-17T14:43:40+00:00\",\"description\":\"\u00bfTienes preguntas o comentarios? Cont\u00e1ctanos a trav\u00e9s de nuestra p\u00e1gina de contacto. Estamos aqu\u00ed para ayudarte y esperamos escuchar de ti. \u00a1Tu opini\u00f3n es importante para nosotros!\",\"breadcrumb\":{\"@id\":\"https:\/\/tropicalcheese.com\/es\/contacto#breadcrumb\"},\"inLanguage\":\"es\",\"potentialAction\":[{\"@type\":\"ReadAction\",\"target\":[\"https:\/\/tropicalcheese.com\/es\/contacto\"]}]},{\"@type\":\"BreadcrumbList\",\"@id\":\"https:\/\/tropicalcheese.com\/es\/contacto#breadcrumb\",\"itemListElement\":[{\"@type\":\"ListItem\",\"position\":1,\"name\":\"Home\",\"item\":\"https:\/\/tropicalcheese.com\/es\"},{\"@type\":\"ListItem\",\"position\":2,\"name\":\"Contacto\"}]},{\"@type\":\"WebSite\",\"@id\":\"https:\/\/tropicalcheese.com\/es#website\",\"url\":\"https:\/\/tropicalcheese.com\/es\",\"name\":\"Tropical Cheese\",\"description\":\"\",\"publisher\":{\"@id\":\"https:\/\/tropicalcheese.com\/es#organization\"},\"potentialAction\":[{\"@type\":\"SearchAction\",\"target\":{\"@type\":\"EntryPoint\",\"urlTemplate\":\"https:\/\/tropicalcheese.com\/es?s={search_term_string}\"},\"query-input\":{\"@type\":\"PropertyValueSpecification\",\"valueRequired\":true,\"valueName\":\"search_term_string\"}}],\"inLanguage\":\"es\"},{\"@type\":\"Organization\",\"@id\":\"https:\/\/tropicalcheese.com\/es#organization\",\"name\":\"Tropical Cheese\",\"url\":\"https:\/\/tropicalcheese.com\/es\",\"logo\":{\"@type\":\"ImageObject\",\"inLanguage\":\"es\",\"@id\":\"https:\/\/tropicalcheese.com\/es#\/schema\/logo\/image\/\",\"url\":\"https:\/\/tropicalcheese.com\/wp-content\/uploads\/2019\/06\/tropical-cheese-logo.jpg\",\"contentUrl\":\"https:\/\/tropicalcheese.com\/wp-content\/uploads\/2019\/06\/tropical-cheese-logo.jpg\",\"width\":800,\"height\":400,\"caption\":\"Tropical Cheese\"},\"image\":{\"@id\":\"https:\/\/tropicalcheese.com\/es#\/schema\/logo\/image\/\"},\"sameAs\":[\"https:\/\/www.facebook.com\/TropicalCheeseInd\",\"https:\/\/x.com\/tropicalcheese\",\"http:\/\/instagram.com\/tropicalcheese\",\"https:\/\/www.youtube.com\/user\/TropicalCheeseInd\"]}]}<\/script>\n<!-- \/ Yoast SEO plugin. -->","yoast_head_json":{"title":"Contacto - Tropical Cheese","description":"\u00bfTienes preguntas o comentarios? Cont\u00e1ctanos a trav\u00e9s de nuestra p\u00e1gina de contacto. Estamos aqu\u00ed para ayudarte y esperamos escuchar de ti. \u00a1Tu opini\u00f3n es importante para nosotros!","robots":{"index":"index","follow":"follow","max-snippet":"max-snippet:-1","max-image-preview":"max-image-preview:large","max-video-preview":"max-video-preview:-1"},"canonical":"https:\/\/tropicalcheese.com\/es\/contacto","og_locale":"es_ES","og_type":"article","og_title":"Contacto - Tropical Cheese","og_description":"\u00bfTienes preguntas o comentarios? Cont\u00e1ctanos a trav\u00e9s de nuestra p\u00e1gina de contacto. Estamos aqu\u00ed para ayudarte y esperamos escuchar de ti. \u00a1Tu opini\u00f3n es importante para nosotros!","og_url":"https:\/\/tropicalcheese.com\/es\/contacto","og_site_name":"Tropical Cheese","article_publisher":"https:\/\/www.facebook.com\/TropicalCheeseInd","article_modified_time":"2025-07-17T14:43:40+00:00","twitter_card":"summary_large_image","twitter_site":"@tropicalcheese","twitter_misc":{"Tiempo de lectura":"1 minuto"},"schema":{"@context":"https:\/\/schema.org","@graph":[{"@type":"WebPage","@id":"https:\/\/tropicalcheese.com\/es\/contacto","url":"https:\/\/tropicalcheese.com\/es\/contacto","name":"Contacto - Tropical Cheese","isPartOf":{"@id":"https:\/\/tropicalcheese.com\/es#website"},"datePublished":"2019-07-07T18:25:26+00:00","dateModified":"2025-07-17T14:43:40+00:00","description":"\u00bfTienes preguntas o comentarios? Cont\u00e1ctanos a trav\u00e9s de nuestra p\u00e1gina de contacto. Estamos aqu\u00ed para ayudarte y esperamos escuchar de ti. \u00a1Tu opini\u00f3n es importante para nosotros!","breadcrumb":{"@id":"https:\/\/tropicalcheese.com\/es\/contacto#breadcrumb"},"inLanguage":"es","potentialAction":[{"@type":"ReadAction","target":["https:\/\/tropicalcheese.com\/es\/contacto"]}]},{"@type":"BreadcrumbList","@id":"https:\/\/tropicalcheese.com\/es\/contacto#breadcrumb","itemListElement":[{"@type":"ListItem","position":1,"name":"Home","item":"https:\/\/tropicalcheese.com\/es"},{"@type":"ListItem","position":2,"name":"Contacto"}]},{"@type":"WebSite","@id":"https:\/\/tropicalcheese.com\/es#website","url":"https:\/\/tropicalcheese.com\/es","name":"Tropical Cheese","description":"","publisher":{"@id":"https:\/\/tropicalcheese.com\/es#organization"},"potentialAction":[{"@type":"SearchAction","target":{"@type":"EntryPoint","urlTemplate":"https:\/\/tropicalcheese.com\/es?s={search_term_string}"},"query-input":{"@type":"PropertyValueSpecification","valueRequired":true,"valueName":"search_term_string"}}],"inLanguage":"es"},{"@type":"Organization","@id":"https:\/\/tropicalcheese.com\/es#organization","name":"Tropical Cheese","url":"https:\/\/tropicalcheese.com\/es","logo":{"@type":"ImageObject","inLanguage":"es","@id":"https:\/\/tropicalcheese.com\/es#\/schema\/logo\/image\/","url":"https:\/\/tropicalcheese.com\/wp-content\/uploads\/2019\/06\/tropical-cheese-logo.jpg","contentUrl":"https:\/\/tropicalcheese.com\/wp-content\/uploads\/2019\/06\/tropical-cheese-logo.jpg","width":800,"height":400,"caption":"Tropical Cheese"},"image":{"@id":"https:\/\/tropicalcheese.com\/es#\/schema\/logo\/image\/"},"sameAs":["https:\/\/www.facebook.com\/TropicalCheeseInd","https:\/\/x.com\/tropicalcheese","http:\/\/instagram.com\/tropicalcheese","https:\/\/www.youtube.com\/user\/TropicalCheeseInd"]}]}},"meta_box":{"trochee-menu-item-default-image":[],"trochee-menu-item-default-image-position":"","trochee-vertical-menu":[],"trochee-background-video-image":[],"trochee-background-video-muted-id":"","trochee-background-video-sound-id":"","trochee-background-video-title":"","trochee-background-video-button-label":"","trochee-background-video-button-url":"","trochee-store-promotion-product-image":[],"trochee-store-promotion-product-button-label":"","trochee-store-promotion-product-button-url":"","trochee-store-promotion-product-title":"","trochee-store-promotion-product-title-url":"","trochee-store-promotion-product-description":"","trochee-store-promotion-product-cta-header":"","trochee-store-promotion-product-price":"","trochee-store-promotion-product-disclaimer":"","trochee-store-promotion-product-id":"","trochee-store-promotion-related-recipes-header":"","trochee-store-promotion-related-recipes":[],"trochee-featured-products-title":"","trochee-featured-products-description":"","trochee-featured-products":[],"trochee-meal-types-title":"","trochee-meal-types-button-label":"","trochee-meal-types-button-url":"","trochee-meal-types":[],"trochee-feat-recipe-product-image":[],"trochee-feat-recipe-product-description":"","trochee-feat-recipe-product-url":"","trochee-feat-recipe-header":"","trochee-feat-recipe-name":"","trochee-feat-recipe-url":"","trochee-feat-recipe-image":[],"trochee-feat-recipe-button-label":"","trochee-feat-recipe-button-url":"","trochee-promoted-product-image":[],"trochee-promoted-product-image-alt-text":"","trochee-promoted-product-header":"","trochee-promoted-product-description":"","trochee-promoted-product-cta-text":"","trochee-promoted-product-cta-url":"","trochee-promoted-product-cta-aria-label":"","trochee-promoted-product-related-recipes":[],"trochee-featured-articles-header":"","trochee-featured-articles-cta-label":"","trochee-featured-articles-cta-url":"","trochee-featured-articles-items":[],"trochee-ribbon-header":"","trochee-ribbon-description":"","trochee-ribbon-cta-label":"","trochee-ribbon-cta-url":"","block-01-portrait":[],"block-01-background":[],"block-01-title":"","block-01-text":"","block-01-overlay":"","block-02-title":"","block-02-text":"","block-03-background":[],"block-03-title":"","block-03-text":"","block-03-overlay":"","block-04-title":"","block-04-text":"","block-05-background":[],"block-05-title":"","block-05-text":"","block-05-overlay":"","block-06-title":"","block-06-text":"","vignette-image":[],"vignette-tagline":"","award-products":[],"form-title":"Env\u00edanos un mensaje","locations":[{"location-city":"Perth Amboy","location-name":" Oficina Corporativa","location-address":"452 Fayette St. <br>Perth Amboy, NJ 08861","location-phone":"+1 (732) 442-4898"},{"location-city":"Miami","location-name":"Centro de Distribuci\u00f3n","location-address":"7225 NW 44th St. <br>Miami, FL 33166","location-phone":"(305) 715-7240"},{"location-city":"Kissimmee","location-name":"Centro de Distribuci\u00f3n","location-address":"840 N Hoagland Blvd. <br>Kissimmee, FL 34741","location-phone":"(407) 846-0968"},{"location-city":"Massachusetts","location-name":"Centro de Distribuci\u00f3n","location-address":"76 Webster Place, <br>Worcester, MA 01603","location-phone":"+1 (732) 442-4898"}],"store-page-title":"","store-page-description":"","store-page-cta":"","store-page-button-label":"","trochee-hero-video-id":"","trochee-hero-video-background-color":"","post-html-title":"","post-intro":"","post-share-nav-pos":"","post-header-align":"","post-related-section":"1","post-related-section-header":"0","post-featured-status":"1","post-featured-title":"","post-featured-description":"","post-featured-cta":"","listing-type":"","listing-header":"","listing-items":[{"_state":"collapsed"}],"section-banner-switch":"0","section-banner-thumbnail":false,"section-banner-header":"","section-banner-description":"","section-banner-url":"","section-banner-background-color":"","section-banner-text-color":"fc-black","section-banner-margin-top":"mt-none","section-banner-margin-bottom":"mb-none"},"_links":{"self":[{"href":"https:\/\/tropicalcheese.com\/es\/wp-json\/wp\/v2\/pages\/1938","targetHints":{"allow":["GET"]}}],"collection":[{"href":"https:\/\/tropicalcheese.com\/es\/wp-json\/wp\/v2\/pages"}],"about":[{"href":"https:\/\/tropicalcheese.com\/es\/wp-json\/wp\/v2\/types\/page"}],"author":[{"embeddable":true,"href":"https:\/\/tropicalcheese.com\/es\/wp-json\/wp\/v2\/users\/1"}],"replies":[{"embeddable":true,"href":"https:\/\/tropicalcheese.com\/es\/wp-json\/wp\/v2\/comments?post=1938"}],"version-history":[{"count":12,"href":"https:\/\/tropicalcheese.com\/es\/wp-json\/wp\/v2\/pages\/1938\/revisions"}],"predecessor-version":[{"id":125175,"href":"https:\/\/tropicalcheese.com\/es\/wp-json\/wp\/v2\/pages\/1938\/revisions\/125175"}],"wp:attachment":[{"href":"https:\/\/tropicalcheese.com\/es\/wp-json\/wp\/v2\/media?parent=1938"}],"curies":[{"name":"wp","href":"https:\/\/api.w.org\/{rel}","templated":true}]}}