{"id":1960,"date":"2019-07-08T02:26:26","date_gmt":"2019-07-08T01:26:26","guid":{"rendered":"https:\/\/tropicalcheese.com?page_id=1960"},"modified":"2025-01-06T12:48:00","modified_gmt":"2025-01-06T17:48:00","slug":"preguntas-frecuentes","status":"publish","type":"page","link":"https:\/\/tropicalcheese.com\/es\/preguntas-frecuentes","title":{"rendered":"Preguntas Frecuentes"},"content":{"rendered":"\n<ul class=\"wp-block-list\"><li><strong>\u00bfQu\u00e9 tipo de cuajo utilizamos en nuestros productos?<\/strong><br>La gran mayor\u00eda de nuestros productos usan cuajo de origen exclusivamente vegetal. Se deriva de la fermentaci\u00f3n de cultivo puro de enzimas vegetales. Sin embargo, nuestros postres de gelatina contienen cuajo NO de origen vegetal.<\/li><li><strong>\u00bfEnviamos productos a las casas?<\/strong><br>Podemos enviar productos directamente a su hogar. Env\u00ede un correo electr\u00f3nico a\u00a0<a href=\"mailto:tc_sales@tropicalcheese.com\">tc_sales@tropicalcheese.com\u00a0<\/a>para obtener m\u00e1s informaci\u00f3n..<\/li><li><strong>\u00bfPueden congelarse nuestros quesos?<\/strong><br>No recomendamos congelar nuestros quesos.<\/li><li><strong>\u00bfNuestros productos son sin gluten?<\/strong><br>Todos nuestros productos son sin gluten, a excepci\u00f3n de nuestra harina y tortillas mexicanas integrales.<\/li><li><strong>\u00bfTropical Cheese ofrece cupones?<\/strong><br>No ofrecemos cupones, ya que no forman parte de nuestra estrategia promocional.<\/li><li><strong>\u00bfNuestros productos est\u00e1n certificados con Kosher?<\/strong><br>Actualmente nuestros productos no tienen certificaci\u00f3n kosher.<\/li><li><strong>\u00bfNuestros productos tienen certificaci\u00f3n Halal?<\/strong><br>Actualmente nuestros productos no tienen certificaci\u00f3n Halal.<\/li><li><strong>\u00bfNuestros productos est\u00e1n libres de soja?<\/strong><br>Muchos de nuestros quesos contienen soja. Si tiene alguna pregunta sobre un producto espec\u00edfico, env\u00ede un correo electr\u00f3nico a <a href=\"mailto:tc_sales@tropicalcheese.com\">tc_sales@tropicalcheese.com\u00a0<\/a>para obtener m\u00e1s informaci\u00f3n.<\/li><li><strong>\u00bfUtiliza leche libre de hormonas en la fabricaci\u00f3n de sus productos?<\/strong><br>S\u00ed. Todos los quesos, yogures bebibles y cremas frescas que fabricamos est\u00e1n hechos con leche descremada.<\/li><li><strong>\u00bfNuestros productos est\u00e1n aprobados por WIC?<\/strong><br>Cada estado tiene diferentes pautas de WIC a las que se adhieren. Recomendamos verificar el programa WIC de su estado respectivo.<\/li><li><strong>\u00bfCu\u00e1l es el procedimiento de almacenamiento adecuado para nuestros productos?<\/strong><br>Al abrir uno de nuestros productos, recomendamos guardarlos en un recipiente herm\u00e9tico o que se pueda volver a sellar. Nuestros quesos est\u00e1n en su mejor momento cuando se consumen dentro de una semana de la apertura.<\/li><\/ul>\n","protected":false},"excerpt":{"rendered":"<p>Encuentra respuestas a las preguntas m\u00e1s comunes sobre los productos de Tropical Cheese, incluyendo uso, almacenamiento y m\u00e1s.<\/p>\n","protected":false},"author":1,"featured_media":0,"parent":0,"menu_order":0,"comment_status":"closed","ping_status":"closed","template":"template-plain.php","meta":{"footnotes":""},"class_list":["post-1960","page","type-page","status-publish","hentry","entry"],"yoast_head":"<!-- This site is optimized with the Yoast SEO plugin v27.1.1 - https:\/\/yoast.com\/product\/yoast-seo-wordpress\/ -->\n<title>Preguntas Frecuentes - Tropical Cheese<\/title>\n<meta name=\"description\" content=\"Encuentra respuestas a las preguntas m\u00e1s comunes sobre los productos de Tropical Cheese, incluyendo uso, almacenamiento y m\u00e1s.\" \/>\n<meta name=\"robots\" content=\"index, follow, max-snippet:-1, max-image-preview:large, max-video-preview:-1\" \/>\n<link rel=\"canonical\" href=\"https:\/\/tropicalcheese.com\/es\/preguntas-frecuentes\" \/>\n<meta property=\"og:locale\" content=\"es_ES\" \/>\n<meta property=\"og:type\" content=\"article\" \/>\n<meta property=\"og:title\" content=\"Preguntas Frecuentes - Tropical Cheese\" \/>\n<meta property=\"og:description\" content=\"Encuentra respuestas a las preguntas m\u00e1s comunes sobre los productos de Tropical Cheese, incluyendo uso, almacenamiento y m\u00e1s.\" \/>\n<meta property=\"og:url\" content=\"https:\/\/tropicalcheese.com\/es\/preguntas-frecuentes\" \/>\n<meta property=\"og:site_name\" content=\"Tropical Cheese\" \/>\n<meta property=\"article:publisher\" content=\"https:\/\/www.facebook.com\/TropicalCheeseInd\" \/>\n<meta property=\"article:modified_time\" content=\"2025-01-06T17:48:00+00:00\" \/>\n<meta name=\"twitter:card\" content=\"summary_large_image\" \/>\n<meta name=\"twitter:site\" content=\"@tropicalcheese\" \/>\n<meta name=\"twitter:label1\" content=\"Tiempo de lectura\" \/>\n\t<meta name=\"twitter:data1\" content=\"2 minutos\" \/>\n<script type=\"application\/ld+json\" class=\"yoast-schema-graph\">{\"@context\":\"https:\/\/schema.org\",\"@graph\":[{\"@type\":\"WebPage\",\"@id\":\"https:\/\/tropicalcheese.com\/es\/preguntas-frecuentes\",\"url\":\"https:\/\/tropicalcheese.com\/es\/preguntas-frecuentes\",\"name\":\"Preguntas Frecuentes - Tropical Cheese\",\"isPartOf\":{\"@id\":\"https:\/\/tropicalcheese.com\/es#website\"},\"datePublished\":\"2019-07-08T01:26:26+00:00\",\"dateModified\":\"2025-01-06T17:48:00+00:00\",\"description\":\"Encuentra respuestas a las preguntas m\u00e1s comunes sobre los productos de Tropical Cheese, incluyendo uso, almacenamiento y m\u00e1s.\",\"breadcrumb\":{\"@id\":\"https:\/\/tropicalcheese.com\/es\/preguntas-frecuentes#breadcrumb\"},\"inLanguage\":\"es\",\"potentialAction\":[{\"@type\":\"ReadAction\",\"target\":[\"https:\/\/tropicalcheese.com\/es\/preguntas-frecuentes\"]}]},{\"@type\":\"BreadcrumbList\",\"@id\":\"https:\/\/tropicalcheese.com\/es\/preguntas-frecuentes#breadcrumb\",\"itemListElement\":[{\"@type\":\"ListItem\",\"position\":1,\"name\":\"Home\",\"item\":\"https:\/\/tropicalcheese.com\/es\"},{\"@type\":\"ListItem\",\"position\":2,\"name\":\"Preguntas Frecuentes\"}]},{\"@type\":\"WebSite\",\"@id\":\"https:\/\/tropicalcheese.com\/es#website\",\"url\":\"https:\/\/tropicalcheese.com\/es\",\"name\":\"Tropical Cheese\",\"description\":\"\",\"publisher\":{\"@id\":\"https:\/\/tropicalcheese.com\/es#organization\"},\"potentialAction\":[{\"@type\":\"SearchAction\",\"target\":{\"@type\":\"EntryPoint\",\"urlTemplate\":\"https:\/\/tropicalcheese.com\/es?s={search_term_string}\"},\"query-input\":{\"@type\":\"PropertyValueSpecification\",\"valueRequired\":true,\"valueName\":\"search_term_string\"}}],\"inLanguage\":\"es\"},{\"@type\":\"Organization\",\"@id\":\"https:\/\/tropicalcheese.com\/es#organization\",\"name\":\"Tropical Cheese\",\"url\":\"https:\/\/tropicalcheese.com\/es\",\"logo\":{\"@type\":\"ImageObject\",\"inLanguage\":\"es\",\"@id\":\"https:\/\/tropicalcheese.com\/es#\/schema\/logo\/image\/\",\"url\":\"https:\/\/tropicalcheese.com\/wp-content\/uploads\/2019\/06\/tropical-cheese-logo.jpg\",\"contentUrl\":\"https:\/\/tropicalcheese.com\/wp-content\/uploads\/2019\/06\/tropical-cheese-logo.jpg\",\"width\":800,\"height\":400,\"caption\":\"Tropical Cheese\"},\"image\":{\"@id\":\"https:\/\/tropicalcheese.com\/es#\/schema\/logo\/image\/\"},\"sameAs\":[\"https:\/\/www.facebook.com\/TropicalCheeseInd\",\"https:\/\/x.com\/tropicalcheese\",\"http:\/\/instagram.com\/tropicalcheese\",\"https:\/\/www.youtube.com\/user\/TropicalCheeseInd\"]}]}<\/script>\n<!-- \/ Yoast SEO plugin. -->","yoast_head_json":{"title":"Preguntas Frecuentes - Tropical Cheese","description":"Encuentra respuestas a las preguntas m\u00e1s comunes sobre los productos de Tropical Cheese, incluyendo uso, almacenamiento y m\u00e1s.","robots":{"index":"index","follow":"follow","max-snippet":"max-snippet:-1","max-image-preview":"max-image-preview:large","max-video-preview":"max-video-preview:-1"},"canonical":"https:\/\/tropicalcheese.com\/es\/preguntas-frecuentes","og_locale":"es_ES","og_type":"article","og_title":"Preguntas Frecuentes - Tropical Cheese","og_description":"Encuentra respuestas a las preguntas m\u00e1s comunes sobre los productos de Tropical Cheese, incluyendo uso, almacenamiento y m\u00e1s.","og_url":"https:\/\/tropicalcheese.com\/es\/preguntas-frecuentes","og_site_name":"Tropical Cheese","article_publisher":"https:\/\/www.facebook.com\/TropicalCheeseInd","article_modified_time":"2025-01-06T17:48:00+00:00","twitter_card":"summary_large_image","twitter_site":"@tropicalcheese","twitter_misc":{"Tiempo de lectura":"2 minutos"},"schema":{"@context":"https:\/\/schema.org","@graph":[{"@type":"WebPage","@id":"https:\/\/tropicalcheese.com\/es\/preguntas-frecuentes","url":"https:\/\/tropicalcheese.com\/es\/preguntas-frecuentes","name":"Preguntas Frecuentes - Tropical Cheese","isPartOf":{"@id":"https:\/\/tropicalcheese.com\/es#website"},"datePublished":"2019-07-08T01:26:26+00:00","dateModified":"2025-01-06T17:48:00+00:00","description":"Encuentra respuestas a las preguntas m\u00e1s comunes sobre los productos de Tropical Cheese, incluyendo uso, almacenamiento y m\u00e1s.","breadcrumb":{"@id":"https:\/\/tropicalcheese.com\/es\/preguntas-frecuentes#breadcrumb"},"inLanguage":"es","potentialAction":[{"@type":"ReadAction","target":["https:\/\/tropicalcheese.com\/es\/preguntas-frecuentes"]}]},{"@type":"BreadcrumbList","@id":"https:\/\/tropicalcheese.com\/es\/preguntas-frecuentes#breadcrumb","itemListElement":[{"@type":"ListItem","position":1,"name":"Home","item":"https:\/\/tropicalcheese.com\/es"},{"@type":"ListItem","position":2,"name":"Preguntas Frecuentes"}]},{"@type":"WebSite","@id":"https:\/\/tropicalcheese.com\/es#website","url":"https:\/\/tropicalcheese.com\/es","name":"Tropical Cheese","description":"","publisher":{"@id":"https:\/\/tropicalcheese.com\/es#organization"},"potentialAction":[{"@type":"SearchAction","target":{"@type":"EntryPoint","urlTemplate":"https:\/\/tropicalcheese.com\/es?s={search_term_string}"},"query-input":{"@type":"PropertyValueSpecification","valueRequired":true,"valueName":"search_term_string"}}],"inLanguage":"es"},{"@type":"Organization","@id":"https:\/\/tropicalcheese.com\/es#organization","name":"Tropical Cheese","url":"https:\/\/tropicalcheese.com\/es","logo":{"@type":"ImageObject","inLanguage":"es","@id":"https:\/\/tropicalcheese.com\/es#\/schema\/logo\/image\/","url":"https:\/\/tropicalcheese.com\/wp-content\/uploads\/2019\/06\/tropical-cheese-logo.jpg","contentUrl":"https:\/\/tropicalcheese.com\/wp-content\/uploads\/2019\/06\/tropical-cheese-logo.jpg","width":800,"height":400,"caption":"Tropical Cheese"},"image":{"@id":"https:\/\/tropicalcheese.com\/es#\/schema\/logo\/image\/"},"sameAs":["https:\/\/www.facebook.com\/TropicalCheeseInd","https:\/\/x.com\/tropicalcheese","http:\/\/instagram.com\/tropicalcheese","https:\/\/www.youtube.com\/user\/TropicalCheeseInd"]}]}},"meta_box":{"trochee-menu-item-default-image":[],"trochee-menu-item-default-image-position":"","trochee-vertical-menu":[],"trochee-background-video-image":[],"trochee-background-video-muted-id":"","trochee-background-video-sound-id":"","trochee-background-video-title":"","trochee-background-video-button-label":"","trochee-background-video-button-url":"","trochee-store-promotion-product-image":[],"trochee-store-promotion-product-button-label":"","trochee-store-promotion-product-button-url":"","trochee-store-promotion-product-title":"","trochee-store-promotion-product-title-url":"","trochee-store-promotion-product-description":"","trochee-store-promotion-product-cta-header":"","trochee-store-promotion-product-price":"","trochee-store-promotion-product-disclaimer":"","trochee-store-promotion-product-id":"","trochee-store-promotion-related-recipes-header":"","trochee-store-promotion-related-recipes":[],"trochee-featured-products-title":"","trochee-featured-products-description":"","trochee-featured-products":[],"trochee-meal-types-title":"","trochee-meal-types-button-label":"","trochee-meal-types-button-url":"","trochee-meal-types":[],"trochee-feat-recipe-product-image":[],"trochee-feat-recipe-product-description":"","trochee-feat-recipe-product-url":"","trochee-feat-recipe-header":"","trochee-feat-recipe-name":"","trochee-feat-recipe-url":"","trochee-feat-recipe-image":[],"trochee-feat-recipe-button-label":"","trochee-feat-recipe-button-url":"","trochee-promoted-product-image":[],"trochee-promoted-product-image-alt-text":"","trochee-promoted-product-header":"","trochee-promoted-product-description":"","trochee-promoted-product-cta-text":"","trochee-promoted-product-cta-url":"","trochee-promoted-product-cta-aria-label":"","trochee-promoted-product-related-recipes":[],"trochee-featured-articles-header":"","trochee-featured-articles-cta-label":"","trochee-featured-articles-cta-url":"","trochee-featured-articles-items":[],"trochee-ribbon-header":"","trochee-ribbon-description":"","trochee-ribbon-cta-label":"","trochee-ribbon-cta-url":"","block-01-portrait":[],"block-01-background":[],"block-01-title":"","block-01-text":"","block-01-overlay":"","block-02-title":"","block-02-text":"","block-03-background":[],"block-03-title":"","block-03-text":"","block-03-overlay":"","block-04-title":"","block-04-text":"","block-05-background":[],"block-05-title":"","block-05-text":"","block-05-overlay":"","block-06-title":"","block-06-text":"","vignette-image":[],"vignette-tagline":"","award-products":[],"form-title":"","locations":[],"store-page-title":"","store-page-description":"","store-page-cta":"","store-page-button-label":"","trochee-hero-video-id":"","trochee-hero-video-background-color":"","post-html-title":"","post-intro":"","post-share-nav-pos":"","post-header-align":"","post-related-section":"1","post-related-section-header":"1","post-featured-status":"1","post-featured-title":"","post-featured-description":"","post-featured-cta":"","listing-type":"","listing-header":"","listing-items":[{"_state":"collapsed"}],"section-banner-switch":"0","section-banner-thumbnail":false,"section-banner-header":"","section-banner-description":"","section-banner-url":"","section-banner-background-color":"","section-banner-text-color":"fc-black","section-banner-margin-top":"mt-none","section-banner-margin-bottom":"mb-none"},"_links":{"self":[{"href":"https:\/\/tropicalcheese.com\/es\/wp-json\/wp\/v2\/pages\/1960","targetHints":{"allow":["GET"]}}],"collection":[{"href":"https:\/\/tropicalcheese.com\/es\/wp-json\/wp\/v2\/pages"}],"about":[{"href":"https:\/\/tropicalcheese.com\/es\/wp-json\/wp\/v2\/types\/page"}],"author":[{"embeddable":true,"href":"https:\/\/tropicalcheese.com\/es\/wp-json\/wp\/v2\/users\/1"}],"replies":[{"embeddable":true,"href":"https:\/\/tropicalcheese.com\/es\/wp-json\/wp\/v2\/comments?post=1960"}],"version-history":[{"count":1,"href":"https:\/\/tropicalcheese.com\/es\/wp-json\/wp\/v2\/pages\/1960\/revisions"}],"predecessor-version":[{"id":1961,"href":"https:\/\/tropicalcheese.com\/es\/wp-json\/wp\/v2\/pages\/1960\/revisions\/1961"}],"wp:attachment":[{"href":"https:\/\/tropicalcheese.com\/es\/wp-json\/wp\/v2\/media?parent=1960"}],"curies":[{"name":"wp","href":"https:\/\/api.w.org\/{rel}","templated":true}]}}