{"id":3381,"date":"2019-08-21T18:49:49","date_gmt":"2019-08-21T17:49:49","guid":{"rendered":"https:\/\/tropicalcheese.com?page_id=3381"},"modified":"2025-01-06T12:29:27","modified_gmt":"2025-01-06T17:29:27","slug":"premios","status":"publish","type":"page","link":"https:\/\/tropicalcheese.com\/es\/premios","title":{"rendered":"Premios"},"content":{"rendered":"\n<p>Tropical Cheese Industries ha llevado a su mesa por m\u00e1s de 35 a\u00f1os, el aut\u00e9ntico sabor latino, premiado y de la m\u00e1s alta calidad.<\/p>\n","protected":false},"excerpt":{"rendered":"<p>Tropical Cheese Industries ha llevado a su mesa por m\u00e1s de 35 a\u00f1os, el aut\u00e9ntico sabor latino, premiado y de la m\u00e1s alta calidad. Aqu\u00ed puedes ver un resumen de nuestros premios y galardones.<\/p>\n","protected":false},"author":1,"featured_media":0,"parent":0,"menu_order":0,"comment_status":"closed","ping_status":"closed","template":"template-awards.php","meta":{"footnotes":""},"class_list":["post-3381","page","type-page","status-publish","hentry","entry"],"yoast_head":"<!-- This site is optimized with the Yoast SEO plugin v27.1.1 - https:\/\/yoast.com\/product\/yoast-seo-wordpress\/ -->\n<title>Premios - Tropical Cheese<\/title>\n<meta name=\"description\" content=\"Conoce los premios y reconocimientos que Tropical Cheese ha recibido por su calidad y excelencia en la industria l\u00e1ctea.\" \/>\n<meta name=\"robots\" content=\"index, follow, max-snippet:-1, max-image-preview:large, max-video-preview:-1\" \/>\n<link rel=\"canonical\" href=\"https:\/\/tropicalcheese.com\/es\/premios\" \/>\n<meta property=\"og:locale\" content=\"es_ES\" \/>\n<meta property=\"og:type\" content=\"article\" \/>\n<meta property=\"og:title\" content=\"Premios - Tropical Cheese\" \/>\n<meta property=\"og:description\" content=\"Conoce los premios y reconocimientos que Tropical Cheese ha recibido por su calidad y excelencia en la industria l\u00e1ctea.\" \/>\n<meta property=\"og:url\" content=\"https:\/\/tropicalcheese.com\/es\/premios\" \/>\n<meta property=\"og:site_name\" content=\"Tropical Cheese\" \/>\n<meta property=\"article:publisher\" content=\"https:\/\/www.facebook.com\/TropicalCheeseInd\" \/>\n<meta property=\"article:modified_time\" content=\"2025-01-06T17:29:27+00:00\" \/>\n<meta name=\"twitter:card\" content=\"summary_large_image\" \/>\n<meta name=\"twitter:site\" content=\"@tropicalcheese\" \/>\n<meta name=\"twitter:label1\" content=\"Tiempo de lectura\" \/>\n\t<meta name=\"twitter:data1\" content=\"1 minuto\" \/>\n<script type=\"application\/ld+json\" class=\"yoast-schema-graph\">{\"@context\":\"https:\/\/schema.org\",\"@graph\":[{\"@type\":\"WebPage\",\"@id\":\"https:\/\/tropicalcheese.com\/es\/premios\",\"url\":\"https:\/\/tropicalcheese.com\/es\/premios\",\"name\":\"Premios - Tropical Cheese\",\"isPartOf\":{\"@id\":\"https:\/\/tropicalcheese.com\/es#website\"},\"datePublished\":\"2019-08-21T17:49:49+00:00\",\"dateModified\":\"2025-01-06T17:29:27+00:00\",\"description\":\"Conoce los premios y reconocimientos que Tropical Cheese ha recibido por su calidad y excelencia en la industria l\u00e1ctea.\",\"breadcrumb\":{\"@id\":\"https:\/\/tropicalcheese.com\/es\/premios#breadcrumb\"},\"inLanguage\":\"es\",\"potentialAction\":[{\"@type\":\"ReadAction\",\"target\":[\"https:\/\/tropicalcheese.com\/es\/premios\"]}]},{\"@type\":\"BreadcrumbList\",\"@id\":\"https:\/\/tropicalcheese.com\/es\/premios#breadcrumb\",\"itemListElement\":[{\"@type\":\"ListItem\",\"position\":1,\"name\":\"Home\",\"item\":\"https:\/\/tropicalcheese.com\/es\"},{\"@type\":\"ListItem\",\"position\":2,\"name\":\"Premios\"}]},{\"@type\":\"WebSite\",\"@id\":\"https:\/\/tropicalcheese.com\/es#website\",\"url\":\"https:\/\/tropicalcheese.com\/es\",\"name\":\"Tropical Cheese\",\"description\":\"\",\"publisher\":{\"@id\":\"https:\/\/tropicalcheese.com\/es#organization\"},\"potentialAction\":[{\"@type\":\"SearchAction\",\"target\":{\"@type\":\"EntryPoint\",\"urlTemplate\":\"https:\/\/tropicalcheese.com\/es?s={search_term_string}\"},\"query-input\":{\"@type\":\"PropertyValueSpecification\",\"valueRequired\":true,\"valueName\":\"search_term_string\"}}],\"inLanguage\":\"es\"},{\"@type\":\"Organization\",\"@id\":\"https:\/\/tropicalcheese.com\/es#organization\",\"name\":\"Tropical Cheese\",\"url\":\"https:\/\/tropicalcheese.com\/es\",\"logo\":{\"@type\":\"ImageObject\",\"inLanguage\":\"es\",\"@id\":\"https:\/\/tropicalcheese.com\/es#\/schema\/logo\/image\/\",\"url\":\"https:\/\/tropicalcheese.com\/wp-content\/uploads\/2019\/06\/tropical-cheese-logo.jpg\",\"contentUrl\":\"https:\/\/tropicalcheese.com\/wp-content\/uploads\/2019\/06\/tropical-cheese-logo.jpg\",\"width\":800,\"height\":400,\"caption\":\"Tropical Cheese\"},\"image\":{\"@id\":\"https:\/\/tropicalcheese.com\/es#\/schema\/logo\/image\/\"},\"sameAs\":[\"https:\/\/www.facebook.com\/TropicalCheeseInd\",\"https:\/\/x.com\/tropicalcheese\",\"http:\/\/instagram.com\/tropicalcheese\",\"https:\/\/www.youtube.com\/user\/TropicalCheeseInd\"]}]}<\/script>\n<!-- \/ Yoast SEO plugin. -->","yoast_head_json":{"title":"Premios - Tropical Cheese","description":"Conoce los premios y reconocimientos que Tropical Cheese ha recibido por su calidad y excelencia en la industria l\u00e1ctea.","robots":{"index":"index","follow":"follow","max-snippet":"max-snippet:-1","max-image-preview":"max-image-preview:large","max-video-preview":"max-video-preview:-1"},"canonical":"https:\/\/tropicalcheese.com\/es\/premios","og_locale":"es_ES","og_type":"article","og_title":"Premios - Tropical Cheese","og_description":"Conoce los premios y reconocimientos que Tropical Cheese ha recibido por su calidad y excelencia en la industria l\u00e1ctea.","og_url":"https:\/\/tropicalcheese.com\/es\/premios","og_site_name":"Tropical Cheese","article_publisher":"https:\/\/www.facebook.com\/TropicalCheeseInd","article_modified_time":"2025-01-06T17:29:27+00:00","twitter_card":"summary_large_image","twitter_site":"@tropicalcheese","twitter_misc":{"Tiempo de lectura":"1 minuto"},"schema":{"@context":"https:\/\/schema.org","@graph":[{"@type":"WebPage","@id":"https:\/\/tropicalcheese.com\/es\/premios","url":"https:\/\/tropicalcheese.com\/es\/premios","name":"Premios - Tropical Cheese","isPartOf":{"@id":"https:\/\/tropicalcheese.com\/es#website"},"datePublished":"2019-08-21T17:49:49+00:00","dateModified":"2025-01-06T17:29:27+00:00","description":"Conoce los premios y reconocimientos que Tropical Cheese ha recibido por su calidad y excelencia en la industria l\u00e1ctea.","breadcrumb":{"@id":"https:\/\/tropicalcheese.com\/es\/premios#breadcrumb"},"inLanguage":"es","potentialAction":[{"@type":"ReadAction","target":["https:\/\/tropicalcheese.com\/es\/premios"]}]},{"@type":"BreadcrumbList","@id":"https:\/\/tropicalcheese.com\/es\/premios#breadcrumb","itemListElement":[{"@type":"ListItem","position":1,"name":"Home","item":"https:\/\/tropicalcheese.com\/es"},{"@type":"ListItem","position":2,"name":"Premios"}]},{"@type":"WebSite","@id":"https:\/\/tropicalcheese.com\/es#website","url":"https:\/\/tropicalcheese.com\/es","name":"Tropical Cheese","description":"","publisher":{"@id":"https:\/\/tropicalcheese.com\/es#organization"},"potentialAction":[{"@type":"SearchAction","target":{"@type":"EntryPoint","urlTemplate":"https:\/\/tropicalcheese.com\/es?s={search_term_string}"},"query-input":{"@type":"PropertyValueSpecification","valueRequired":true,"valueName":"search_term_string"}}],"inLanguage":"es"},{"@type":"Organization","@id":"https:\/\/tropicalcheese.com\/es#organization","name":"Tropical Cheese","url":"https:\/\/tropicalcheese.com\/es","logo":{"@type":"ImageObject","inLanguage":"es","@id":"https:\/\/tropicalcheese.com\/es#\/schema\/logo\/image\/","url":"https:\/\/tropicalcheese.com\/wp-content\/uploads\/2019\/06\/tropical-cheese-logo.jpg","contentUrl":"https:\/\/tropicalcheese.com\/wp-content\/uploads\/2019\/06\/tropical-cheese-logo.jpg","width":800,"height":400,"caption":"Tropical Cheese"},"image":{"@id":"https:\/\/tropicalcheese.com\/es#\/schema\/logo\/image\/"},"sameAs":["https:\/\/www.facebook.com\/TropicalCheeseInd","https:\/\/x.com\/tropicalcheese","http:\/\/instagram.com\/tropicalcheese","https:\/\/www.youtube.com\/user\/TropicalCheeseInd"]}]}},"meta_box":{"trochee-menu-item-default-image":[],"trochee-menu-item-default-image-position":"","trochee-vertical-menu":[],"trochee-background-video-image":[],"trochee-background-video-muted-id":"","trochee-background-video-sound-id":"","trochee-background-video-title":"","trochee-background-video-button-label":"","trochee-background-video-button-url":"","trochee-store-promotion-product-image":[],"trochee-store-promotion-product-button-label":"","trochee-store-promotion-product-button-url":"","trochee-store-promotion-product-title":"","trochee-store-promotion-product-title-url":"","trochee-store-promotion-product-description":"","trochee-store-promotion-product-cta-header":"","trochee-store-promotion-product-price":"","trochee-store-promotion-product-disclaimer":"","trochee-store-promotion-product-id":"","trochee-store-promotion-related-recipes-header":"","trochee-store-promotion-related-recipes":[],"trochee-featured-products-title":"","trochee-featured-products-description":"","trochee-featured-products":[],"trochee-meal-types-title":"","trochee-meal-types-button-label":"","trochee-meal-types-button-url":"","trochee-meal-types":[],"trochee-feat-recipe-product-image":[],"trochee-feat-recipe-product-description":"","trochee-feat-recipe-product-url":"","trochee-feat-recipe-header":"","trochee-feat-recipe-name":"","trochee-feat-recipe-url":"","trochee-feat-recipe-image":[],"trochee-feat-recipe-button-label":"","trochee-feat-recipe-button-url":"","trochee-promoted-product-image":[],"trochee-promoted-product-image-alt-text":"","trochee-promoted-product-header":"","trochee-promoted-product-description":"","trochee-promoted-product-cta-text":"","trochee-promoted-product-cta-url":"","trochee-promoted-product-cta-aria-label":"","trochee-promoted-product-related-recipes":[],"trochee-featured-articles-header":"","trochee-featured-articles-cta-label":"","trochee-featured-articles-cta-url":"","trochee-featured-articles-items":[],"trochee-ribbon-header":"","trochee-ribbon-description":"","trochee-ribbon-cta-label":"","trochee-ribbon-cta-url":"","block-01-portrait":[],"block-01-background":[],"block-01-title":"","block-01-text":"","block-01-overlay":"","block-02-title":"","block-02-text":"","block-03-background":[],"block-03-title":"","block-03-text":"","block-03-overlay":"","block-04-title":"","block-04-text":"","block-05-background":[],"block-05-title":"","block-05-text":"","block-05-overlay":"","block-06-title":"","block-06-text":"","vignette-image":[],"vignette-tagline":"","award-products":[{"award-product-image":["1110"],"award-product-name":"Queso Fresco Mexicano","award-product-url":"https:\/\/tropicalcheese.com\/es\/productos\/quesos\/queso-fresco-mexicano","award-name-1":"World Championship Cheese Contest","award-name-2":"World Dairy Expo - Championship Dairy Product Contest "},{"award-product-image":["1281"],"award-product-name":"Queso Blanco","award-product-url":"https:\/\/tropicalcheese.com\/es\/productos\/quesos\/queso-blanco","award-name-1":"World Championship Cheese Contest","award-name-2":"World Dairy Expo - Championship Dairy Product Contest "},{"award-product-image":["1105"],"award-product-name":"Queso Panela","award-product-url":"https:\/\/tropicalcheese.com\/es\/productos\/quesos\/queso-panela","award-name-1":"World Championship Cheese Contest"},{"award-product-image":["2469"],"award-product-name":"Mango Drinkable Yogurt","award-product-url":"https:\/\/tropicalcheese.com\/es\/productos\/bebidas\/yogur-de-mango-bajo-en-grasa","award-name-1":"World Championship Cheese Contest"},{"award-product-image":["2537"],"award-product-name":"Pomegranate\/Raspberry Drinkable Yogurt","award-product-url":"https:\/\/tropicalcheese.com\/es\/productos\/bebidas\/probiotico-de-granada-y-fresa","award-name-1":"World Dairy Expo - Championship Dairy Product Contest "},{"award-product-image":["2477"],"award-product-name":"Pi\u00f1a Colada Drinkable Yogurt","award-product-url":"https:\/\/tropicalcheese.com\/es\/productos\/bebidas\/yogur-de-pina-colada-bajo-en-grasa","award-name-1":"World Dairy Expo - Championship Dairy Product Contest "},{"award-product-image":["2487"],"award-product-name":"Guava\/Mango Drinkable Yogurt","award-product-url":"https:\/\/tropicalcheese.com\/es\/productos\/bebidas\/yogur-de-guayaba-y-mango-bajo-en-grasa","award-name-1":"World Dairy Expo - Championship Dairy Product Contest"}],"form-title":"","locations":[],"store-page-title":"","store-page-description":"","store-page-cta":"","store-page-button-label":"","trochee-hero-video-id":"","trochee-hero-video-background-color":"","post-html-title":"","post-intro":"","post-share-nav-pos":"","post-header-align":"","post-related-section":"1","post-related-section-header":"1","post-featured-status":"1","post-featured-title":"","post-featured-description":"","post-featured-cta":"","listing-type":"","listing-header":"","listing-items":[{"_state":"collapsed"}],"section-banner-switch":"0","section-banner-thumbnail":false,"section-banner-header":"","section-banner-description":"","section-banner-url":"","section-banner-background-color":"","section-banner-text-color":"fc-black","section-banner-margin-top":"mt-none","section-banner-margin-bottom":"mb-none"},"_links":{"self":[{"href":"https:\/\/tropicalcheese.com\/es\/wp-json\/wp\/v2\/pages\/3381","targetHints":{"allow":["GET"]}}],"collection":[{"href":"https:\/\/tropicalcheese.com\/es\/wp-json\/wp\/v2\/pages"}],"about":[{"href":"https:\/\/tropicalcheese.com\/es\/wp-json\/wp\/v2\/types\/page"}],"author":[{"embeddable":true,"href":"https:\/\/tropicalcheese.com\/es\/wp-json\/wp\/v2\/users\/1"}],"replies":[{"embeddable":true,"href":"https:\/\/tropicalcheese.com\/es\/wp-json\/wp\/v2\/comments?post=3381"}],"version-history":[{"count":2,"href":"https:\/\/tropicalcheese.com\/es\/wp-json\/wp\/v2\/pages\/3381\/revisions"}],"predecessor-version":[{"id":3612,"href":"https:\/\/tropicalcheese.com\/es\/wp-json\/wp\/v2\/pages\/3381\/revisions\/3612"}],"wp:attachment":[{"href":"https:\/\/tropicalcheese.com\/es\/wp-json\/wp\/v2\/media?parent=3381"}],"curies":[{"name":"wp","href":"https:\/\/api.w.org\/{rel}","templated":true}]}}