{"id":3520,"date":"2019-09-04T17:39:52","date_gmt":"2019-09-04T16:39:52","guid":{"rendered":"https:\/\/tropicalcheese.com?page_id=3520"},"modified":"2025-01-06T15:48:47","modified_gmt":"2025-01-06T20:48:47","slug":"localizador-de-tiendas","status":"publish","type":"page","link":"https:\/\/tropicalcheese.com\/es\/localizador-de-tiendas","title":{"rendered":"Localizador de Tiendas"},"content":{"rendered":"\n<style>\r\n\t#wpsl-stores .wpsl-store-thumb {height:45px !important; width:45px !important;}\r\n\t#wpsl-stores, #wpsl-direction-details, #wpsl-gmap {height:450px !important;}\r\n\t#wpsl-gmap .wpsl-info-window {max-width:225px !important;}\r\n\t.wpsl-input label, #wpsl-radius label, #wpsl-category label {width:150px;}\r\n\t#wpsl-search-input  {width:179px;}\r\n<\/style>\r\n<div class=\"tropical-wpsl-wrapper\">\r\n<div id=\"wpsl-wrap\">\r\n\t<div class=\"wpsl-search wpsl-clearfix \">\r\n\t\t<div id=\"wpsl-search-wrap\">\r\n\t\t\t<form autocomplete=\"off\">\r\n\t\t\t<div class=\"wpsl-input\">\r\n\t\t\t\t<label class=\"sr-only\" for=\"wpsl-search-input\">Tu ubicaci\u00f3n<\/label>\r\n\t\t\t\t<input id=\"wpsl-search-input\" placeholder=\"Ingresa zipcode\" type=\"text\" value=\"\" name=\"wpsl-search-input\" placeholder=\"\" aria-required=\"true\" \/>\r\n\t\t\t\t<button id=\"wpsl-search-btn\" type=\"submit\" value=\"Buscar\"><i class=\"fas fa-search\"><\/i><span class=\"visually-hidden\">Search<\/span><\/button>\r\n\t\t\t<\/div>\r\n\t\t<\/form>\r\n\t\t<\/div>\r\n\t<\/div>\r\n\t<div id=\"wpsl-gmap\" class=\"wpsl-gmap-canvas\"><\/div>\r\n\t<div id=\"wpsl-result-list\">\r\n\t\t<div id=\"wpsl-stores\" tabindex=\"0\" >\r\n\t\t\t<ul><\/ul>\r\n\t\t<\/div>\r\n\t\t<div id=\"wpsl-direction-details\">\r\n\t\t\t<ul><\/ul>\r\n\t\t<\/div>\r\n\t<\/div>\r\n<\/div>\r\n<\/div>\r\n\n\n\n\n<p class=\"has-text-align-center\"><\/p>\n\n\n\n<p class=\"has-text-align-center has-light-gray-color has-text-color\">Hay muchas tiendas y s\u00faper mercados en Estados Unidos donde puedes  encontrar productos Tropical. Sin embargo, algunas tiendas no tienen  todos nuestros productos o pueden estar agotados. Te recomendamos llamar  a tu tienda para asegurarte de que el producto que est\u00e1s buscando est\u00e9  disponible. <\/p>\n\n\n\n<h3 class=\"wp-block-heading has-text-align-center\">\u00bfNo encuentras tu tienda?<\/h3>\n\n\n\n<p class=\"has-text-align-center has-light-gray-color has-text-color\"><a href=\"https:\/\/tropicalcheese.com\/es\/contacto\">Cont\u00e1ctanos<\/a> y dinos d\u00f3nde le gustar\u00eda ver tus productos Tropical favoritos!<\/p>\n","protected":false},"excerpt":{"rendered":"<p>Hay muchas tiendas y s\u00faper mercados en Estados Unidos donde puedes  encontrar productos Tropical. Encu\u00e9ntralos aqu\u00ed.<\/p>\n","protected":false},"author":1,"featured_media":1246,"parent":0,"menu_order":0,"comment_status":"closed","ping_status":"closed","template":"template-store-locator.php","meta":{"footnotes":""},"class_list":["post-3520","page","type-page","status-publish","has-post-thumbnail","hentry","entry"],"yoast_head":"<!-- This site is optimized with the Yoast SEO plugin v27.1.1 - https:\/\/yoast.com\/product\/yoast-seo-wordpress\/ -->\n<title>Localizador de Tiendas - Tropical Cheese<\/title>\n<meta name=\"description\" content=\"Encuentra el sabor tropical cerca de ti. Usa nuestro localizador de tiendas para descubrir d\u00f3nde comprar tus productos favoritos de Tropical Cheese!\" \/>\n<meta name=\"robots\" content=\"index, follow, max-snippet:-1, max-image-preview:large, max-video-preview:-1\" \/>\n<link rel=\"canonical\" href=\"https:\/\/tropicalcheese.com\/es\/localizador-de-tiendas\" \/>\n<meta property=\"og:locale\" content=\"es_ES\" \/>\n<meta property=\"og:type\" content=\"article\" \/>\n<meta property=\"og:title\" content=\"Localizador de Tiendas - Tropical Cheese\" \/>\n<meta property=\"og:description\" content=\"Encuentra el sabor tropical cerca de ti. Usa nuestro localizador de tiendas para descubrir d\u00f3nde comprar tus productos favoritos de Tropical Cheese!\" \/>\n<meta property=\"og:url\" content=\"https:\/\/tropicalcheese.com\/es\/localizador-de-tiendas\" \/>\n<meta property=\"og:site_name\" content=\"Tropical Cheese\" \/>\n<meta property=\"article:publisher\" content=\"https:\/\/www.facebook.com\/TropicalCheeseInd\" \/>\n<meta property=\"article:modified_time\" content=\"2025-01-06T20:48:47+00:00\" \/>\n<meta property=\"og:image\" content=\"https:\/\/tropicalcheese.com\/wp-content\/uploads\/2019\/03\/store-locator-hero.jpg\" \/>\n\t<meta property=\"og:image:width\" content=\"1280\" \/>\n\t<meta property=\"og:image:height\" content=\"300\" \/>\n\t<meta property=\"og:image:type\" content=\"image\/jpeg\" \/>\n<meta name=\"twitter:card\" content=\"summary_large_image\" \/>\n<meta name=\"twitter:site\" content=\"@tropicalcheese\" \/>\n<meta name=\"twitter:label1\" content=\"Tiempo de lectura\" \/>\n\t<meta name=\"twitter:data1\" content=\"1 minuto\" \/>\n<script type=\"application\/ld+json\" class=\"yoast-schema-graph\">{\"@context\":\"https:\/\/schema.org\",\"@graph\":[{\"@type\":\"WebPage\",\"@id\":\"https:\/\/tropicalcheese.com\/es\/localizador-de-tiendas\",\"url\":\"https:\/\/tropicalcheese.com\/es\/localizador-de-tiendas\",\"name\":\"Localizador de Tiendas - Tropical Cheese\",\"isPartOf\":{\"@id\":\"https:\/\/tropicalcheese.com\/es#website\"},\"primaryImageOfPage\":{\"@id\":\"https:\/\/tropicalcheese.com\/es\/localizador-de-tiendas#primaryimage\"},\"image\":{\"@id\":\"https:\/\/tropicalcheese.com\/es\/localizador-de-tiendas#primaryimage\"},\"thumbnailUrl\":\"https:\/\/tropicalcheese.com\/wp-content\/uploads\/2019\/03\/store-locator-hero.jpg\",\"datePublished\":\"2019-09-04T16:39:52+00:00\",\"dateModified\":\"2025-01-06T20:48:47+00:00\",\"description\":\"Encuentra el sabor tropical cerca de ti. Usa nuestro localizador de tiendas para descubrir d\u00f3nde comprar tus productos favoritos de Tropical Cheese!\",\"breadcrumb\":{\"@id\":\"https:\/\/tropicalcheese.com\/es\/localizador-de-tiendas#breadcrumb\"},\"inLanguage\":\"es\",\"potentialAction\":[{\"@type\":\"ReadAction\",\"target\":[\"https:\/\/tropicalcheese.com\/es\/localizador-de-tiendas\"]}]},{\"@type\":\"ImageObject\",\"inLanguage\":\"es\",\"@id\":\"https:\/\/tropicalcheese.com\/es\/localizador-de-tiendas#primaryimage\",\"url\":\"https:\/\/tropicalcheese.com\/wp-content\/uploads\/2019\/03\/store-locator-hero.jpg\",\"contentUrl\":\"https:\/\/tropicalcheese.com\/wp-content\/uploads\/2019\/03\/store-locator-hero.jpg\",\"width\":1280,\"height\":300},{\"@type\":\"BreadcrumbList\",\"@id\":\"https:\/\/tropicalcheese.com\/es\/localizador-de-tiendas#breadcrumb\",\"itemListElement\":[{\"@type\":\"ListItem\",\"position\":1,\"name\":\"Home\",\"item\":\"https:\/\/tropicalcheese.com\/es\"},{\"@type\":\"ListItem\",\"position\":2,\"name\":\"Localizador de Tiendas\"}]},{\"@type\":\"WebSite\",\"@id\":\"https:\/\/tropicalcheese.com\/es#website\",\"url\":\"https:\/\/tropicalcheese.com\/es\",\"name\":\"Tropical Cheese\",\"description\":\"\",\"publisher\":{\"@id\":\"https:\/\/tropicalcheese.com\/es#organization\"},\"potentialAction\":[{\"@type\":\"SearchAction\",\"target\":{\"@type\":\"EntryPoint\",\"urlTemplate\":\"https:\/\/tropicalcheese.com\/es?s={search_term_string}\"},\"query-input\":{\"@type\":\"PropertyValueSpecification\",\"valueRequired\":true,\"valueName\":\"search_term_string\"}}],\"inLanguage\":\"es\"},{\"@type\":\"Organization\",\"@id\":\"https:\/\/tropicalcheese.com\/es#organization\",\"name\":\"Tropical Cheese\",\"url\":\"https:\/\/tropicalcheese.com\/es\",\"logo\":{\"@type\":\"ImageObject\",\"inLanguage\":\"es\",\"@id\":\"https:\/\/tropicalcheese.com\/es#\/schema\/logo\/image\/\",\"url\":\"https:\/\/tropicalcheese.com\/wp-content\/uploads\/2019\/06\/tropical-cheese-logo.jpg\",\"contentUrl\":\"https:\/\/tropicalcheese.com\/wp-content\/uploads\/2019\/06\/tropical-cheese-logo.jpg\",\"width\":800,\"height\":400,\"caption\":\"Tropical Cheese\"},\"image\":{\"@id\":\"https:\/\/tropicalcheese.com\/es#\/schema\/logo\/image\/\"},\"sameAs\":[\"https:\/\/www.facebook.com\/TropicalCheeseInd\",\"https:\/\/x.com\/tropicalcheese\",\"http:\/\/instagram.com\/tropicalcheese\",\"https:\/\/www.youtube.com\/user\/TropicalCheeseInd\"]}]}<\/script>\n<!-- \/ Yoast SEO plugin. -->","yoast_head_json":{"title":"Localizador de Tiendas - Tropical Cheese","description":"Encuentra el sabor tropical cerca de ti. Usa nuestro localizador de tiendas para descubrir d\u00f3nde comprar tus productos favoritos de Tropical Cheese!","robots":{"index":"index","follow":"follow","max-snippet":"max-snippet:-1","max-image-preview":"max-image-preview:large","max-video-preview":"max-video-preview:-1"},"canonical":"https:\/\/tropicalcheese.com\/es\/localizador-de-tiendas","og_locale":"es_ES","og_type":"article","og_title":"Localizador de Tiendas - Tropical Cheese","og_description":"Encuentra el sabor tropical cerca de ti. Usa nuestro localizador de tiendas para descubrir d\u00f3nde comprar tus productos favoritos de Tropical Cheese!","og_url":"https:\/\/tropicalcheese.com\/es\/localizador-de-tiendas","og_site_name":"Tropical Cheese","article_publisher":"https:\/\/www.facebook.com\/TropicalCheeseInd","article_modified_time":"2025-01-06T20:48:47+00:00","og_image":[{"width":1280,"height":300,"url":"https:\/\/tropicalcheese.com\/wp-content\/uploads\/2019\/03\/store-locator-hero.jpg","type":"image\/jpeg"}],"twitter_card":"summary_large_image","twitter_site":"@tropicalcheese","twitter_misc":{"Tiempo de lectura":"1 minuto"},"schema":{"@context":"https:\/\/schema.org","@graph":[{"@type":"WebPage","@id":"https:\/\/tropicalcheese.com\/es\/localizador-de-tiendas","url":"https:\/\/tropicalcheese.com\/es\/localizador-de-tiendas","name":"Localizador de Tiendas - Tropical Cheese","isPartOf":{"@id":"https:\/\/tropicalcheese.com\/es#website"},"primaryImageOfPage":{"@id":"https:\/\/tropicalcheese.com\/es\/localizador-de-tiendas#primaryimage"},"image":{"@id":"https:\/\/tropicalcheese.com\/es\/localizador-de-tiendas#primaryimage"},"thumbnailUrl":"https:\/\/tropicalcheese.com\/wp-content\/uploads\/2019\/03\/store-locator-hero.jpg","datePublished":"2019-09-04T16:39:52+00:00","dateModified":"2025-01-06T20:48:47+00:00","description":"Encuentra el sabor tropical cerca de ti. Usa nuestro localizador de tiendas para descubrir d\u00f3nde comprar tus productos favoritos de Tropical Cheese!","breadcrumb":{"@id":"https:\/\/tropicalcheese.com\/es\/localizador-de-tiendas#breadcrumb"},"inLanguage":"es","potentialAction":[{"@type":"ReadAction","target":["https:\/\/tropicalcheese.com\/es\/localizador-de-tiendas"]}]},{"@type":"ImageObject","inLanguage":"es","@id":"https:\/\/tropicalcheese.com\/es\/localizador-de-tiendas#primaryimage","url":"https:\/\/tropicalcheese.com\/wp-content\/uploads\/2019\/03\/store-locator-hero.jpg","contentUrl":"https:\/\/tropicalcheese.com\/wp-content\/uploads\/2019\/03\/store-locator-hero.jpg","width":1280,"height":300},{"@type":"BreadcrumbList","@id":"https:\/\/tropicalcheese.com\/es\/localizador-de-tiendas#breadcrumb","itemListElement":[{"@type":"ListItem","position":1,"name":"Home","item":"https:\/\/tropicalcheese.com\/es"},{"@type":"ListItem","position":2,"name":"Localizador de Tiendas"}]},{"@type":"WebSite","@id":"https:\/\/tropicalcheese.com\/es#website","url":"https:\/\/tropicalcheese.com\/es","name":"Tropical Cheese","description":"","publisher":{"@id":"https:\/\/tropicalcheese.com\/es#organization"},"potentialAction":[{"@type":"SearchAction","target":{"@type":"EntryPoint","urlTemplate":"https:\/\/tropicalcheese.com\/es?s={search_term_string}"},"query-input":{"@type":"PropertyValueSpecification","valueRequired":true,"valueName":"search_term_string"}}],"inLanguage":"es"},{"@type":"Organization","@id":"https:\/\/tropicalcheese.com\/es#organization","name":"Tropical Cheese","url":"https:\/\/tropicalcheese.com\/es","logo":{"@type":"ImageObject","inLanguage":"es","@id":"https:\/\/tropicalcheese.com\/es#\/schema\/logo\/image\/","url":"https:\/\/tropicalcheese.com\/wp-content\/uploads\/2019\/06\/tropical-cheese-logo.jpg","contentUrl":"https:\/\/tropicalcheese.com\/wp-content\/uploads\/2019\/06\/tropical-cheese-logo.jpg","width":800,"height":400,"caption":"Tropical Cheese"},"image":{"@id":"https:\/\/tropicalcheese.com\/es#\/schema\/logo\/image\/"},"sameAs":["https:\/\/www.facebook.com\/TropicalCheeseInd","https:\/\/x.com\/tropicalcheese","http:\/\/instagram.com\/tropicalcheese","https:\/\/www.youtube.com\/user\/TropicalCheeseInd"]}]}},"meta_box":{"trochee-menu-item-default-image":[],"trochee-menu-item-default-image-position":"","trochee-vertical-menu":[],"trochee-background-video-image":[],"trochee-background-video-muted-id":"","trochee-background-video-sound-id":"","trochee-background-video-title":"","trochee-background-video-button-label":"","trochee-background-video-button-url":"","trochee-store-promotion-product-image":[],"trochee-store-promotion-product-button-label":"","trochee-store-promotion-product-button-url":"","trochee-store-promotion-product-title":"","trochee-store-promotion-product-title-url":"","trochee-store-promotion-product-description":"","trochee-store-promotion-product-cta-header":"","trochee-store-promotion-product-price":"","trochee-store-promotion-product-disclaimer":"","trochee-store-promotion-product-id":"","trochee-store-promotion-related-recipes-header":"","trochee-store-promotion-related-recipes":[],"trochee-featured-products-title":"","trochee-featured-products-description":"","trochee-featured-products":[],"trochee-meal-types-title":"","trochee-meal-types-button-label":"","trochee-meal-types-button-url":"","trochee-meal-types":[],"trochee-feat-recipe-product-image":[],"trochee-feat-recipe-product-description":"","trochee-feat-recipe-product-url":"","trochee-feat-recipe-header":"","trochee-feat-recipe-name":"","trochee-feat-recipe-url":"","trochee-feat-recipe-image":[],"trochee-feat-recipe-button-label":"","trochee-feat-recipe-button-url":"","trochee-promoted-product-image":[],"trochee-promoted-product-image-alt-text":"","trochee-promoted-product-header":"","trochee-promoted-product-description":"","trochee-promoted-product-cta-text":"","trochee-promoted-product-cta-url":"","trochee-promoted-product-cta-aria-label":"","trochee-promoted-product-related-recipes":[],"trochee-featured-articles-header":"","trochee-featured-articles-cta-label":"","trochee-featured-articles-cta-url":"","trochee-featured-articles-items":[],"trochee-ribbon-header":"","trochee-ribbon-description":"","trochee-ribbon-cta-label":"","trochee-ribbon-cta-url":"","block-01-portrait":[],"block-01-background":[],"block-01-title":"","block-01-text":"","block-01-overlay":"","block-02-title":"","block-02-text":"","block-03-background":[],"block-03-title":"","block-03-text":"","block-03-overlay":"","block-04-title":"","block-04-text":"","block-05-background":[],"block-05-title":"","block-05-text":"","block-05-overlay":"","block-06-title":"","block-06-text":"","vignette-image":[],"vignette-tagline":"","award-products":[],"form-title":"","locations":[],"store-page-title":"","store-page-description":"","store-page-cta":"","store-page-button-label":"","trochee-hero-video-id":"","trochee-hero-video-background-color":"","post-html-title":"","post-intro":"","post-share-nav-pos":"","post-header-align":"","post-related-section":"1","post-related-section-header":"1","post-featured-status":"1","post-featured-title":"","post-featured-description":"","post-featured-cta":"","listing-type":"","listing-header":"","listing-items":[{"_state":"collapsed"}],"section-banner-switch":"0","section-banner-thumbnail":false,"section-banner-header":"","section-banner-description":"","section-banner-url":"","section-banner-background-color":"","section-banner-text-color":"fc-black","section-banner-margin-top":"mt-none","section-banner-margin-bottom":"mb-none"},"_links":{"self":[{"href":"https:\/\/tropicalcheese.com\/es\/wp-json\/wp\/v2\/pages\/3520","targetHints":{"allow":["GET"]}}],"collection":[{"href":"https:\/\/tropicalcheese.com\/es\/wp-json\/wp\/v2\/pages"}],"about":[{"href":"https:\/\/tropicalcheese.com\/es\/wp-json\/wp\/v2\/types\/page"}],"author":[{"embeddable":true,"href":"https:\/\/tropicalcheese.com\/es\/wp-json\/wp\/v2\/users\/1"}],"replies":[{"embeddable":true,"href":"https:\/\/tropicalcheese.com\/es\/wp-json\/wp\/v2\/comments?post=3520"}],"version-history":[{"count":5,"href":"https:\/\/tropicalcheese.com\/es\/wp-json\/wp\/v2\/pages\/3520\/revisions"}],"predecessor-version":[{"id":100221,"href":"https:\/\/tropicalcheese.com\/es\/wp-json\/wp\/v2\/pages\/3520\/revisions\/100221"}],"wp:featuredmedia":[{"embeddable":true,"href":"https:\/\/tropicalcheese.com\/es\/wp-json\/wp\/v2\/media\/1246"}],"wp:attachment":[{"href":"https:\/\/tropicalcheese.com\/es\/wp-json\/wp\/v2\/media?parent=3520"}],"curies":[{"name":"wp","href":"https:\/\/api.w.org\/{rel}","templated":true}]}}