{"id":6916,"date":"2019-09-19T21:30:55","date_gmt":"2019-09-19T20:30:55","guid":{"rendered":"https:\/\/tropicalcheese.com?page_id=6916"},"modified":"2025-01-06T15:27:53","modified_gmt":"2025-01-06T20:27:53","slug":"terminos-de-uso","status":"publish","type":"page","link":"https:\/\/tropicalcheese.com\/es\/terminos-de-uso","title":{"rendered":"T\u00e9rminos de Uso"},"content":{"rendered":"\n<h2 class=\"wp-block-heading\">Aceptaci\u00f3n de los t\u00e9rminos de uso<\/h2>\n\n\n\n<p>\u00a1Bienvenido al sitio web de Tropical Cheese Industries, Inc.! \u00a1Esperamos que encuentre \u00fatil e informativo el contenido de nuestro sitio web! Por favor revise los siguientes t\u00e9rminos de uso (\u201cT\u00e9rminos de uso\u201d) cuidadosamente pues rigen su uso del sitio web. Los T\u00e9rminos de uso siguientes, y seg\u00fan se establecen en nuestra <a href=\"https:\/\/tropicalcheese.com\/es\/politica-de-privacidad\">Pol\u00edtica de privacidad<\/a>\u00a0 y T\u00e9rminos y condiciones generales, constituyen un acuerdo legal entre cualquier visitante de este sitio web (&#8220;Visitante&#8221; o &#8220;Usted&#8221; o &#8220;Su&#8221;) y Tropical Cheese Industries, Inc. (&#8220;Tropical&#8221; o &#8220;Nosotros&#8221;). Los siguientes T\u00e9rminos de uso, junto con cualquier documento que incorporen, rigen Su acceso a y el uso de nuestro sitio web www.tropicalcheese.com (&#8220;Sitio web&#8221;), incluyendo cualquier contenido en el sitio web. Al acceder, navegar o usar el sitio web, usted acepta que ha le\u00eddo, entendido y por este medio acuerda a obedecer la Pol\u00edtica de privacidad, los T\u00e9rminos y condiciones generales y los T\u00e9rminos de uso aqu\u00ed establecidos y a cumplir con las leyes y regulaciones aplicables relacionadas con el uso de este sitio web. Si no est\u00e1 de acuerdo con la Pol\u00edtica de privacidad, los T\u00e9rminos y condiciones generales y estos T\u00e9rminos de uso, descontin\u00fae su acceso a este sitio web y no utilice este sitio web.<\/p>\n\n\n\n<h2 class=\"wp-block-heading\">Personas menores de 13 a\u00f1os de edad<\/h2>\n\n\n\n<p>Nuestro sitio web no\nest\u00e1 dirigido a ning\u00fan menor de 13 a\u00f1os de edad. Ninguna persona menor de 13\na\u00f1os de edad puede proveer ninguna informaci\u00f3n a o en el sitio web. No\nrecopilamos intencionalmente informaci\u00f3n personal de ni\u00f1os menores de 13 a\u00f1os\nde edad. Seg\u00fan se indica en la Pol\u00edtica de privacidad, si nos enteramos de que\nhemos recopilado o recibido informaci\u00f3n personal de cualquier persona menor de\n13 a\u00f1os, eliminaremos dicha informaci\u00f3n.<\/p>\n\n\n\n<h2 class=\"wp-block-heading\">Cambios a los T\u00e9rminos de uso<\/h2>\n\n\n\n<p>Podemos\nrevisar y actualizar estos T\u00e9rminos de uso peri\u00f3dicamente a nuestra exclusiva\ndiscreci\u00f3n. Todos los cambios son efectivos inmediatamente cuando los\npubliquemos. Si contin\u00faa utilizando el sitio web luego de haberse publicado los\nT\u00e9rminos de uso revisados, ello evidenciar\u00e1 su aceptaci\u00f3n y acuerdo con los\ncambios.<\/p>\n\n\n\n<h2 class=\"wp-block-heading\">Derechos de autor, marcas registradas y propiedad intelectual<\/h2>\n\n\n\n<p>Este sitio web\ncontiene material que es propiedad o para el cual tenemos licencia. Este\nmaterial incluye, pero no se limita a gr\u00e1ficos, im\u00e1genes, videos, audio, as\u00ed\ncomo al dise\u00f1o, organizaci\u00f3n o apariencia del mismo. La informaci\u00f3n y material\nprovisto en este sitio web, as\u00ed como el material y la informaci\u00f3n que usted\nacceda a trav\u00e9s de los enlaces provistos en este sitio web est\u00e1n protegidos por\nley, incluyendo, sin limitaci\u00f3n, derechos de autor, marca registrada, patente,\nsecretos comerciales y otra propiedad intelectual o leyes de derechos de\npropiedad. Los visitantes que elijan acceder a este sitio web y otros sitios a\ntrav\u00e9s de los enlaces en este sitio son responsables de cumplir con dichas\nleyes de derechos de autor y todas las dem\u00e1s leyes aplicables. Todas las marcas\nregistradas (incluyendo el nombre de Tropical), nombres relacionados,\nlogotipos, nombres de productos y servicios, dise\u00f1os y lemas (colectivamente\ndenominados &#8220;Marcas registradas de Tropical&#8221;) usados y mostrados en\neste sitio web son marcas registradas y no registradas de Tropical. El sitio\nweb tambi\u00e9n puede contener marcas registradas de otros. Nada en este sitio web\nse interpretar\u00e1 como que se otorga una licencia o alg\u00fan otro derecho para usar\ndichas marcas registradas sin el permiso expreso escrito del due\u00f1o de la marca\nregistrada. Los visitantes no pueden utilizar las marcas registradas ni\nlogotipos de Tropical sin permiso expreso por escrito.<\/p>\n\n\n\n<h2 class=\"wp-block-heading\">Restricciones sobre el uso de contenido<\/h2>\n\n\n\n<p>El material y la informaci\u00f3n ofrecida en este sitio web se hace disponible \u00fanicamente para prop\u00f3sitos informativos generales y para proveer acceso a la informaci\u00f3n sobre Tropical, sus productos y servicios y la industria. Usted puede utilizar el sitio web solamente para prop\u00f3sitos l\u00edcitos y conforme a estos T\u00e9rminos de uso. Excepto seg\u00fan se disponga espec\u00edficamente en este sitio web, el material y la informaci\u00f3n hecha disponible no ser\u00e1 copiada, reproducida, distribuida, publicada nuevamente, descargada (excepto para uso no comercial), mostrada nuevamente, publicada o transmitida de cualquier forma o por ning\u00fan medio sin el debido permiso por escrito de Tropical o del due\u00f1o del contenido. Adem\u00e1s, usted acepta no utilizar este sitio web:<\/p>\n\n\n\n<ul class=\"wp-block-list\"><li>De ninguna manera que viole alguna ley o regulaci\u00f3n federal, estatal, local o internacional (incluyendo, sin limitaci\u00f3n, cualquier ley sobre la exportaci\u00f3n de datos o software hacia y desde los EE.UU. u otros pa\u00edses)<\/li><li>Para hacerse pasar o intentar hacerse pasar por Tropical, nuestros empleados, otro usuario o por cualquier otra persona o entidad (incluyendo, sin limitaci\u00f3n, usando direcciones de correo electr\u00f3nico asociadas con alguno de los anteriores)<\/li><li>Para mostrar cualquier otra conducta que restrinja o inhiba el uso o disfrute de cualquier otra persona del sitio web, seg\u00fan lo determinemos nosotros, que pueda hacer da\u00f1o a Tropical o a los usuarios de este sitio web o que los exponga a responsabilidad civil<\/li><li>Utilizar cualquier proceso manual, rob\u00f3tico, de ara\u00f1a u otro dispositivo, proceso o modo autom\u00e1tico para acceder al sitio web para prop\u00f3sito alguno, incluyendo el monitorear o copiar cualquier material en el sitio web sin nuestro consentimiento autorizado<\/li><li>Utilizar cualquier proceso manual, rob\u00f3tico, de ara\u00f1a u otro dispositivo, proceso o modo autom\u00e1tico para acceder al sitio web para prop\u00f3sito alguno, incluyendo el monitorear o copiar cualquier material en el sitio web sin nuestro consentimiento autorizado<\/li><li>Utilizar cualquier dispositivo, software o rutina que interfiera con el debido funcionamiento del sitio web; para introducir cualquier virus, caballos de troya, gusanos, bombas l\u00f3gicas o cualquier otro material malicioso o tecnol\u00f3gicamente da\u00f1ino; para intentar obtener acceso no autorizado, interferir, da\u00f1ar o interrumpir cualquier parte del sitio web, el servidor en el que est\u00e1 almacenado, o cualquier servidor, computadora o base de datos conectada al sitio web; o para de otro modo intentar interferir con el debido funcionamiento del sitio web<\/li><\/ul>\n\n\n\n<h2 class=\"wp-block-heading\">Violaci\u00f3n a los derechos de propiedad intelectual<\/h2>\n\n\n\n<p>Si usted es el due\u00f1o de los derechos de\npropiedad intelectual o es un agente de un due\u00f1o y cree, de buena fe, que alg\u00fan\nmaterial provisto en el sitio web viola sus derechos de propiedad intelectual,\npuede enviar una notificaci\u00f3n conforme a la Ley Digital del Milenio para los\nDerechos de Autor (17 U.S.C 512) enviando la siguiente informaci\u00f3n por escrito\na <a href=\"mailto:admin@tropicalcheese.com\">admin@tropicalcheese.com<\/a>.<\/p>\n\n\n\n<ol class=\"wp-block-list\"><li>Una firma f\u00edsica o electr\u00f3nica de una persona autorizada para actuar a nombre del due\u00f1o de un derecho exclusivo que supuestamente fue violado; <\/li><li>Una descripci\u00f3n de la obra protegida por derechos de propiedad intelectual que se alega fue violada, o, si una sola notificaci\u00f3n abarcar\u00e1 m\u00faltiples obras protegidas por derechos de autor, una lista representativa de dichas obras en ese sitio; <\/li><li>Una descripci\u00f3n del material que se alega se est\u00e1 violando o que es objeto de la actividad en violaci\u00f3n e informaci\u00f3n suficiente para permitirnos localizar dicha obra; <\/li><li>Informaci\u00f3n suficientemente razonable para permitir que el proveedor de servicio le contacte, tal como una direcci\u00f3n, n\u00famero de tel\u00e9fono y\/o direcci\u00f3n de correo electr\u00f3nico; <\/li><li>Una declaraci\u00f3n de que usted cree de buena fe que el uso del material de la manera querellada no est\u00e1 autorizado por el due\u00f1o de los derechos de propiedad intelectual, su agente o la ley; y <\/li><li>Una declaraci\u00f3n de que la informaci\u00f3n en la notificaci\u00f3n es correcta y, bajo pena de perjurio, que usted est\u00e1 autorizado a actuar a nombre del due\u00f1o de un derecho exclusivo que supuestamente ha sido violado.<\/li><\/ol>\n\n\n\n<h2 class=\"wp-block-heading\">Rese\u00f1as de productos<\/h2>\n\n\n\n<p>El sitio web puede permitirles a los clientes publicar rese\u00f1as de productos en o a trav\u00e9s del sitio web (\u201cRese\u00f1as de Productos\u201d).\u00a0 Sus rese\u00f1as de productos no deben incluir ning\u00fan material que sea difamatorio, obsceno, indecente, abusivo, ofensivo, acosador, violento, odioso, inflamatorio o de otro modo objetable o que de otro modo viole los derechos legales (incluyendo los derechos de publicidad y privacidad) de otros.<a> <\/a>Las rese\u00f1as de productos que usted publique en el sitio se considerar\u00e1n no confidenciales y no propietarias. Al proveer las rese\u00f1as de productos en el sitio web, usted nos otorga a nosotros, nuestros afiliados y proveedores de servicio, y a cada uno de nuestros respectivos licenciatarios, sucesores y cesionarios el derecho de utilizar, reproducir, modificar, representar, mostrar, distribuir y de otro modo divulgar a terceros cualquier dicho material para cualquier prop\u00f3sito.<a> <\/a><\/p>\n\n\n\n<p>Usted\nentiende y acepta que usted es responsable de cualquier afirmaci\u00f3n hecha en\nnuestras rese\u00f1as de productos y que usted, no Tropical, tiene la\nresponsabilidad total por dicho contenido, incluyendo su legalidad,\nconfiabilidad, exactitud e idoneidad. <\/p>\n\n\n\n<h2 class=\"wp-block-heading\">Compras en l\u00ednea y otros t\u00e9rminos y condiciones<\/h2>\n\n\n\n<p>Cualquiera y toda compra de productos y\/o servicios a trav\u00e9s del sitio web est\u00e1n sujetas a los T\u00e9rminos y condiciones generales, los cuales se incorporan por este medio a los T\u00e9rminos de uso.<\/p>\n\n\n\n<h2 class=\"wp-block-heading\">Enlaces a otros sitios<\/h2>\n\n\n\n<p>El sitio web\nde Tropical puede incluir contenido provisto por terceros y\/o enlaces a sitios\nweb de terceros. Tropical no controla los sitios web de terceros ni su\nrecolecci\u00f3n o uso de su informaci\u00f3n.&nbsp;\nPodr\u00edamos proveer enlaces a sitios web de terceros como un servicio a\nnuestros usuarios. No somos responsables por el contenido ni por las pr\u00e1cticas\nde recopilaci\u00f3n de informaci\u00f3n de esos sitios web ni de los due\u00f1os terceros de\nestos. Por favor tenga presente que las pol\u00edticas de privacidad de los sitios\nweb pueden variar de la de nosotros. Le animamos a que revise y entienda los\nt\u00e9rminos de sus sitios web sobre el acceso y las pr\u00e1cticas de privacidad antes\nde darles informaci\u00f3n. Adem\u00e1s, el uso por parte de Tropical de un enlace no\ndeber\u00e1 considerarse como un endoso del sitio enlazado. M\u00e1s aun, los distintos\nsitios web tienen diferentes pol\u00edticas de privacidad. Siempre debe verificar la\npol\u00edtica de privacidad del sitio espec\u00edfico que est\u00e1 visitando para entender\nsus derechos. <\/p>\n\n\n\n<h2 class=\"wp-block-heading\">Descargo y limitaci\u00f3n de responsabilidad<\/h2>\n\n\n\n<p><strong>LA\nINFORMACI\u00d3N PRESENTADA EN O A TRAV\u00c9S DEL SITIO WEB SE HACE DISPONIBLE SOLO PARA\nPROP\u00d3SITOS INFORMATIVOS GENERALES. EL MATERIAL Y LA INFORMACI\u00d3N SE PROVEEN\n&#8220;TAL CUAL EST\u00c1N&#8221;. AUNQUE TROPICAL UTILIZA ESFUERZOS RAZONABLES PARA\nINCLUIR INFORMACI\u00d3N ACTUALIZADA Y CORRECTA EN ESTE SITIO WEB, TROPICAL NO\nGARANTIZA QUE LA INFORMACI\u00d3N EN ESTE SITIO WEB O EN LOS SITIOS A LOS CUALES\nTIENE ENLACES SEA \u00daTIL, PRECISA, V\u00c1LIDA NI QUE EST\u00c9 COMPLETA. POR ESTE MEDIO\nTROPICAL RENUNCIA A CUALQUIER Y TODA GARANT\u00cdA, EXPRESA O IMPL\u00cdCITA, INCLUYENDO,\nSIN LIMITACI\u00d3N, LAS GARANT\u00cdAS IMPL\u00cdCITAS DE COMERCIALIZACI\u00d3N, IDONEIDAD PARA UN\nPROP\u00d3SITO PARTICULAR Y NO VIOLACI\u00d3N. EN LA M\u00c1XIMA MEDIDA PROVISTA POR LEY, BAJO\nNINGUNA CIRCUNSTANCIA TROPICAL, <\/strong><strong>SUS FILIALES O SUS LICENCIATARIOS, PROVEEDORES DE SERVICIO, EMPLEADOS,\nAGENTES, FUNCIONARIOS O DIRECTORES <\/strong><strong>SER\u00c1N RESPONSABLES, BAJO CIRCUNSTANCIA ALGUNA,\nPOR CUALQUIER DA\u00d1O DIRECTO, INDIRECTO, ESPECIAL, CONSECUENTE, INCIDENTAL O\nPUNITIVO, QUE DE ALGUNA MANERA SURJA DEL USO DE CUALQUIER VISITANTE O EL NO\nPODER USAR ESTA INFORMACI\u00d3N Y LOS MATERIALES PROVISTOS EN ESTE SITIO. POR ESTE\nMEDIO TROPICAL RENUNCIA A CUALQUIER Y TODA RESPONDABILIDAD CIVIL, Y EL\nVISITANTE, AL VISITAR Y\/O USAR ESTE SITIO WEB, POR ESTE MEDIO EXONERA A\nTROPICAL DE CUALQUIER RESPONSABILIDAD CIVIL RELACIONADA CON EL ACCESO Y\/O USO\nDE ESTE SITIO WEB.<\/strong><strong><\/strong><\/p>\n\n\n\n<h2 class=\"wp-block-heading\">Ley aplicable<\/h2>\n\n\n\n<p>Cualquiera y\ntoda reclamaci\u00f3n, acci\u00f3n y\/o disputa relacionada con este sitio, la informaci\u00f3n\ny materiales contenidos en este sitio y\/o el uso de este sitio por Usted se\nregir\u00e1 por las leyes del estado de Nueva Jersey independientemente de sus\nprincipios de conflictos de derecho. Por este medio usted acepta someterse a la\njurisdicci\u00f3n personal y foro judicial del estado y los tribunales federales\nlocalizados en Nueva Jersey con respecto a cualquier reclamaci\u00f3n, acci\u00f3n y\/o\ndisputa tal. Si alguna\ndisposici\u00f3n de este acuerdo resultara il\u00edcita, nula o sin efecto, ello no\nafectar\u00e1 la validez y efecto de las disposiciones restantes.<\/p>\n","protected":false},"excerpt":{"rendered":"<p>Revisa nuestros t\u00e9rminos de uso y aprende c\u00f3mo aseguramos la mejor experiencia en Tropical Cheese. \u00a1Tu comodidad es lo m\u00e1s importante para nosotros!<\/p>\n","protected":false},"author":1,"featured_media":0,"parent":0,"menu_order":0,"comment_status":"closed","ping_status":"closed","template":"template-plain.php","meta":{"footnotes":""},"class_list":["post-6916","page","type-page","status-publish","hentry","entry"],"yoast_head":"<!-- This site is optimized with the Yoast SEO plugin v27.1.1 - https:\/\/yoast.com\/product\/yoast-seo-wordpress\/ -->\n<title>T\u00e9rminos de Uso - Tropical Cheese<\/title>\n<meta name=\"description\" content=\"Revisa nuestros t\u00e9rminos de uso y aprende c\u00f3mo aseguramos la mejor experiencia en Tropical Cheese. \u00a1Tu comodidad es lo m\u00e1s importante para nosotros!\" \/>\n<meta name=\"robots\" content=\"index, follow, max-snippet:-1, max-image-preview:large, max-video-preview:-1\" \/>\n<link rel=\"canonical\" href=\"https:\/\/tropicalcheese.com\/es\/terminos-de-uso\" \/>\n<meta property=\"og:locale\" content=\"es_ES\" \/>\n<meta property=\"og:type\" content=\"article\" \/>\n<meta property=\"og:title\" content=\"T\u00e9rminos de Uso - Tropical Cheese\" \/>\n<meta property=\"og:description\" content=\"Revisa nuestros t\u00e9rminos de uso y aprende c\u00f3mo aseguramos la mejor experiencia en Tropical Cheese. \u00a1Tu comodidad es lo m\u00e1s importante para nosotros!\" \/>\n<meta property=\"og:url\" content=\"https:\/\/tropicalcheese.com\/es\/terminos-de-uso\" \/>\n<meta property=\"og:site_name\" content=\"Tropical Cheese\" \/>\n<meta property=\"article:publisher\" content=\"https:\/\/www.facebook.com\/TropicalCheeseInd\" \/>\n<meta property=\"article:modified_time\" content=\"2025-01-06T20:27:53+00:00\" \/>\n<meta name=\"twitter:card\" content=\"summary_large_image\" \/>\n<meta name=\"twitter:site\" content=\"@tropicalcheese\" \/>\n<meta name=\"twitter:label1\" content=\"Tiempo de lectura\" \/>\n\t<meta name=\"twitter:data1\" content=\"9 minutos\" \/>\n<script type=\"application\/ld+json\" class=\"yoast-schema-graph\">{\"@context\":\"https:\/\/schema.org\",\"@graph\":[{\"@type\":\"WebPage\",\"@id\":\"https:\/\/tropicalcheese.com\/es\/terminos-de-uso\",\"url\":\"https:\/\/tropicalcheese.com\/es\/terminos-de-uso\",\"name\":\"T\u00e9rminos de Uso - Tropical Cheese\",\"isPartOf\":{\"@id\":\"https:\/\/tropicalcheese.com\/es#website\"},\"datePublished\":\"2019-09-19T20:30:55+00:00\",\"dateModified\":\"2025-01-06T20:27:53+00:00\",\"description\":\"Revisa nuestros t\u00e9rminos de uso y aprende c\u00f3mo aseguramos la mejor experiencia en Tropical Cheese. \u00a1Tu comodidad es lo m\u00e1s importante para nosotros!\",\"breadcrumb\":{\"@id\":\"https:\/\/tropicalcheese.com\/es\/terminos-de-uso#breadcrumb\"},\"inLanguage\":\"es\",\"potentialAction\":[{\"@type\":\"ReadAction\",\"target\":[\"https:\/\/tropicalcheese.com\/es\/terminos-de-uso\"]}]},{\"@type\":\"BreadcrumbList\",\"@id\":\"https:\/\/tropicalcheese.com\/es\/terminos-de-uso#breadcrumb\",\"itemListElement\":[{\"@type\":\"ListItem\",\"position\":1,\"name\":\"Home\",\"item\":\"https:\/\/tropicalcheese.com\/es\"},{\"@type\":\"ListItem\",\"position\":2,\"name\":\"T\u00e9rminos de Uso\"}]},{\"@type\":\"WebSite\",\"@id\":\"https:\/\/tropicalcheese.com\/es#website\",\"url\":\"https:\/\/tropicalcheese.com\/es\",\"name\":\"Tropical Cheese\",\"description\":\"\",\"publisher\":{\"@id\":\"https:\/\/tropicalcheese.com\/es#organization\"},\"potentialAction\":[{\"@type\":\"SearchAction\",\"target\":{\"@type\":\"EntryPoint\",\"urlTemplate\":\"https:\/\/tropicalcheese.com\/es?s={search_term_string}\"},\"query-input\":{\"@type\":\"PropertyValueSpecification\",\"valueRequired\":true,\"valueName\":\"search_term_string\"}}],\"inLanguage\":\"es\"},{\"@type\":\"Organization\",\"@id\":\"https:\/\/tropicalcheese.com\/es#organization\",\"name\":\"Tropical Cheese\",\"url\":\"https:\/\/tropicalcheese.com\/es\",\"logo\":{\"@type\":\"ImageObject\",\"inLanguage\":\"es\",\"@id\":\"https:\/\/tropicalcheese.com\/es#\/schema\/logo\/image\/\",\"url\":\"https:\/\/tropicalcheese.com\/wp-content\/uploads\/2019\/06\/tropical-cheese-logo.jpg\",\"contentUrl\":\"https:\/\/tropicalcheese.com\/wp-content\/uploads\/2019\/06\/tropical-cheese-logo.jpg\",\"width\":800,\"height\":400,\"caption\":\"Tropical Cheese\"},\"image\":{\"@id\":\"https:\/\/tropicalcheese.com\/es#\/schema\/logo\/image\/\"},\"sameAs\":[\"https:\/\/www.facebook.com\/TropicalCheeseInd\",\"https:\/\/x.com\/tropicalcheese\",\"http:\/\/instagram.com\/tropicalcheese\",\"https:\/\/www.youtube.com\/user\/TropicalCheeseInd\"]}]}<\/script>\n<!-- \/ Yoast SEO plugin. -->","yoast_head_json":{"title":"T\u00e9rminos de Uso - Tropical Cheese","description":"Revisa nuestros t\u00e9rminos de uso y aprende c\u00f3mo aseguramos la mejor experiencia en Tropical Cheese. \u00a1Tu comodidad es lo m\u00e1s importante para nosotros!","robots":{"index":"index","follow":"follow","max-snippet":"max-snippet:-1","max-image-preview":"max-image-preview:large","max-video-preview":"max-video-preview:-1"},"canonical":"https:\/\/tropicalcheese.com\/es\/terminos-de-uso","og_locale":"es_ES","og_type":"article","og_title":"T\u00e9rminos de Uso - Tropical Cheese","og_description":"Revisa nuestros t\u00e9rminos de uso y aprende c\u00f3mo aseguramos la mejor experiencia en Tropical Cheese. \u00a1Tu comodidad es lo m\u00e1s importante para nosotros!","og_url":"https:\/\/tropicalcheese.com\/es\/terminos-de-uso","og_site_name":"Tropical Cheese","article_publisher":"https:\/\/www.facebook.com\/TropicalCheeseInd","article_modified_time":"2025-01-06T20:27:53+00:00","twitter_card":"summary_large_image","twitter_site":"@tropicalcheese","twitter_misc":{"Tiempo de lectura":"9 minutos"},"schema":{"@context":"https:\/\/schema.org","@graph":[{"@type":"WebPage","@id":"https:\/\/tropicalcheese.com\/es\/terminos-de-uso","url":"https:\/\/tropicalcheese.com\/es\/terminos-de-uso","name":"T\u00e9rminos de Uso - Tropical Cheese","isPartOf":{"@id":"https:\/\/tropicalcheese.com\/es#website"},"datePublished":"2019-09-19T20:30:55+00:00","dateModified":"2025-01-06T20:27:53+00:00","description":"Revisa nuestros t\u00e9rminos de uso y aprende c\u00f3mo aseguramos la mejor experiencia en Tropical Cheese. \u00a1Tu comodidad es lo m\u00e1s importante para nosotros!","breadcrumb":{"@id":"https:\/\/tropicalcheese.com\/es\/terminos-de-uso#breadcrumb"},"inLanguage":"es","potentialAction":[{"@type":"ReadAction","target":["https:\/\/tropicalcheese.com\/es\/terminos-de-uso"]}]},{"@type":"BreadcrumbList","@id":"https:\/\/tropicalcheese.com\/es\/terminos-de-uso#breadcrumb","itemListElement":[{"@type":"ListItem","position":1,"name":"Home","item":"https:\/\/tropicalcheese.com\/es"},{"@type":"ListItem","position":2,"name":"T\u00e9rminos de Uso"}]},{"@type":"WebSite","@id":"https:\/\/tropicalcheese.com\/es#website","url":"https:\/\/tropicalcheese.com\/es","name":"Tropical Cheese","description":"","publisher":{"@id":"https:\/\/tropicalcheese.com\/es#organization"},"potentialAction":[{"@type":"SearchAction","target":{"@type":"EntryPoint","urlTemplate":"https:\/\/tropicalcheese.com\/es?s={search_term_string}"},"query-input":{"@type":"PropertyValueSpecification","valueRequired":true,"valueName":"search_term_string"}}],"inLanguage":"es"},{"@type":"Organization","@id":"https:\/\/tropicalcheese.com\/es#organization","name":"Tropical Cheese","url":"https:\/\/tropicalcheese.com\/es","logo":{"@type":"ImageObject","inLanguage":"es","@id":"https:\/\/tropicalcheese.com\/es#\/schema\/logo\/image\/","url":"https:\/\/tropicalcheese.com\/wp-content\/uploads\/2019\/06\/tropical-cheese-logo.jpg","contentUrl":"https:\/\/tropicalcheese.com\/wp-content\/uploads\/2019\/06\/tropical-cheese-logo.jpg","width":800,"height":400,"caption":"Tropical Cheese"},"image":{"@id":"https:\/\/tropicalcheese.com\/es#\/schema\/logo\/image\/"},"sameAs":["https:\/\/www.facebook.com\/TropicalCheeseInd","https:\/\/x.com\/tropicalcheese","http:\/\/instagram.com\/tropicalcheese","https:\/\/www.youtube.com\/user\/TropicalCheeseInd"]}]}},"meta_box":{"trochee-menu-item-default-image":[],"trochee-menu-item-default-image-position":"","trochee-vertical-menu":[],"trochee-background-video-image":[],"trochee-background-video-muted-id":"","trochee-background-video-sound-id":"","trochee-background-video-title":"","trochee-background-video-button-label":"","trochee-background-video-button-url":"","trochee-store-promotion-product-image":[],"trochee-store-promotion-product-button-label":"","trochee-store-promotion-product-button-url":"","trochee-store-promotion-product-title":"","trochee-store-promotion-product-title-url":"","trochee-store-promotion-product-description":"","trochee-store-promotion-product-cta-header":"","trochee-store-promotion-product-price":"","trochee-store-promotion-product-disclaimer":"","trochee-store-promotion-product-id":"","trochee-store-promotion-related-recipes-header":"","trochee-store-promotion-related-recipes":[],"trochee-featured-products-title":"","trochee-featured-products-description":"","trochee-featured-products":[],"trochee-meal-types-title":"","trochee-meal-types-button-label":"","trochee-meal-types-button-url":"","trochee-meal-types":[],"trochee-feat-recipe-product-image":[],"trochee-feat-recipe-product-description":"","trochee-feat-recipe-product-url":"","trochee-feat-recipe-header":"","trochee-feat-recipe-name":"","trochee-feat-recipe-url":"","trochee-feat-recipe-image":[],"trochee-feat-recipe-button-label":"","trochee-feat-recipe-button-url":"","trochee-promoted-product-image":[],"trochee-promoted-product-image-alt-text":"","trochee-promoted-product-header":"","trochee-promoted-product-description":"","trochee-promoted-product-cta-text":"","trochee-promoted-product-cta-url":"","trochee-promoted-product-cta-aria-label":"","trochee-promoted-product-related-recipes":[],"trochee-featured-articles-header":"","trochee-featured-articles-cta-label":"","trochee-featured-articles-cta-url":"","trochee-featured-articles-items":[],"trochee-ribbon-header":"","trochee-ribbon-description":"","trochee-ribbon-cta-label":"","trochee-ribbon-cta-url":"","block-01-portrait":[],"block-01-background":[],"block-01-title":"","block-01-text":"","block-01-overlay":"","block-02-title":"","block-02-text":"","block-03-background":[],"block-03-title":"","block-03-text":"","block-03-overlay":"","block-04-title":"","block-04-text":"","block-05-background":[],"block-05-title":"","block-05-text":"","block-05-overlay":"","block-06-title":"","block-06-text":"","vignette-image":[],"vignette-tagline":"","award-products":[],"form-title":"","locations":[],"store-page-title":"","store-page-description":"","store-page-cta":"","store-page-button-label":"","trochee-hero-video-id":"","trochee-hero-video-background-color":"","post-html-title":"","post-intro":"","post-share-nav-pos":"","post-header-align":"","post-related-section":"1","post-related-section-header":"1","post-featured-status":"1","post-featured-title":"","post-featured-description":"","post-featured-cta":"","listing-type":"","listing-header":"","listing-items":[{"_state":"collapsed"}],"section-banner-switch":"0","section-banner-thumbnail":false,"section-banner-header":"","section-banner-description":"","section-banner-url":"","section-banner-background-color":"","section-banner-text-color":"fc-black","section-banner-margin-top":"mt-none","section-banner-margin-bottom":"mb-none"},"_links":{"self":[{"href":"https:\/\/tropicalcheese.com\/es\/wp-json\/wp\/v2\/pages\/6916","targetHints":{"allow":["GET"]}}],"collection":[{"href":"https:\/\/tropicalcheese.com\/es\/wp-json\/wp\/v2\/pages"}],"about":[{"href":"https:\/\/tropicalcheese.com\/es\/wp-json\/wp\/v2\/types\/page"}],"author":[{"embeddable":true,"href":"https:\/\/tropicalcheese.com\/es\/wp-json\/wp\/v2\/users\/1"}],"replies":[{"embeddable":true,"href":"https:\/\/tropicalcheese.com\/es\/wp-json\/wp\/v2\/comments?post=6916"}],"version-history":[{"count":3,"href":"https:\/\/tropicalcheese.com\/es\/wp-json\/wp\/v2\/pages\/6916\/revisions"}],"predecessor-version":[{"id":101224,"href":"https:\/\/tropicalcheese.com\/es\/wp-json\/wp\/v2\/pages\/6916\/revisions\/101224"}],"wp:attachment":[{"href":"https:\/\/tropicalcheese.com\/es\/wp-json\/wp\/v2\/media?parent=6916"}],"curies":[{"name":"wp","href":"https:\/\/api.w.org\/{rel}","templated":true}]}}