{"id":14586,"date":"2020-11-09T05:00:14","date_gmt":"2020-11-09T05:00:14","guid":{"rendered":"https:\/\/tropicalcheese.com\/?post_type=product&#038;p=14586"},"modified":"2025-03-03T15:14:50","modified_gmt":"2025-03-03T20:14:50","slug":"queso-de-freir-y-salami-especial","status":"publish","type":"product","link":"https:\/\/tropicalcheese.com\/es\/tienda\/queso-de-freir-y-salami-especial","title":{"rendered":"Queso de Fre\u00edr + Salami Especial"},"content":{"rendered":"<p>Este paquete est\u00e1 lleno de sabor. El Queso de Fre\u00edr y el Salami Especial Tropical son una gran combinaci\u00f3n muy popular en el Caribe, especialmente en la Rep\u00fablica Dominicana y Puerto Rico. Adem\u00e1s, son dos de nuestros productos estrella.<\/p>\n<p>El Queso de Fre\u00edr y el Salami Especial Tropical son como su nombre lo dice, perfectos para fre\u00edr, pero tambi\u00e9n pueden guisarse, asarse o cocinarse a la parrilla. La magia del Queso de Fre\u00edr Tropical es que no se derrite cuando se calienta, as\u00ed que puede fre\u00edrse sin necesidad de empanizarlo, creando una textura dorada y crujiente en el exterior, y suave en el interior. El Salami Especial es un embutido curado hecho con carde de cerdo y pollo, con rico sabor ahumado.<\/p>\n<p>El <a href=\"https:\/\/tropicalcheese.com\/es\/renovando-las-tradiciones-es\/mangu-con-tres-golpes\">Desayuno Dominicano<\/a>, o Tres Golpes, es el plato que hace al Queso de Fre\u00edr y el Salami Especial Tropical una pareja inseparable. Este rico desayuno incluye queso y salami fritos, mang\u00fa y huevo. Descubre m\u00e1s recetas con Queso de Fr\u00e9ir y Salami Especial Tropicai juntos, como el <a href=\"https:\/\/tropicalcheese.com\/es\/recetas\/almuerzos\/locrio-de-salami-y-queso-de-freir\">Locrio de Queso y Salami<\/a>, <a href=\"https:\/\/tropicalcheese.com\/es\/recetas\/almuerzos\/spaghetti-con-salami-y-queso-de-freir\">spaghetti<\/a>, y ricos aperitivos como estos <a href=\"https:\/\/tropicalcheese.com\/es\/recetas\/aperitivos\/chips-de-queso\">chips de queso<\/a>, estas <a href=\"https:\/\/tropicalcheese.com\/es\/recetas\/almuerzos\/spaghetti-con-salami-y-queso-de-freir\">mini pizzas<\/a> de pl\u00e1tano verde o esta <a href=\"https:\/\/tropicalcheese.com\/es\/recetas\/almuerzos\/bandeja-de-aperitivos-calientes\">bandeja caliente<\/a>.<\/p>\n<p>Si ya eres amante del Queso de Fre\u00edr y Salami Especial Tropical, este paquete es una forma conveniente para tenerlo siempre a la mano en casa.<\/p>\n<p>Puedes comprar Queso de Fre\u00edr y el Salami Especial Tropical, en los supermercados donde se vendan productos Tropical. Usa nuestro <a href=\"https:\/\/tropicalcheese.com\/es\/localizador-de-tiendas\">Localizador de Tiendas<\/a> para encontrar un lugar cerca de ti.<\/p>\n<h2><strong>La caja incluye:<\/strong><\/h2>\n<ul>\n<li>3 paquetes de <a href=\"https:\/\/tropicalcheese.com\/es\/productos\/quesos\/queso-de-freir\">Queso de Fre\u00edr (16oz)<\/a><\/li>\n<li>3 paquetes de <a href=\"https:\/\/tropicalcheese.com\/es\/productos\/carnes-y-mariscos\/salami-especial-14oz\">Salami Especial (14oz)<\/a><\/li>\n<\/ul>\n","protected":false},"excerpt":{"rendered":"<p>\u00a1El par perfecto! Queso de Fre\u00edr y Salami son el comienzo de una sabrosa comida con toda la familia.<\/p>\n","protected":false},"featured_media":14582,"comment_status":"open","ping_status":"closed","template":"","meta":{"footnotes":""},"product_brand":[],"product_cat":[364],"product_tag":[],"class_list":{"0":"post-14586","1":"product","2":"type-product","3":"status-publish","4":"has-post-thumbnail","6":"product_cat-uncategorized-es","7":"entry","9":"first","10":"instock","11":"featured","12":"shipping-taxable","13":"purchasable","14":"product-type-simple"},"yoast_head":"<!-- This site is optimized with the Yoast SEO plugin v27.1.1 - https:\/\/yoast.com\/product\/yoast-seo-wordpress\/ -->\n<title>Queso de Fre\u00edr + Salami Especial - Tropical Cheese<\/title>\n<meta name=\"description\" content=\"\u00a1El par perfecto! Queso de Fre\u00edr y Salami son el comienzo de una sabrosa comida con toda la familia.\" \/>\n<meta name=\"robots\" content=\"index, follow, max-snippet:-1, max-image-preview:large, max-video-preview:-1\" \/>\n<link rel=\"canonical\" href=\"https:\/\/tropicalcheese.com\/es\/tienda\/queso-de-freir-y-salami-especial\" \/>\n<meta property=\"og:locale\" content=\"es_ES\" \/>\n<meta property=\"og:type\" content=\"article\" \/>\n<meta property=\"og:title\" content=\"Queso de Fre\u00edr + Salami Especial - Tropical Cheese\" \/>\n<meta property=\"og:description\" content=\"\u00a1El par perfecto! Queso de Fre\u00edr y Salami son el comienzo de una sabrosa comida con toda la familia.\" \/>\n<meta property=\"og:url\" content=\"https:\/\/tropicalcheese.com\/es\/tienda\/queso-de-freir-y-salami-especial\" \/>\n<meta property=\"og:site_name\" content=\"Tropical Cheese\" \/>\n<meta property=\"article:publisher\" content=\"https:\/\/www.facebook.com\/TropicalCheeseInd\" \/>\n<meta property=\"article:modified_time\" content=\"2025-03-03T20:14:50+00:00\" \/>\n<meta property=\"og:image\" content=\"https:\/\/tropicalcheese.com\/wp-content\/uploads\/2020\/11\/bundle-freir-salami.jpg\" \/>\n\t<meta property=\"og:image:width\" content=\"820\" \/>\n\t<meta property=\"og:image:height\" content=\"820\" \/>\n\t<meta property=\"og:image:type\" content=\"image\/jpeg\" \/>\n<meta name=\"twitter:card\" content=\"summary_large_image\" \/>\n<meta name=\"twitter:site\" content=\"@tropicalcheese\" \/>\n<meta name=\"twitter:label1\" content=\"Tiempo de lectura\" \/>\n\t<meta name=\"twitter:data1\" content=\"2 minutos\" \/>\n<script type=\"application\/ld+json\" class=\"yoast-schema-graph\">{\"@context\":\"https:\/\/schema.org\",\"@graph\":[{\"@type\":\"WebPage\",\"@id\":\"https:\/\/tropicalcheese.com\/es\/tienda\/queso-de-freir-y-salami-especial\",\"url\":\"https:\/\/tropicalcheese.com\/es\/tienda\/queso-de-freir-y-salami-especial\",\"name\":\"Queso de Fre\u00edr + Salami Especial - Tropical Cheese\",\"isPartOf\":{\"@id\":\"https:\/\/tropicalcheese.com\/es#website\"},\"primaryImageOfPage\":{\"@id\":\"https:\/\/tropicalcheese.com\/es\/tienda\/queso-de-freir-y-salami-especial#primaryimage\"},\"image\":{\"@id\":\"https:\/\/tropicalcheese.com\/es\/tienda\/queso-de-freir-y-salami-especial#primaryimage\"},\"thumbnailUrl\":\"https:\/\/tropicalcheese.com\/wp-content\/uploads\/2020\/11\/bundle-freir-salami.jpg\",\"datePublished\":\"2020-11-09T05:00:14+00:00\",\"dateModified\":\"2025-03-03T20:14:50+00:00\",\"description\":\"\u00a1El par perfecto! Queso de Fre\u00edr y Salami son el comienzo de una sabrosa comida con toda la familia.\",\"breadcrumb\":{\"@id\":\"https:\/\/tropicalcheese.com\/es\/tienda\/queso-de-freir-y-salami-especial#breadcrumb\"},\"inLanguage\":\"es\",\"potentialAction\":[{\"@type\":\"ReadAction\",\"target\":[\"https:\/\/tropicalcheese.com\/es\/tienda\/queso-de-freir-y-salami-especial\"]}]},{\"@type\":\"ImageObject\",\"inLanguage\":\"es\",\"@id\":\"https:\/\/tropicalcheese.com\/es\/tienda\/queso-de-freir-y-salami-especial#primaryimage\",\"url\":\"https:\/\/tropicalcheese.com\/wp-content\/uploads\/2020\/11\/bundle-freir-salami.jpg\",\"contentUrl\":\"https:\/\/tropicalcheese.com\/wp-content\/uploads\/2020\/11\/bundle-freir-salami.jpg\",\"width\":820,\"height\":820},{\"@type\":\"BreadcrumbList\",\"@id\":\"https:\/\/tropicalcheese.com\/es\/tienda\/queso-de-freir-y-salami-especial#breadcrumb\",\"itemListElement\":[{\"@type\":\"ListItem\",\"position\":1,\"name\":\"Home\",\"item\":\"https:\/\/tropicalcheese.com\/es\"},{\"@type\":\"ListItem\",\"position\":2,\"name\":\"Tienda\",\"item\":\"https:\/\/tropicalcheese.com\/es\/tienda\"},{\"@type\":\"ListItem\",\"position\":3,\"name\":\"Queso de Fre\u00edr + Salami Especial\"}]},{\"@type\":\"WebSite\",\"@id\":\"https:\/\/tropicalcheese.com\/es#website\",\"url\":\"https:\/\/tropicalcheese.com\/es\",\"name\":\"Tropical Cheese\",\"description\":\"\",\"publisher\":{\"@id\":\"https:\/\/tropicalcheese.com\/es#organization\"},\"potentialAction\":[{\"@type\":\"SearchAction\",\"target\":{\"@type\":\"EntryPoint\",\"urlTemplate\":\"https:\/\/tropicalcheese.com\/es?s={search_term_string}\"},\"query-input\":{\"@type\":\"PropertyValueSpecification\",\"valueRequired\":true,\"valueName\":\"search_term_string\"}}],\"inLanguage\":\"es\"},{\"@type\":\"Organization\",\"@id\":\"https:\/\/tropicalcheese.com\/es#organization\",\"name\":\"Tropical Cheese\",\"url\":\"https:\/\/tropicalcheese.com\/es\",\"logo\":{\"@type\":\"ImageObject\",\"inLanguage\":\"es\",\"@id\":\"https:\/\/tropicalcheese.com\/es#\/schema\/logo\/image\/\",\"url\":\"https:\/\/tropicalcheese.com\/wp-content\/uploads\/2019\/06\/tropical-cheese-logo.jpg\",\"contentUrl\":\"https:\/\/tropicalcheese.com\/wp-content\/uploads\/2019\/06\/tropical-cheese-logo.jpg\",\"width\":800,\"height\":400,\"caption\":\"Tropical Cheese\"},\"image\":{\"@id\":\"https:\/\/tropicalcheese.com\/es#\/schema\/logo\/image\/\"},\"sameAs\":[\"https:\/\/www.facebook.com\/TropicalCheeseInd\",\"https:\/\/x.com\/tropicalcheese\",\"http:\/\/instagram.com\/tropicalcheese\",\"https:\/\/www.youtube.com\/user\/TropicalCheeseInd\"]}]}<\/script>\n<!-- \/ Yoast SEO plugin. -->","yoast_head_json":{"title":"Queso de Fre\u00edr + Salami Especial - Tropical Cheese","description":"\u00a1El par perfecto! Queso de Fre\u00edr y Salami son el comienzo de una sabrosa comida con toda la familia.","robots":{"index":"index","follow":"follow","max-snippet":"max-snippet:-1","max-image-preview":"max-image-preview:large","max-video-preview":"max-video-preview:-1"},"canonical":"https:\/\/tropicalcheese.com\/es\/tienda\/queso-de-freir-y-salami-especial","og_locale":"es_ES","og_type":"article","og_title":"Queso de Fre\u00edr + Salami Especial - Tropical Cheese","og_description":"\u00a1El par perfecto! Queso de Fre\u00edr y Salami son el comienzo de una sabrosa comida con toda la familia.","og_url":"https:\/\/tropicalcheese.com\/es\/tienda\/queso-de-freir-y-salami-especial","og_site_name":"Tropical Cheese","article_publisher":"https:\/\/www.facebook.com\/TropicalCheeseInd","article_modified_time":"2025-03-03T20:14:50+00:00","og_image":[{"width":820,"height":820,"url":"https:\/\/tropicalcheese.com\/wp-content\/uploads\/2020\/11\/bundle-freir-salami.jpg","type":"image\/jpeg"}],"twitter_card":"summary_large_image","twitter_site":"@tropicalcheese","twitter_misc":{"Tiempo de lectura":"2 minutos"},"schema":{"@context":"https:\/\/schema.org","@graph":[{"@type":"WebPage","@id":"https:\/\/tropicalcheese.com\/es\/tienda\/queso-de-freir-y-salami-especial","url":"https:\/\/tropicalcheese.com\/es\/tienda\/queso-de-freir-y-salami-especial","name":"Queso de Fre\u00edr + Salami Especial - Tropical Cheese","isPartOf":{"@id":"https:\/\/tropicalcheese.com\/es#website"},"primaryImageOfPage":{"@id":"https:\/\/tropicalcheese.com\/es\/tienda\/queso-de-freir-y-salami-especial#primaryimage"},"image":{"@id":"https:\/\/tropicalcheese.com\/es\/tienda\/queso-de-freir-y-salami-especial#primaryimage"},"thumbnailUrl":"https:\/\/tropicalcheese.com\/wp-content\/uploads\/2020\/11\/bundle-freir-salami.jpg","datePublished":"2020-11-09T05:00:14+00:00","dateModified":"2025-03-03T20:14:50+00:00","description":"\u00a1El par perfecto! Queso de Fre\u00edr y Salami son el comienzo de una sabrosa comida con toda la familia.","breadcrumb":{"@id":"https:\/\/tropicalcheese.com\/es\/tienda\/queso-de-freir-y-salami-especial#breadcrumb"},"inLanguage":"es","potentialAction":[{"@type":"ReadAction","target":["https:\/\/tropicalcheese.com\/es\/tienda\/queso-de-freir-y-salami-especial"]}]},{"@type":"ImageObject","inLanguage":"es","@id":"https:\/\/tropicalcheese.com\/es\/tienda\/queso-de-freir-y-salami-especial#primaryimage","url":"https:\/\/tropicalcheese.com\/wp-content\/uploads\/2020\/11\/bundle-freir-salami.jpg","contentUrl":"https:\/\/tropicalcheese.com\/wp-content\/uploads\/2020\/11\/bundle-freir-salami.jpg","width":820,"height":820},{"@type":"BreadcrumbList","@id":"https:\/\/tropicalcheese.com\/es\/tienda\/queso-de-freir-y-salami-especial#breadcrumb","itemListElement":[{"@type":"ListItem","position":1,"name":"Home","item":"https:\/\/tropicalcheese.com\/es"},{"@type":"ListItem","position":2,"name":"Tienda","item":"https:\/\/tropicalcheese.com\/es\/tienda"},{"@type":"ListItem","position":3,"name":"Queso de Fre\u00edr + Salami Especial"}]},{"@type":"WebSite","@id":"https:\/\/tropicalcheese.com\/es#website","url":"https:\/\/tropicalcheese.com\/es","name":"Tropical Cheese","description":"","publisher":{"@id":"https:\/\/tropicalcheese.com\/es#organization"},"potentialAction":[{"@type":"SearchAction","target":{"@type":"EntryPoint","urlTemplate":"https:\/\/tropicalcheese.com\/es?s={search_term_string}"},"query-input":{"@type":"PropertyValueSpecification","valueRequired":true,"valueName":"search_term_string"}}],"inLanguage":"es"},{"@type":"Organization","@id":"https:\/\/tropicalcheese.com\/es#organization","name":"Tropical Cheese","url":"https:\/\/tropicalcheese.com\/es","logo":{"@type":"ImageObject","inLanguage":"es","@id":"https:\/\/tropicalcheese.com\/es#\/schema\/logo\/image\/","url":"https:\/\/tropicalcheese.com\/wp-content\/uploads\/2019\/06\/tropical-cheese-logo.jpg","contentUrl":"https:\/\/tropicalcheese.com\/wp-content\/uploads\/2019\/06\/tropical-cheese-logo.jpg","width":800,"height":400,"caption":"Tropical Cheese"},"image":{"@id":"https:\/\/tropicalcheese.com\/es#\/schema\/logo\/image\/"},"sameAs":["https:\/\/www.facebook.com\/TropicalCheeseInd","https:\/\/x.com\/tropicalcheese","http:\/\/instagram.com\/tropicalcheese","https:\/\/www.youtube.com\/user\/TropicalCheeseInd"]}]}},"meta_box":{"woocom-product-front-image":[{"width":150,"height":150,"file":"2020\/11\/bundle-freir-salami-custom.jpg","sizes":{"thumbnail":{"file":"bundle-freir-salami-custom-150x150.jpg","width":150,"height":150,"mime-type":"image\/jpeg","url":"https:\/\/tropicalcheese.com\/wp-content\/uploads\/2020\/11\/bundle-freir-salami-custom-150x150.jpg"},"square":{"file":"bundle-freir-salami-custom-480x480.jpg","width":480,"height":480,"mime-type":"image\/jpeg","url":"https:\/\/tropicalcheese.com\/wp-content\/uploads\/2020\/11\/bundle-freir-salami-custom-480x480.jpg"},"wide":{"file":"bundle-freir-salami-custom-480x270.jpg","width":480,"height":270,"mime-type":"image\/jpeg","url":"https:\/\/tropicalcheese.com\/wp-content\/uploads\/2020\/11\/bundle-freir-salami-custom-480x270.jpg"},"woocommerce_thumbnail":{"file":"bundle-freir-salami-custom-300x225.jpg","width":300,"height":225,"mime-type":"image\/jpeg","url":"https:\/\/tropicalcheese.com\/wp-content\/uploads\/2020\/11\/bundle-freir-salami-custom-300x225.jpg"},"woocommerce_single":{"file":"bundle-freir-salami-custom-600x450.jpg","width":600,"height":450,"mime-type":"image\/jpeg","url":"https:\/\/tropicalcheese.com\/wp-content\/uploads\/2020\/11\/bundle-freir-salami-custom-600x450.jpg"},"woocommerce_gallery_thumbnail":{"file":"bundle-freir-salami-custom-100x100.jpg","width":100,"height":100,"mime-type":"image\/jpeg","url":"https:\/\/tropicalcheese.com\/wp-content\/uploads\/2020\/11\/bundle-freir-salami-custom-100x100.jpg"},"shop_catalog":{"file":"bundle-freir-salami-custom-300x225.jpg","width":300,"height":225,"mime-type":"image\/jpeg","url":"https:\/\/tropicalcheese.com\/wp-content\/uploads\/2020\/11\/bundle-freir-salami-custom-300x225.jpg"},"shop_single":{"file":"bundle-freir-salami-custom-600x450.jpg","width":600,"height":450,"mime-type":"image\/jpeg","url":"https:\/\/tropicalcheese.com\/wp-content\/uploads\/2020\/11\/bundle-freir-salami-custom-600x450.jpg"},"shop_thumbnail":{"file":"bundle-freir-salami-custom-100x100.jpg","width":100,"height":100,"mime-type":"image\/jpeg","url":"https:\/\/tropicalcheese.com\/wp-content\/uploads\/2020\/11\/bundle-freir-salami-custom-100x100.jpg"}},"image_meta":{"aperture":"0","credit":"","camera":"","caption":"","created_timestamp":"0","copyright":"","focal_length":"0","iso":"0","shutter_speed":"0","title":"","orientation":"0","keywords":[]},"ID":"16985","name":"bundle-freir-salami-custom.jpg","path":"\/home2\/pmendez\/public_html\/wp-content\/uploads\/2020\/11\/bundle-freir-salami-custom.jpg","url":"https:\/\/tropicalcheese.com\/wp-content\/uploads\/2020\/11\/bundle-freir-salami-custom-150x150.jpg","full_url":"https:\/\/tropicalcheese.com\/wp-content\/uploads\/2020\/11\/bundle-freir-salami-custom.jpg","title":"bundle-freir-salami-custom","caption":"","description":"","alt":"","srcset":false}],"woocom-product-cta-custom-title":"","woocom-product-cta-background-color":"#14a3e7","woocom-product-cta-text-color":"light-text","woocom-related-recipes-header":"","woocom-related-recipes-button-label":"","woocom-related-recipes-button-url":"","woocom-related-recipes":[{"woocom-related-recipe-image":["1220"],"woocom-related-recipe-name":"Desayuno dominicano tradicional","woocom-related-recipe-url":"https:\/\/tropicalcheese.com\/es\/recetas\/desayunos\/desayuno-dominicano-tradicional"},{"woocom-related-recipe-image":["1227"],"woocom-related-recipe-name":"Spaghetti con salami y queso de fre\u00edr","woocom-related-recipe-url":"https:\/\/tropicalcheese.com\/es\/recetas\/almuerzos\/spaghetti-con-salami-y-queso-de-freir"},{"woocom-related-recipe-image":["1234"],"woocom-related-recipe-name":"Bandeja de aperitivos calientes","woocom-related-recipe-url":"https:\/\/tropicalcheese.com\/es\/recetas\/almuerzos\/bandeja-de-aperitivos-calientes"}]},"_links":{"self":[{"href":"https:\/\/tropicalcheese.com\/es\/wp-json\/wp\/v2\/product\/14586","targetHints":{"allow":["GET"]}}],"collection":[{"href":"https:\/\/tropicalcheese.com\/es\/wp-json\/wp\/v2\/product"}],"about":[{"href":"https:\/\/tropicalcheese.com\/es\/wp-json\/wp\/v2\/types\/product"}],"replies":[{"embeddable":true,"href":"https:\/\/tropicalcheese.com\/es\/wp-json\/wp\/v2\/comments?post=14586"}],"version-history":[{"count":4,"href":"https:\/\/tropicalcheese.com\/es\/wp-json\/wp\/v2\/product\/14586\/revisions"}],"predecessor-version":[{"id":110965,"href":"https:\/\/tropicalcheese.com\/es\/wp-json\/wp\/v2\/product\/14586\/revisions\/110965"}],"wp:featuredmedia":[{"embeddable":true,"href":"https:\/\/tropicalcheese.com\/es\/wp-json\/wp\/v2\/media\/14582"}],"wp:attachment":[{"href":"https:\/\/tropicalcheese.com\/es\/wp-json\/wp\/v2\/media?parent=14586"}],"wp:term":[{"taxonomy":"product_brand","embeddable":true,"href":"https:\/\/tropicalcheese.com\/es\/wp-json\/wp\/v2\/product_brand?post=14586"},{"taxonomy":"product_cat","embeddable":true,"href":"https:\/\/tropicalcheese.com\/es\/wp-json\/wp\/v2\/product_cat?post=14586"},{"taxonomy":"product_tag","embeddable":true,"href":"https:\/\/tropicalcheese.com\/es\/wp-json\/wp\/v2\/product_tag?post=14586"}],"curies":[{"name":"wp","href":"https:\/\/api.w.org\/{rel}","templated":true}]}}