{"id":14623,"date":"2020-11-09T03:00:48","date_gmt":"2020-11-09T03:00:06","guid":{"rendered":"https:\/\/tropicalcheese.com\/?post_type=product&#038;p=14623"},"modified":"2026-04-01T09:28:15","modified_gmt":"2026-04-01T13:28:15","slug":"paquete-de-sabor-mexicano","status":"publish","type":"product","link":"https:\/\/tropicalcheese.com\/es\/tienda\/paquete-de-sabor-mexicano","title":{"rendered":"Paquete de sabor mexicano"},"content":{"rendered":"<p>Todo lo que necesitas para disfrutar del aut\u00e9ntico sabor de M\u00e9xico en tu hogar. Tendr\u00e1s suficiente Queso Fresco Mexicano y Crema Mexicana para cubrir todos sus platos favoritos.<\/p>\n<h2>La caja incluye:<\/h2>\n<ul>\n<li>3 paquetes de <a href=\"https:\/\/tropicalcheese.com\/es\/productos\/quesos\/queso-fresco-mexicano\">Queso Fresco Mexicano (10oz)<\/a><\/li>\n<li>2 paquetes de <a href=\"https:\/\/tropicalcheese.com\/es\/productos\/cremas\/crema-mexicana\">Crema Mexicana (140z)<\/a><\/li>\n<\/ul>\n","protected":false},"excerpt":{"rendered":"<p>Todo lo que necesitas para disfrutar del aut\u00e9ntico sabor de M\u00e9xico en tu hogar. Tendr\u00e1s suficiente Queso Fresco Mexicano y Crema Mexicana para cubrir todos sus platos favoritos.<\/p>\n","protected":false},"featured_media":14620,"comment_status":"open","ping_status":"closed","template":"","meta":{"footnotes":""},"product_brand":[],"product_cat":[31,364],"product_tag":[],"class_list":{"0":"post-14623","1":"product","2":"type-product","3":"status-publish","4":"has-post-thumbnail","6":"product_cat-uncategorized","7":"product_cat-uncategorized-es","8":"entry","10":"first","11":"instock","12":"shipping-taxable","13":"purchasable","14":"product-type-simple"},"yoast_head":"<!-- This site is optimized with the Yoast SEO plugin v27.1.1 - https:\/\/yoast.com\/product\/yoast-seo-wordpress\/ -->\n<title>Paquete de sabor mexicano - Tropical Cheese<\/title>\n<meta name=\"description\" content=\"Todo lo que necesitas para disfrutar del aut\u00e9ntico sabor de M\u00e9xico en tu hogar. Tendr\u00e1s suficiente Queso Fresco Mexicano y Crema Mexicana para cubrir todos sus platos favoritos.\" \/>\n<meta name=\"robots\" content=\"index, follow, max-snippet:-1, max-image-preview:large, max-video-preview:-1\" \/>\n<link rel=\"canonical\" href=\"https:\/\/tropicalcheese.com\/es\/tienda\/paquete-de-sabor-mexicano\" \/>\n<meta property=\"og:locale\" content=\"es_ES\" \/>\n<meta property=\"og:type\" content=\"article\" \/>\n<meta property=\"og:title\" content=\"Paquete de sabor mexicano - Tropical Cheese\" \/>\n<meta property=\"og:description\" content=\"Todo lo que necesitas para disfrutar del aut\u00e9ntico sabor de M\u00e9xico en tu hogar. Tendr\u00e1s suficiente Queso Fresco Mexicano y Crema Mexicana para cubrir todos sus platos favoritos.\" \/>\n<meta property=\"og:url\" content=\"https:\/\/tropicalcheese.com\/es\/tienda\/paquete-de-sabor-mexicano\" \/>\n<meta property=\"og:site_name\" content=\"Tropical Cheese\" \/>\n<meta property=\"article:publisher\" content=\"https:\/\/www.facebook.com\/TropicalCheeseInd\" \/>\n<meta property=\"article:modified_time\" content=\"2026-04-01T13:28:15+00:00\" \/>\n<meta property=\"og:image\" content=\"https:\/\/tropicalcheese.com\/wp-content\/uploads\/2020\/11\/bundle-mexican.jpg\" \/>\n\t<meta property=\"og:image:width\" content=\"820\" \/>\n\t<meta property=\"og:image:height\" content=\"820\" \/>\n\t<meta property=\"og:image:type\" content=\"image\/jpeg\" \/>\n<meta name=\"twitter:card\" content=\"summary_large_image\" \/>\n<meta name=\"twitter:site\" content=\"@tropicalcheese\" \/>\n<script type=\"application\/ld+json\" class=\"yoast-schema-graph\">{\"@context\":\"https:\/\/schema.org\",\"@graph\":[{\"@type\":\"WebPage\",\"@id\":\"https:\/\/tropicalcheese.com\/es\/tienda\/paquete-de-sabor-mexicano\",\"url\":\"https:\/\/tropicalcheese.com\/es\/tienda\/paquete-de-sabor-mexicano\",\"name\":\"Paquete de sabor mexicano - Tropical Cheese\",\"isPartOf\":{\"@id\":\"https:\/\/tropicalcheese.com\/es#website\"},\"primaryImageOfPage\":{\"@id\":\"https:\/\/tropicalcheese.com\/es\/tienda\/paquete-de-sabor-mexicano#primaryimage\"},\"image\":{\"@id\":\"https:\/\/tropicalcheese.com\/es\/tienda\/paquete-de-sabor-mexicano#primaryimage\"},\"thumbnailUrl\":\"https:\/\/tropicalcheese.com\/wp-content\/uploads\/2020\/11\/bundle-mexican.jpg\",\"datePublished\":\"2020-11-09T03:00:06+00:00\",\"dateModified\":\"2026-04-01T13:28:15+00:00\",\"description\":\"Todo lo que necesitas para disfrutar del aut\u00e9ntico sabor de M\u00e9xico en tu hogar. Tendr\u00e1s suficiente Queso Fresco Mexicano y Crema Mexicana para cubrir todos sus platos favoritos.\",\"breadcrumb\":{\"@id\":\"https:\/\/tropicalcheese.com\/es\/tienda\/paquete-de-sabor-mexicano#breadcrumb\"},\"inLanguage\":\"es\",\"potentialAction\":[{\"@type\":\"ReadAction\",\"target\":[\"https:\/\/tropicalcheese.com\/es\/tienda\/paquete-de-sabor-mexicano\"]}]},{\"@type\":\"ImageObject\",\"inLanguage\":\"es\",\"@id\":\"https:\/\/tropicalcheese.com\/es\/tienda\/paquete-de-sabor-mexicano#primaryimage\",\"url\":\"https:\/\/tropicalcheese.com\/wp-content\/uploads\/2020\/11\/bundle-mexican.jpg\",\"contentUrl\":\"https:\/\/tropicalcheese.com\/wp-content\/uploads\/2020\/11\/bundle-mexican.jpg\",\"width\":820,\"height\":820},{\"@type\":\"BreadcrumbList\",\"@id\":\"https:\/\/tropicalcheese.com\/es\/tienda\/paquete-de-sabor-mexicano#breadcrumb\",\"itemListElement\":[{\"@type\":\"ListItem\",\"position\":1,\"name\":\"Home\",\"item\":\"https:\/\/tropicalcheese.com\/es\"},{\"@type\":\"ListItem\",\"position\":2,\"name\":\"Tienda\",\"item\":\"https:\/\/tropicalcheese.com\/es\/tienda\"},{\"@type\":\"ListItem\",\"position\":3,\"name\":\"Paquete de sabor mexicano\"}]},{\"@type\":\"WebSite\",\"@id\":\"https:\/\/tropicalcheese.com\/es#website\",\"url\":\"https:\/\/tropicalcheese.com\/es\",\"name\":\"Tropical Cheese\",\"description\":\"\",\"publisher\":{\"@id\":\"https:\/\/tropicalcheese.com\/es#organization\"},\"potentialAction\":[{\"@type\":\"SearchAction\",\"target\":{\"@type\":\"EntryPoint\",\"urlTemplate\":\"https:\/\/tropicalcheese.com\/es?s={search_term_string}\"},\"query-input\":{\"@type\":\"PropertyValueSpecification\",\"valueRequired\":true,\"valueName\":\"search_term_string\"}}],\"inLanguage\":\"es\"},{\"@type\":\"Organization\",\"@id\":\"https:\/\/tropicalcheese.com\/es#organization\",\"name\":\"Tropical Cheese\",\"url\":\"https:\/\/tropicalcheese.com\/es\",\"logo\":{\"@type\":\"ImageObject\",\"inLanguage\":\"es\",\"@id\":\"https:\/\/tropicalcheese.com\/es#\/schema\/logo\/image\/\",\"url\":\"https:\/\/tropicalcheese.com\/wp-content\/uploads\/2019\/06\/tropical-cheese-logo.jpg\",\"contentUrl\":\"https:\/\/tropicalcheese.com\/wp-content\/uploads\/2019\/06\/tropical-cheese-logo.jpg\",\"width\":800,\"height\":400,\"caption\":\"Tropical Cheese\"},\"image\":{\"@id\":\"https:\/\/tropicalcheese.com\/es#\/schema\/logo\/image\/\"},\"sameAs\":[\"https:\/\/www.facebook.com\/TropicalCheeseInd\",\"https:\/\/x.com\/tropicalcheese\",\"http:\/\/instagram.com\/tropicalcheese\",\"https:\/\/www.youtube.com\/user\/TropicalCheeseInd\"]}]}<\/script>\n<!-- \/ Yoast SEO plugin. -->","yoast_head_json":{"title":"Paquete de sabor mexicano - Tropical Cheese","description":"Todo lo que necesitas para disfrutar del aut\u00e9ntico sabor de M\u00e9xico en tu hogar. Tendr\u00e1s suficiente Queso Fresco Mexicano y Crema Mexicana para cubrir todos sus platos favoritos.","robots":{"index":"index","follow":"follow","max-snippet":"max-snippet:-1","max-image-preview":"max-image-preview:large","max-video-preview":"max-video-preview:-1"},"canonical":"https:\/\/tropicalcheese.com\/es\/tienda\/paquete-de-sabor-mexicano","og_locale":"es_ES","og_type":"article","og_title":"Paquete de sabor mexicano - Tropical Cheese","og_description":"Todo lo que necesitas para disfrutar del aut\u00e9ntico sabor de M\u00e9xico en tu hogar. Tendr\u00e1s suficiente Queso Fresco Mexicano y Crema Mexicana para cubrir todos sus platos favoritos.","og_url":"https:\/\/tropicalcheese.com\/es\/tienda\/paquete-de-sabor-mexicano","og_site_name":"Tropical Cheese","article_publisher":"https:\/\/www.facebook.com\/TropicalCheeseInd","article_modified_time":"2026-04-01T13:28:15+00:00","og_image":[{"width":820,"height":820,"url":"https:\/\/tropicalcheese.com\/wp-content\/uploads\/2020\/11\/bundle-mexican.jpg","type":"image\/jpeg"}],"twitter_card":"summary_large_image","twitter_site":"@tropicalcheese","schema":{"@context":"https:\/\/schema.org","@graph":[{"@type":"WebPage","@id":"https:\/\/tropicalcheese.com\/es\/tienda\/paquete-de-sabor-mexicano","url":"https:\/\/tropicalcheese.com\/es\/tienda\/paquete-de-sabor-mexicano","name":"Paquete de sabor mexicano - Tropical Cheese","isPartOf":{"@id":"https:\/\/tropicalcheese.com\/es#website"},"primaryImageOfPage":{"@id":"https:\/\/tropicalcheese.com\/es\/tienda\/paquete-de-sabor-mexicano#primaryimage"},"image":{"@id":"https:\/\/tropicalcheese.com\/es\/tienda\/paquete-de-sabor-mexicano#primaryimage"},"thumbnailUrl":"https:\/\/tropicalcheese.com\/wp-content\/uploads\/2020\/11\/bundle-mexican.jpg","datePublished":"2020-11-09T03:00:06+00:00","dateModified":"2026-04-01T13:28:15+00:00","description":"Todo lo que necesitas para disfrutar del aut\u00e9ntico sabor de M\u00e9xico en tu hogar. Tendr\u00e1s suficiente Queso Fresco Mexicano y Crema Mexicana para cubrir todos sus platos favoritos.","breadcrumb":{"@id":"https:\/\/tropicalcheese.com\/es\/tienda\/paquete-de-sabor-mexicano#breadcrumb"},"inLanguage":"es","potentialAction":[{"@type":"ReadAction","target":["https:\/\/tropicalcheese.com\/es\/tienda\/paquete-de-sabor-mexicano"]}]},{"@type":"ImageObject","inLanguage":"es","@id":"https:\/\/tropicalcheese.com\/es\/tienda\/paquete-de-sabor-mexicano#primaryimage","url":"https:\/\/tropicalcheese.com\/wp-content\/uploads\/2020\/11\/bundle-mexican.jpg","contentUrl":"https:\/\/tropicalcheese.com\/wp-content\/uploads\/2020\/11\/bundle-mexican.jpg","width":820,"height":820},{"@type":"BreadcrumbList","@id":"https:\/\/tropicalcheese.com\/es\/tienda\/paquete-de-sabor-mexicano#breadcrumb","itemListElement":[{"@type":"ListItem","position":1,"name":"Home","item":"https:\/\/tropicalcheese.com\/es"},{"@type":"ListItem","position":2,"name":"Tienda","item":"https:\/\/tropicalcheese.com\/es\/tienda"},{"@type":"ListItem","position":3,"name":"Paquete de sabor mexicano"}]},{"@type":"WebSite","@id":"https:\/\/tropicalcheese.com\/es#website","url":"https:\/\/tropicalcheese.com\/es","name":"Tropical Cheese","description":"","publisher":{"@id":"https:\/\/tropicalcheese.com\/es#organization"},"potentialAction":[{"@type":"SearchAction","target":{"@type":"EntryPoint","urlTemplate":"https:\/\/tropicalcheese.com\/es?s={search_term_string}"},"query-input":{"@type":"PropertyValueSpecification","valueRequired":true,"valueName":"search_term_string"}}],"inLanguage":"es"},{"@type":"Organization","@id":"https:\/\/tropicalcheese.com\/es#organization","name":"Tropical Cheese","url":"https:\/\/tropicalcheese.com\/es","logo":{"@type":"ImageObject","inLanguage":"es","@id":"https:\/\/tropicalcheese.com\/es#\/schema\/logo\/image\/","url":"https:\/\/tropicalcheese.com\/wp-content\/uploads\/2019\/06\/tropical-cheese-logo.jpg","contentUrl":"https:\/\/tropicalcheese.com\/wp-content\/uploads\/2019\/06\/tropical-cheese-logo.jpg","width":800,"height":400,"caption":"Tropical Cheese"},"image":{"@id":"https:\/\/tropicalcheese.com\/es#\/schema\/logo\/image\/"},"sameAs":["https:\/\/www.facebook.com\/TropicalCheeseInd","https:\/\/x.com\/tropicalcheese","http:\/\/instagram.com\/tropicalcheese","https:\/\/www.youtube.com\/user\/TropicalCheeseInd"]}]}},"meta_box":{"woocom-product-front-image":[{"width":150,"height":150,"file":"2020\/11\/bundle-mexican-custom.jpg","sizes":{"thumbnail":{"file":"bundle-mexican-custom-150x150.jpg","width":150,"height":150,"mime-type":"image\/jpeg","url":"https:\/\/tropicalcheese.com\/wp-content\/uploads\/2020\/11\/bundle-mexican-custom-150x150.jpg"},"square":{"file":"bundle-mexican-custom-480x480.jpg","width":480,"height":480,"mime-type":"image\/jpeg","url":"https:\/\/tropicalcheese.com\/wp-content\/uploads\/2020\/11\/bundle-mexican-custom-480x480.jpg"},"wide":{"file":"bundle-mexican-custom-480x270.jpg","width":480,"height":270,"mime-type":"image\/jpeg","url":"https:\/\/tropicalcheese.com\/wp-content\/uploads\/2020\/11\/bundle-mexican-custom-480x270.jpg"},"woocommerce_thumbnail":{"file":"bundle-mexican-custom-300x225.jpg","width":300,"height":225,"mime-type":"image\/jpeg","url":"https:\/\/tropicalcheese.com\/wp-content\/uploads\/2020\/11\/bundle-mexican-custom-300x225.jpg"},"woocommerce_single":{"file":"bundle-mexican-custom-600x450.jpg","width":600,"height":450,"mime-type":"image\/jpeg","url":"https:\/\/tropicalcheese.com\/wp-content\/uploads\/2020\/11\/bundle-mexican-custom-600x450.jpg"},"woocommerce_gallery_thumbnail":{"file":"bundle-mexican-custom-100x100.jpg","width":100,"height":100,"mime-type":"image\/jpeg","url":"https:\/\/tropicalcheese.com\/wp-content\/uploads\/2020\/11\/bundle-mexican-custom-100x100.jpg"},"shop_catalog":{"file":"bundle-mexican-custom-300x225.jpg","width":300,"height":225,"mime-type":"image\/jpeg","url":"https:\/\/tropicalcheese.com\/wp-content\/uploads\/2020\/11\/bundle-mexican-custom-300x225.jpg"},"shop_single":{"file":"bundle-mexican-custom-600x450.jpg","width":600,"height":450,"mime-type":"image\/jpeg","url":"https:\/\/tropicalcheese.com\/wp-content\/uploads\/2020\/11\/bundle-mexican-custom-600x450.jpg"},"shop_thumbnail":{"file":"bundle-mexican-custom-100x100.jpg","width":100,"height":100,"mime-type":"image\/jpeg","url":"https:\/\/tropicalcheese.com\/wp-content\/uploads\/2020\/11\/bundle-mexican-custom-100x100.jpg"}},"image_meta":{"aperture":"0","credit":"","camera":"","caption":"","created_timestamp":"0","copyright":"","focal_length":"0","iso":"0","shutter_speed":"0","title":"","orientation":"0","keywords":[]},"ID":"17019","name":"bundle-mexican-custom.jpg","path":"\/home2\/pmendez\/public_html\/wp-content\/uploads\/2020\/11\/bundle-mexican-custom.jpg","url":"https:\/\/tropicalcheese.com\/wp-content\/uploads\/2020\/11\/bundle-mexican-custom-150x150.jpg","full_url":"https:\/\/tropicalcheese.com\/wp-content\/uploads\/2020\/11\/bundle-mexican-custom.jpg","title":"bundle-mexican-custom","caption":"","description":"","alt":"","srcset":false}],"woocom-product-cta-custom-title":"","woocom-product-cta-background-color":"#06a14c","woocom-product-cta-text-color":"light-text","woocom-related-recipes-header":"","woocom-related-recipes-button-label":"","woocom-related-recipes-button-url":"","woocom-related-recipes":[{"woocom-related-recipe-image":["1201"],"woocom-related-recipe-name":"Pieles de papa con queso fresco mexicano","woocom-related-recipe-url":"https:\/\/tropicalcheese.com\/es\/recetas\/almuerzos\/pieles-de-papa-con-queso-fresco-mexicano"},{"woocom-related-recipe-image":["1199"],"woocom-related-recipe-name":"Sopa de tomate con queso fresco","woocom-related-recipe-url":"https:\/\/tropicalcheese.com\/es\/recetas\/almuerzos\/sopa-de-tomate-con-queso-fresco"},{"woocom-related-recipe-image":["1232"],"woocom-related-recipe-name":"Chiles rellenos de queso y chorizo","woocom-related-recipe-url":"https:\/\/tropicalcheese.com\/es\/recetas\/almuerzos\/chiles-rellenos-de-queso-y-chorizo"}]},"_links":{"self":[{"href":"https:\/\/tropicalcheese.com\/es\/wp-json\/wp\/v2\/product\/14623","targetHints":{"allow":["GET"]}}],"collection":[{"href":"https:\/\/tropicalcheese.com\/es\/wp-json\/wp\/v2\/product"}],"about":[{"href":"https:\/\/tropicalcheese.com\/es\/wp-json\/wp\/v2\/types\/product"}],"replies":[{"embeddable":true,"href":"https:\/\/tropicalcheese.com\/es\/wp-json\/wp\/v2\/comments?post=14623"}],"version-history":[{"count":1,"href":"https:\/\/tropicalcheese.com\/es\/wp-json\/wp\/v2\/product\/14623\/revisions"}],"predecessor-version":[{"id":14930,"href":"https:\/\/tropicalcheese.com\/es\/wp-json\/wp\/v2\/product\/14623\/revisions\/14930"}],"wp:featuredmedia":[{"embeddable":true,"href":"https:\/\/tropicalcheese.com\/es\/wp-json\/wp\/v2\/media\/14620"}],"wp:attachment":[{"href":"https:\/\/tropicalcheese.com\/es\/wp-json\/wp\/v2\/media?parent=14623"}],"wp:term":[{"taxonomy":"product_brand","embeddable":true,"href":"https:\/\/tropicalcheese.com\/es\/wp-json\/wp\/v2\/product_brand?post=14623"},{"taxonomy":"product_cat","embeddable":true,"href":"https:\/\/tropicalcheese.com\/es\/wp-json\/wp\/v2\/product_cat?post=14623"},{"taxonomy":"product_tag","embeddable":true,"href":"https:\/\/tropicalcheese.com\/es\/wp-json\/wp\/v2\/product_tag?post=14623"}],"curies":[{"name":"wp","href":"https:\/\/api.w.org\/{rel}","templated":true}]}}