{"id":33208,"date":"2020-11-07T08:00:40","date_gmt":"2023-10-28T01:20:41","guid":{"rendered":"https:\/\/tropicalcheese.com\/?post_type=product&#038;p=33208"},"modified":"2025-04-03T15:10:07","modified_gmt":"2025-04-03T19:10:07","slug":"paquete-de-filetes-de-abadejo","status":"publish","type":"product","link":"https:\/\/tropicalcheese.com\/es\/tienda\/paquete-de-filetes-de-abadejo","title":{"rendered":"Paquete de Filetes de Abadejo"},"content":{"rendered":"<p>Este paquete de Filetes de Abadejo Salado va a ser un gran banquete de recetas caribe\u00f1as como bacalaitos o bacalao guisado, ricas tapas como croquetas y muchas otras comidas f\u00e1ciles como tacos de pescado, palitos de pescado o guisos f\u00e1ciles. Estos filetes de abadejo sin espinas son perfectos para la Cuaresma, y para cualquier comida del a\u00f1o.<\/p>\n<p>El abadejo es un pescado blanco de sabor delicado y consistencia suave, que pertenece a la familia del bacalao. Es econ\u00f3mico y vers\u00e1til. Gracias a su sabor suave, es perfecto para hornear, asar, fre\u00edr en sart\u00e9n o en la freidora de aire hasta que est\u00e9 crujiente y dorado. As\u00ed que hay m\u00e1s de una manera perfecta de cocinar filetes de abadejo.<\/p>\n<p>Adem\u00e1s de sabrosos y nutritivos, los Filetes de Abadejo Tropical son perfectos para congelar y no tienen espinas. As\u00ed que puede tenerlos listos para cualquier comida familiar. Es importante remojar los filetes en agua para reducir el nivel de sal antes de cocinarlos. Puedes hacerlo durante el d\u00eda o la noche, cambiando el agua un par de veces durante el proceso, o puedes hervir el bacalao y cambiar el agua 2 o 3 veces.<\/p>\n<p>Prueba nuestras recetas con abadejo. El <a href=\"https:\/\/tropicalcheese.com\/es\/recetas\/almuerzos\/bacalao-guisado\">bacalao guisado<\/a> es un delicioso guiso de bacalao cocinado con papas, pasta de tomate, cebolla, ajo y pimientos, muy popular en Puerto Rico y f\u00e1cil de preparar. Los <a href=\"https:\/\/tropicalcheese.com\/es\/recetas\/almuerzos\/bacalaitos\">bacalaitos<\/a> son un cl\u00e1sico caribe\u00f1o: tortitas de pescado en una sencilla mezcla de harina y condimentos y fritas.<\/p>\n<p>Ahora que sabes todo lo que puedes hacer con rido abadejo, pide este paquete de Filetes de Abadejo Tropical para tenerlo siempre a mano. Ord\u00e9nalo ahora en l\u00ednea y rec\u00edbelo en casa.<\/p>\n<h2><strong>La caja incluye:<\/strong><\/h2>\n<ul>\n<li>6 paquetes de <a href=\"https:\/\/tropicalcheese.com\/es\/productos\/carnes-y-mariscos\/filetes-de-bacalao\">Filetes de Abadejo Salado (12oz)<\/a><\/li>\n<\/ul>\n","protected":false},"excerpt":{"rendered":"<p>Este paquete de Filetes de Abadejo Salado va a ser un gran banquete de Caribbean bacalaitos, croquetas, bacalao guisado o varias comidas f\u00e1ciles en casa. Estos filetes de abadejo sin espinas son perfectos para la Cuaresma (y para cualquier d\u00eda).<\/p>\n","protected":false},"featured_media":33284,"comment_status":"open","ping_status":"closed","template":"","meta":{"footnotes":""},"product_brand":[],"product_cat":[364],"product_tag":[],"class_list":{"0":"post-33208","1":"product","2":"type-product","3":"status-publish","4":"has-post-thumbnail","6":"product_cat-uncategorized-es","7":"entry","9":"first","10":"instock","11":"featured","12":"shipping-taxable","13":"purchasable","14":"product-type-simple"},"yoast_head":"<!-- This site is optimized with the Yoast SEO plugin v27.1.1 - https:\/\/yoast.com\/product\/yoast-seo-wordpress\/ -->\n<title>Paquete de Filetes de Abadejo - Tropical Cheese<\/title>\n<meta name=\"description\" content=\"Este paquete de Filetes de Abadejo Salado va a ser un gran banquete de Caribbean bacalaitos, croquetas, bacalao guisado o varias comidas f\u00e1ciles en casa. Estos filetes de abadejo sin espinas son perfectos para la Cuaresma (y para cualquier d\u00eda).\" \/>\n<meta name=\"robots\" content=\"index, follow, max-snippet:-1, max-image-preview:large, max-video-preview:-1\" \/>\n<link rel=\"canonical\" href=\"https:\/\/tropicalcheese.com\/es\/tienda\/paquete-de-filetes-de-abadejo\" \/>\n<meta property=\"og:locale\" content=\"es_ES\" \/>\n<meta property=\"og:type\" content=\"article\" \/>\n<meta property=\"og:title\" content=\"Paquete de Filetes de Abadejo - Tropical Cheese\" \/>\n<meta property=\"og:description\" content=\"Este paquete de Filetes de Abadejo Salado va a ser un gran banquete de Caribbean bacalaitos, croquetas, bacalao guisado o varias comidas f\u00e1ciles en casa. Estos filetes de abadejo sin espinas son perfectos para la Cuaresma (y para cualquier d\u00eda).\" \/>\n<meta property=\"og:url\" content=\"https:\/\/tropicalcheese.com\/es\/tienda\/paquete-de-filetes-de-abadejo\" \/>\n<meta property=\"og:site_name\" content=\"Tropical Cheese\" \/>\n<meta property=\"article:publisher\" content=\"https:\/\/www.facebook.com\/TropicalCheeseInd\" \/>\n<meta property=\"article:modified_time\" content=\"2025-04-03T19:10:07+00:00\" \/>\n<meta property=\"og:image\" content=\"https:\/\/tropicalcheese.com\/wp-content\/uploads\/2020\/11\/pollock-fillets-820x820-ES.jpg\" \/>\n\t<meta property=\"og:image:width\" content=\"820\" \/>\n\t<meta property=\"og:image:height\" content=\"820\" \/>\n\t<meta property=\"og:image:type\" content=\"image\/jpeg\" \/>\n<meta name=\"twitter:card\" content=\"summary_large_image\" \/>\n<meta name=\"twitter:site\" content=\"@tropicalcheese\" \/>\n<meta name=\"twitter:label1\" content=\"Tiempo de lectura\" \/>\n\t<meta name=\"twitter:data1\" content=\"1 minuto\" \/>\n<script type=\"application\/ld+json\" class=\"yoast-schema-graph\">{\"@context\":\"https:\/\/schema.org\",\"@graph\":[{\"@type\":\"WebPage\",\"@id\":\"https:\/\/tropicalcheese.com\/es\/tienda\/paquete-de-filetes-de-abadejo\",\"url\":\"https:\/\/tropicalcheese.com\/es\/tienda\/paquete-de-filetes-de-abadejo\",\"name\":\"Paquete de Filetes de Abadejo - Tropical Cheese\",\"isPartOf\":{\"@id\":\"https:\/\/tropicalcheese.com\/es#website\"},\"primaryImageOfPage\":{\"@id\":\"https:\/\/tropicalcheese.com\/es\/tienda\/paquete-de-filetes-de-abadejo#primaryimage\"},\"image\":{\"@id\":\"https:\/\/tropicalcheese.com\/es\/tienda\/paquete-de-filetes-de-abadejo#primaryimage\"},\"thumbnailUrl\":\"https:\/\/tropicalcheese.com\/wp-content\/uploads\/2020\/11\/pollock-fillets-820x820-ES.jpg\",\"datePublished\":\"2023-10-28T01:20:41+00:00\",\"dateModified\":\"2025-04-03T19:10:07+00:00\",\"description\":\"Este paquete de Filetes de Abadejo Salado va a ser un gran banquete de Caribbean bacalaitos, croquetas, bacalao guisado o varias comidas f\u00e1ciles en casa. Estos filetes de abadejo sin espinas son perfectos para la Cuaresma (y para cualquier d\u00eda).\",\"breadcrumb\":{\"@id\":\"https:\/\/tropicalcheese.com\/es\/tienda\/paquete-de-filetes-de-abadejo#breadcrumb\"},\"inLanguage\":\"es\",\"potentialAction\":[{\"@type\":\"ReadAction\",\"target\":[\"https:\/\/tropicalcheese.com\/es\/tienda\/paquete-de-filetes-de-abadejo\"]}]},{\"@type\":\"ImageObject\",\"inLanguage\":\"es\",\"@id\":\"https:\/\/tropicalcheese.com\/es\/tienda\/paquete-de-filetes-de-abadejo#primaryimage\",\"url\":\"https:\/\/tropicalcheese.com\/wp-content\/uploads\/2020\/11\/pollock-fillets-820x820-ES.jpg\",\"contentUrl\":\"https:\/\/tropicalcheese.com\/wp-content\/uploads\/2020\/11\/pollock-fillets-820x820-ES.jpg\",\"width\":820,\"height\":820},{\"@type\":\"BreadcrumbList\",\"@id\":\"https:\/\/tropicalcheese.com\/es\/tienda\/paquete-de-filetes-de-abadejo#breadcrumb\",\"itemListElement\":[{\"@type\":\"ListItem\",\"position\":1,\"name\":\"Home\",\"item\":\"https:\/\/tropicalcheese.com\/es\"},{\"@type\":\"ListItem\",\"position\":2,\"name\":\"Tienda\",\"item\":\"https:\/\/tropicalcheese.com\/es\/tienda\"},{\"@type\":\"ListItem\",\"position\":3,\"name\":\"Paquete de Filetes de Abadejo\"}]},{\"@type\":\"WebSite\",\"@id\":\"https:\/\/tropicalcheese.com\/es#website\",\"url\":\"https:\/\/tropicalcheese.com\/es\",\"name\":\"Tropical Cheese\",\"description\":\"\",\"publisher\":{\"@id\":\"https:\/\/tropicalcheese.com\/es#organization\"},\"potentialAction\":[{\"@type\":\"SearchAction\",\"target\":{\"@type\":\"EntryPoint\",\"urlTemplate\":\"https:\/\/tropicalcheese.com\/es?s={search_term_string}\"},\"query-input\":{\"@type\":\"PropertyValueSpecification\",\"valueRequired\":true,\"valueName\":\"search_term_string\"}}],\"inLanguage\":\"es\"},{\"@type\":\"Organization\",\"@id\":\"https:\/\/tropicalcheese.com\/es#organization\",\"name\":\"Tropical Cheese\",\"url\":\"https:\/\/tropicalcheese.com\/es\",\"logo\":{\"@type\":\"ImageObject\",\"inLanguage\":\"es\",\"@id\":\"https:\/\/tropicalcheese.com\/es#\/schema\/logo\/image\/\",\"url\":\"https:\/\/tropicalcheese.com\/wp-content\/uploads\/2019\/06\/tropical-cheese-logo.jpg\",\"contentUrl\":\"https:\/\/tropicalcheese.com\/wp-content\/uploads\/2019\/06\/tropical-cheese-logo.jpg\",\"width\":800,\"height\":400,\"caption\":\"Tropical Cheese\"},\"image\":{\"@id\":\"https:\/\/tropicalcheese.com\/es#\/schema\/logo\/image\/\"},\"sameAs\":[\"https:\/\/www.facebook.com\/TropicalCheeseInd\",\"https:\/\/x.com\/tropicalcheese\",\"http:\/\/instagram.com\/tropicalcheese\",\"https:\/\/www.youtube.com\/user\/TropicalCheeseInd\"]}]}<\/script>\n<!-- \/ Yoast SEO plugin. -->","yoast_head_json":{"title":"Paquete de Filetes de Abadejo - Tropical Cheese","description":"Este paquete de Filetes de Abadejo Salado va a ser un gran banquete de Caribbean bacalaitos, croquetas, bacalao guisado o varias comidas f\u00e1ciles en casa. Estos filetes de abadejo sin espinas son perfectos para la Cuaresma (y para cualquier d\u00eda).","robots":{"index":"index","follow":"follow","max-snippet":"max-snippet:-1","max-image-preview":"max-image-preview:large","max-video-preview":"max-video-preview:-1"},"canonical":"https:\/\/tropicalcheese.com\/es\/tienda\/paquete-de-filetes-de-abadejo","og_locale":"es_ES","og_type":"article","og_title":"Paquete de Filetes de Abadejo - Tropical Cheese","og_description":"Este paquete de Filetes de Abadejo Salado va a ser un gran banquete de Caribbean bacalaitos, croquetas, bacalao guisado o varias comidas f\u00e1ciles en casa. Estos filetes de abadejo sin espinas son perfectos para la Cuaresma (y para cualquier d\u00eda).","og_url":"https:\/\/tropicalcheese.com\/es\/tienda\/paquete-de-filetes-de-abadejo","og_site_name":"Tropical Cheese","article_publisher":"https:\/\/www.facebook.com\/TropicalCheeseInd","article_modified_time":"2025-04-03T19:10:07+00:00","og_image":[{"width":820,"height":820,"url":"https:\/\/tropicalcheese.com\/wp-content\/uploads\/2020\/11\/pollock-fillets-820x820-ES.jpg","type":"image\/jpeg"}],"twitter_card":"summary_large_image","twitter_site":"@tropicalcheese","twitter_misc":{"Tiempo de lectura":"1 minuto"},"schema":{"@context":"https:\/\/schema.org","@graph":[{"@type":"WebPage","@id":"https:\/\/tropicalcheese.com\/es\/tienda\/paquete-de-filetes-de-abadejo","url":"https:\/\/tropicalcheese.com\/es\/tienda\/paquete-de-filetes-de-abadejo","name":"Paquete de Filetes de Abadejo - Tropical Cheese","isPartOf":{"@id":"https:\/\/tropicalcheese.com\/es#website"},"primaryImageOfPage":{"@id":"https:\/\/tropicalcheese.com\/es\/tienda\/paquete-de-filetes-de-abadejo#primaryimage"},"image":{"@id":"https:\/\/tropicalcheese.com\/es\/tienda\/paquete-de-filetes-de-abadejo#primaryimage"},"thumbnailUrl":"https:\/\/tropicalcheese.com\/wp-content\/uploads\/2020\/11\/pollock-fillets-820x820-ES.jpg","datePublished":"2023-10-28T01:20:41+00:00","dateModified":"2025-04-03T19:10:07+00:00","description":"Este paquete de Filetes de Abadejo Salado va a ser un gran banquete de Caribbean bacalaitos, croquetas, bacalao guisado o varias comidas f\u00e1ciles en casa. Estos filetes de abadejo sin espinas son perfectos para la Cuaresma (y para cualquier d\u00eda).","breadcrumb":{"@id":"https:\/\/tropicalcheese.com\/es\/tienda\/paquete-de-filetes-de-abadejo#breadcrumb"},"inLanguage":"es","potentialAction":[{"@type":"ReadAction","target":["https:\/\/tropicalcheese.com\/es\/tienda\/paquete-de-filetes-de-abadejo"]}]},{"@type":"ImageObject","inLanguage":"es","@id":"https:\/\/tropicalcheese.com\/es\/tienda\/paquete-de-filetes-de-abadejo#primaryimage","url":"https:\/\/tropicalcheese.com\/wp-content\/uploads\/2020\/11\/pollock-fillets-820x820-ES.jpg","contentUrl":"https:\/\/tropicalcheese.com\/wp-content\/uploads\/2020\/11\/pollock-fillets-820x820-ES.jpg","width":820,"height":820},{"@type":"BreadcrumbList","@id":"https:\/\/tropicalcheese.com\/es\/tienda\/paquete-de-filetes-de-abadejo#breadcrumb","itemListElement":[{"@type":"ListItem","position":1,"name":"Home","item":"https:\/\/tropicalcheese.com\/es"},{"@type":"ListItem","position":2,"name":"Tienda","item":"https:\/\/tropicalcheese.com\/es\/tienda"},{"@type":"ListItem","position":3,"name":"Paquete de Filetes de Abadejo"}]},{"@type":"WebSite","@id":"https:\/\/tropicalcheese.com\/es#website","url":"https:\/\/tropicalcheese.com\/es","name":"Tropical Cheese","description":"","publisher":{"@id":"https:\/\/tropicalcheese.com\/es#organization"},"potentialAction":[{"@type":"SearchAction","target":{"@type":"EntryPoint","urlTemplate":"https:\/\/tropicalcheese.com\/es?s={search_term_string}"},"query-input":{"@type":"PropertyValueSpecification","valueRequired":true,"valueName":"search_term_string"}}],"inLanguage":"es"},{"@type":"Organization","@id":"https:\/\/tropicalcheese.com\/es#organization","name":"Tropical Cheese","url":"https:\/\/tropicalcheese.com\/es","logo":{"@type":"ImageObject","inLanguage":"es","@id":"https:\/\/tropicalcheese.com\/es#\/schema\/logo\/image\/","url":"https:\/\/tropicalcheese.com\/wp-content\/uploads\/2019\/06\/tropical-cheese-logo.jpg","contentUrl":"https:\/\/tropicalcheese.com\/wp-content\/uploads\/2019\/06\/tropical-cheese-logo.jpg","width":800,"height":400,"caption":"Tropical Cheese"},"image":{"@id":"https:\/\/tropicalcheese.com\/es#\/schema\/logo\/image\/"},"sameAs":["https:\/\/www.facebook.com\/TropicalCheeseInd","https:\/\/x.com\/tropicalcheese","http:\/\/instagram.com\/tropicalcheese","https:\/\/www.youtube.com\/user\/TropicalCheeseInd"]}]}},"meta_box":{"woocom-product-front-image":[{"width":150,"height":150,"file":"2020\/11\/pollock-fillets-bundle-loop-EN.jpg","filesize":393773,"sizes":{"thumbnail":{"file":"pollock-fillets-bundle-loop-EN-150x150.jpg","width":150,"height":150,"mime-type":"image\/jpeg","filesize":13284,"url":"https:\/\/tropicalcheese.com\/wp-content\/uploads\/2020\/11\/pollock-fillets-bundle-loop-EN-150x150.jpg"},"square":{"file":"pollock-fillets-bundle-loop-EN-480x480.jpg","width":480,"height":480,"mime-type":"image\/jpeg","filesize":63818,"url":"https:\/\/tropicalcheese.com\/wp-content\/uploads\/2020\/11\/pollock-fillets-bundle-loop-EN-480x480.jpg"},"wide":{"file":"pollock-fillets-bundle-loop-EN-480x270.jpg","width":480,"height":270,"mime-type":"image\/jpeg","filesize":42417,"url":"https:\/\/tropicalcheese.com\/wp-content\/uploads\/2020\/11\/pollock-fillets-bundle-loop-EN-480x270.jpg"},"detail":{"file":"pollock-fillets-bundle-loop-EN-820x820.jpg","width":820,"height":820,"mime-type":"image\/jpeg","filesize":146987,"url":"https:\/\/tropicalcheese.com\/wp-content\/uploads\/2020\/11\/pollock-fillets-bundle-loop-EN-820x820.jpg"},"instagram":{"file":"pollock-fillets-bundle-loop-EN-300x533.jpg","width":300,"height":533,"mime-type":"image\/jpeg","filesize":37733,"url":"https:\/\/tropicalcheese.com\/wp-content\/uploads\/2020\/11\/pollock-fillets-bundle-loop-EN-300x533.jpg"},"hero":{"file":"pollock-fillets-bundle-loop-EN-1280x640.jpg","width":1280,"height":640,"mime-type":"image\/jpeg","filesize":181578,"url":"https:\/\/tropicalcheese.com\/wp-content\/uploads\/2020\/11\/pollock-fillets-bundle-loop-EN-1280x640.jpg"},"woocommerce_thumbnail":{"file":"pollock-fillets-bundle-loop-EN-300x225.jpg","width":300,"height":225,"mime-type":"image\/jpeg","filesize":27312,"url":"https:\/\/tropicalcheese.com\/wp-content\/uploads\/2020\/11\/pollock-fillets-bundle-loop-EN-300x225.jpg"},"woocommerce_single":{"file":"pollock-fillets-bundle-loop-EN-600x450.jpg","width":600,"height":450,"mime-type":"image\/jpeg","filesize":74118,"url":"https:\/\/tropicalcheese.com\/wp-content\/uploads\/2020\/11\/pollock-fillets-bundle-loop-EN-600x450.jpg"},"woocommerce_gallery_thumbnail":{"file":"pollock-fillets-bundle-loop-EN-100x100.jpg","width":100,"height":100,"mime-type":"image\/jpeg","filesize":8791,"url":"https:\/\/tropicalcheese.com\/wp-content\/uploads\/2020\/11\/pollock-fillets-bundle-loop-EN-100x100.jpg"}},"image_meta":{"aperture":"0","credit":"","camera":"","caption":"","created_timestamp":"0","copyright":"","focal_length":"0","iso":"0","shutter_speed":"0","title":"","orientation":"0","keywords":[]},"ID":"33287","name":"pollock-fillets-bundle-loop-EN.jpg","path":"\/home2\/pmendez\/public_html\/wp-content\/uploads\/2020\/11\/pollock-fillets-bundle-loop-EN.jpg","url":"https:\/\/tropicalcheese.com\/wp-content\/uploads\/2020\/11\/pollock-fillets-bundle-loop-EN-150x150.jpg","full_url":"https:\/\/tropicalcheese.com\/wp-content\/uploads\/2020\/11\/pollock-fillets-bundle-loop-EN.jpg","title":"pollock-fillets-bundle-loop-EN","caption":"","description":"","alt":"","srcset":false}],"woocom-product-cta-custom-title":"","woocom-product-cta-background-color":"#fbdd01","woocom-product-cta-text-color":"dark-text","woocom-related-recipes-header":"","woocom-related-recipes-button-label":"","woocom-related-recipes-button-url":"","woocom-related-recipes":[{"woocom-related-recipe-image":["1239"],"woocom-related-recipe-name":"Bacalao Guisado","woocom-related-recipe-url":"https:\/\/tropicalcheese.com\/es\/recetas\/almuerzos\/bacalao-guisado"},{"woocom-related-recipe-image":["16518"],"woocom-related-recipe-name":"Bacalaitos","woocom-related-recipe-url":"https:\/\/tropicalcheese.com\/es\/recetas\/almuerzos\/bacalaitos"},{"woocom-related-recipe-image":["17358"],"woocom-related-recipe-name":"Tostones con Queso Frito y Pescado","woocom-related-recipe-url":"https:\/\/tropicalcheese.com\/es\/renovando-las-tradiciones-es\/tostones-con-queso-frito-y-pescado"}]},"_links":{"self":[{"href":"https:\/\/tropicalcheese.com\/es\/wp-json\/wp\/v2\/product\/33208","targetHints":{"allow":["GET"]}}],"collection":[{"href":"https:\/\/tropicalcheese.com\/es\/wp-json\/wp\/v2\/product"}],"about":[{"href":"https:\/\/tropicalcheese.com\/es\/wp-json\/wp\/v2\/types\/product"}],"replies":[{"embeddable":true,"href":"https:\/\/tropicalcheese.com\/es\/wp-json\/wp\/v2\/comments?post=33208"}],"version-history":[{"count":3,"href":"https:\/\/tropicalcheese.com\/es\/wp-json\/wp\/v2\/product\/33208\/revisions"}],"predecessor-version":[{"id":111677,"href":"https:\/\/tropicalcheese.com\/es\/wp-json\/wp\/v2\/product\/33208\/revisions\/111677"}],"wp:featuredmedia":[{"embeddable":true,"href":"https:\/\/tropicalcheese.com\/es\/wp-json\/wp\/v2\/media\/33284"}],"wp:attachment":[{"href":"https:\/\/tropicalcheese.com\/es\/wp-json\/wp\/v2\/media?parent=33208"}],"wp:term":[{"taxonomy":"product_brand","embeddable":true,"href":"https:\/\/tropicalcheese.com\/es\/wp-json\/wp\/v2\/product_brand?post=33208"},{"taxonomy":"product_cat","embeddable":true,"href":"https:\/\/tropicalcheese.com\/es\/wp-json\/wp\/v2\/product_cat?post=33208"},{"taxonomy":"product_tag","embeddable":true,"href":"https:\/\/tropicalcheese.com\/es\/wp-json\/wp\/v2\/product_tag?post=33208"}],"curies":[{"name":"wp","href":"https:\/\/api.w.org\/{rel}","templated":true}]}}