{"id":89206,"date":"2020-11-09T05:30:10","date_gmt":"2024-04-26T19:57:10","guid":{"rendered":"https:\/\/tropicalcheese.com\/?post_type=product&#038;p=89206"},"modified":"2026-04-05T17:07:23","modified_gmt":"2026-04-05T21:07:23","slug":"amantes-del-queso-blanco","status":"publish","type":"product","link":"https:\/\/tropicalcheese.com\/es\/tienda\/amantes-del-queso-blanco","title":{"rendered":"Amantes del Queso Blanco"},"content":{"rendered":"<p>\u00a1Buenas noticias! Nuestro queso premiado internacionalmente est\u00e1 disponible en paquete. Queso Blanco Tropical es un queso blanco fresco, cremoso y de sabor suave, ideal para snacks, postres, comidas y aperitivos. Prep\u00e1rate para tener este rico y vers\u00e1til queso a la mano en todo momento. Ve todas las recetas con las que puedes usarlo\u00a0<a href=\"https:\/\/tropicalcheese.com\/es\/tag\/queso-blanco\">aqu\u00ed<\/a>.<\/p>\n<h2><strong>La caja incluye:<\/strong><\/h2>\n<ul>\n<li>6 paquetes de <a href=\"https:\/\/tropicalcheese.com\/es\/productos\/quesos\/queso-blanco\">Queso Blanco (16oz)<\/a><\/li>\n<\/ul>\n","protected":false},"excerpt":{"rendered":"<p>Queso Blanco Tropical es un queso blanco fresco, cremoso y de sabor suave, ideal para snacks, postres, comidas y aperitivos.<\/p>\n","protected":false},"featured_media":89210,"comment_status":"open","ping_status":"closed","template":"","meta":{"footnotes":""},"product_brand":[],"product_cat":[364],"product_tag":[],"class_list":{"0":"post-89206","1":"product","2":"type-product","3":"status-publish","4":"has-post-thumbnail","6":"product_cat-uncategorized-es","7":"entry","9":"first","10":"instock","11":"featured","12":"shipping-taxable","13":"purchasable","14":"product-type-simple"},"yoast_head":"<!-- This site is optimized with the Yoast SEO plugin v27.1.1 - https:\/\/yoast.com\/product\/yoast-seo-wordpress\/ -->\n<title>Amantes del Queso Blanco - Tropical Cheese<\/title>\n<meta name=\"description\" content=\"\u00a1Buenas noticias! Nuestro queso premiado internacionalmente est\u00e1 disponible en paquete. Queso Blanco Tropical es un queso blanco fresco, cremoso y de sabor suave, ideal para snacks, postres, comidas y aperitivos. Prep\u00e1rate para tener este rico y vers\u00e1til queso a la mano en todo momento. Ve todas las recetas con las que puedes usarlo aqu\u00ed.\" \/>\n<meta name=\"robots\" content=\"index, follow, max-snippet:-1, max-image-preview:large, max-video-preview:-1\" \/>\n<link rel=\"canonical\" href=\"https:\/\/tropicalcheese.com\/es\/tienda\/amantes-del-queso-blanco\" \/>\n<meta property=\"og:locale\" content=\"es_ES\" \/>\n<meta property=\"og:type\" content=\"article\" \/>\n<meta property=\"og:title\" content=\"Amantes del Queso Blanco - Tropical Cheese\" \/>\n<meta property=\"og:description\" content=\"\u00a1Buenas noticias! Nuestro queso premiado internacionalmente est\u00e1 disponible en paquete. Queso Blanco Tropical es un queso blanco fresco, cremoso y de sabor suave, ideal para snacks, postres, comidas y aperitivos. Prep\u00e1rate para tener este rico y vers\u00e1til queso a la mano en todo momento. Ve todas las recetas con las que puedes usarlo aqu\u00ed.\" \/>\n<meta property=\"og:url\" content=\"https:\/\/tropicalcheese.com\/es\/tienda\/amantes-del-queso-blanco\" \/>\n<meta property=\"og:site_name\" content=\"Tropical Cheese\" \/>\n<meta property=\"article:publisher\" content=\"https:\/\/www.facebook.com\/TropicalCheeseInd\" \/>\n<meta property=\"article:modified_time\" content=\"2026-04-05T21:07:23+00:00\" \/>\n<meta property=\"og:image\" content=\"https:\/\/tropicalcheese.com\/wp-content\/uploads\/2024\/04\/queso-blanco-lovers-featured.jpg\" \/>\n\t<meta property=\"og:image:width\" content=\"820\" \/>\n\t<meta property=\"og:image:height\" content=\"820\" \/>\n\t<meta property=\"og:image:type\" content=\"image\/jpeg\" \/>\n<meta name=\"twitter:card\" content=\"summary_large_image\" \/>\n<meta name=\"twitter:site\" content=\"@tropicalcheese\" \/>\n<meta name=\"twitter:label1\" content=\"Tiempo de lectura\" \/>\n\t<meta name=\"twitter:data1\" content=\"1 minuto\" \/>\n<script type=\"application\/ld+json\" class=\"yoast-schema-graph\">{\"@context\":\"https:\/\/schema.org\",\"@graph\":[{\"@type\":\"WebPage\",\"@id\":\"https:\/\/tropicalcheese.com\/es\/tienda\/amantes-del-queso-blanco\",\"url\":\"https:\/\/tropicalcheese.com\/es\/tienda\/amantes-del-queso-blanco\",\"name\":\"Amantes del Queso Blanco - Tropical Cheese\",\"isPartOf\":{\"@id\":\"https:\/\/tropicalcheese.com\/es#website\"},\"primaryImageOfPage\":{\"@id\":\"https:\/\/tropicalcheese.com\/es\/tienda\/amantes-del-queso-blanco#primaryimage\"},\"image\":{\"@id\":\"https:\/\/tropicalcheese.com\/es\/tienda\/amantes-del-queso-blanco#primaryimage\"},\"thumbnailUrl\":\"https:\/\/tropicalcheese.com\/wp-content\/uploads\/2024\/04\/queso-blanco-lovers-featured.jpg\",\"datePublished\":\"2024-04-26T19:57:10+00:00\",\"dateModified\":\"2026-04-05T21:07:23+00:00\",\"description\":\"\u00a1Buenas noticias! Nuestro queso premiado internacionalmente est\u00e1 disponible en paquete. Queso Blanco Tropical es un queso blanco fresco, cremoso y de sabor suave, ideal para snacks, postres, comidas y aperitivos. Prep\u00e1rate para tener este rico y vers\u00e1til queso a la mano en todo momento. Ve todas las recetas con las que puedes usarlo aqu\u00ed.\",\"breadcrumb\":{\"@id\":\"https:\/\/tropicalcheese.com\/es\/tienda\/amantes-del-queso-blanco#breadcrumb\"},\"inLanguage\":\"es\",\"potentialAction\":[{\"@type\":\"ReadAction\",\"target\":[\"https:\/\/tropicalcheese.com\/es\/tienda\/amantes-del-queso-blanco\"]}]},{\"@type\":\"ImageObject\",\"inLanguage\":\"es\",\"@id\":\"https:\/\/tropicalcheese.com\/es\/tienda\/amantes-del-queso-blanco#primaryimage\",\"url\":\"https:\/\/tropicalcheese.com\/wp-content\/uploads\/2024\/04\/queso-blanco-lovers-featured.jpg\",\"contentUrl\":\"https:\/\/tropicalcheese.com\/wp-content\/uploads\/2024\/04\/queso-blanco-lovers-featured.jpg\",\"width\":820,\"height\":820},{\"@type\":\"BreadcrumbList\",\"@id\":\"https:\/\/tropicalcheese.com\/es\/tienda\/amantes-del-queso-blanco#breadcrumb\",\"itemListElement\":[{\"@type\":\"ListItem\",\"position\":1,\"name\":\"Home\",\"item\":\"https:\/\/tropicalcheese.com\/es\"},{\"@type\":\"ListItem\",\"position\":2,\"name\":\"Tienda\",\"item\":\"https:\/\/tropicalcheese.com\/es\/tienda\"},{\"@type\":\"ListItem\",\"position\":3,\"name\":\"Amantes del Queso Blanco\"}]},{\"@type\":\"WebSite\",\"@id\":\"https:\/\/tropicalcheese.com\/es#website\",\"url\":\"https:\/\/tropicalcheese.com\/es\",\"name\":\"Tropical Cheese\",\"description\":\"\",\"publisher\":{\"@id\":\"https:\/\/tropicalcheese.com\/es#organization\"},\"potentialAction\":[{\"@type\":\"SearchAction\",\"target\":{\"@type\":\"EntryPoint\",\"urlTemplate\":\"https:\/\/tropicalcheese.com\/es?s={search_term_string}\"},\"query-input\":{\"@type\":\"PropertyValueSpecification\",\"valueRequired\":true,\"valueName\":\"search_term_string\"}}],\"inLanguage\":\"es\"},{\"@type\":\"Organization\",\"@id\":\"https:\/\/tropicalcheese.com\/es#organization\",\"name\":\"Tropical Cheese\",\"url\":\"https:\/\/tropicalcheese.com\/es\",\"logo\":{\"@type\":\"ImageObject\",\"inLanguage\":\"es\",\"@id\":\"https:\/\/tropicalcheese.com\/es#\/schema\/logo\/image\/\",\"url\":\"https:\/\/tropicalcheese.com\/wp-content\/uploads\/2019\/06\/tropical-cheese-logo.jpg\",\"contentUrl\":\"https:\/\/tropicalcheese.com\/wp-content\/uploads\/2019\/06\/tropical-cheese-logo.jpg\",\"width\":800,\"height\":400,\"caption\":\"Tropical Cheese\"},\"image\":{\"@id\":\"https:\/\/tropicalcheese.com\/es#\/schema\/logo\/image\/\"},\"sameAs\":[\"https:\/\/www.facebook.com\/TropicalCheeseInd\",\"https:\/\/x.com\/tropicalcheese\",\"http:\/\/instagram.com\/tropicalcheese\",\"https:\/\/www.youtube.com\/user\/TropicalCheeseInd\"]}]}<\/script>\n<!-- \/ Yoast SEO plugin. -->","yoast_head_json":{"title":"Amantes del Queso Blanco - Tropical Cheese","description":"\u00a1Buenas noticias! Nuestro queso premiado internacionalmente est\u00e1 disponible en paquete. Queso Blanco Tropical es un queso blanco fresco, cremoso y de sabor suave, ideal para snacks, postres, comidas y aperitivos. Prep\u00e1rate para tener este rico y vers\u00e1til queso a la mano en todo momento. Ve todas las recetas con las que puedes usarlo aqu\u00ed.","robots":{"index":"index","follow":"follow","max-snippet":"max-snippet:-1","max-image-preview":"max-image-preview:large","max-video-preview":"max-video-preview:-1"},"canonical":"https:\/\/tropicalcheese.com\/es\/tienda\/amantes-del-queso-blanco","og_locale":"es_ES","og_type":"article","og_title":"Amantes del Queso Blanco - Tropical Cheese","og_description":"\u00a1Buenas noticias! Nuestro queso premiado internacionalmente est\u00e1 disponible en paquete. Queso Blanco Tropical es un queso blanco fresco, cremoso y de sabor suave, ideal para snacks, postres, comidas y aperitivos. Prep\u00e1rate para tener este rico y vers\u00e1til queso a la mano en todo momento. Ve todas las recetas con las que puedes usarlo aqu\u00ed.","og_url":"https:\/\/tropicalcheese.com\/es\/tienda\/amantes-del-queso-blanco","og_site_name":"Tropical Cheese","article_publisher":"https:\/\/www.facebook.com\/TropicalCheeseInd","article_modified_time":"2026-04-05T21:07:23+00:00","og_image":[{"width":820,"height":820,"url":"https:\/\/tropicalcheese.com\/wp-content\/uploads\/2024\/04\/queso-blanco-lovers-featured.jpg","type":"image\/jpeg"}],"twitter_card":"summary_large_image","twitter_site":"@tropicalcheese","twitter_misc":{"Tiempo de lectura":"1 minuto"},"schema":{"@context":"https:\/\/schema.org","@graph":[{"@type":"WebPage","@id":"https:\/\/tropicalcheese.com\/es\/tienda\/amantes-del-queso-blanco","url":"https:\/\/tropicalcheese.com\/es\/tienda\/amantes-del-queso-blanco","name":"Amantes del Queso Blanco - Tropical Cheese","isPartOf":{"@id":"https:\/\/tropicalcheese.com\/es#website"},"primaryImageOfPage":{"@id":"https:\/\/tropicalcheese.com\/es\/tienda\/amantes-del-queso-blanco#primaryimage"},"image":{"@id":"https:\/\/tropicalcheese.com\/es\/tienda\/amantes-del-queso-blanco#primaryimage"},"thumbnailUrl":"https:\/\/tropicalcheese.com\/wp-content\/uploads\/2024\/04\/queso-blanco-lovers-featured.jpg","datePublished":"2024-04-26T19:57:10+00:00","dateModified":"2026-04-05T21:07:23+00:00","description":"\u00a1Buenas noticias! Nuestro queso premiado internacionalmente est\u00e1 disponible en paquete. Queso Blanco Tropical es un queso blanco fresco, cremoso y de sabor suave, ideal para snacks, postres, comidas y aperitivos. Prep\u00e1rate para tener este rico y vers\u00e1til queso a la mano en todo momento. Ve todas las recetas con las que puedes usarlo aqu\u00ed.","breadcrumb":{"@id":"https:\/\/tropicalcheese.com\/es\/tienda\/amantes-del-queso-blanco#breadcrumb"},"inLanguage":"es","potentialAction":[{"@type":"ReadAction","target":["https:\/\/tropicalcheese.com\/es\/tienda\/amantes-del-queso-blanco"]}]},{"@type":"ImageObject","inLanguage":"es","@id":"https:\/\/tropicalcheese.com\/es\/tienda\/amantes-del-queso-blanco#primaryimage","url":"https:\/\/tropicalcheese.com\/wp-content\/uploads\/2024\/04\/queso-blanco-lovers-featured.jpg","contentUrl":"https:\/\/tropicalcheese.com\/wp-content\/uploads\/2024\/04\/queso-blanco-lovers-featured.jpg","width":820,"height":820},{"@type":"BreadcrumbList","@id":"https:\/\/tropicalcheese.com\/es\/tienda\/amantes-del-queso-blanco#breadcrumb","itemListElement":[{"@type":"ListItem","position":1,"name":"Home","item":"https:\/\/tropicalcheese.com\/es"},{"@type":"ListItem","position":2,"name":"Tienda","item":"https:\/\/tropicalcheese.com\/es\/tienda"},{"@type":"ListItem","position":3,"name":"Amantes del Queso Blanco"}]},{"@type":"WebSite","@id":"https:\/\/tropicalcheese.com\/es#website","url":"https:\/\/tropicalcheese.com\/es","name":"Tropical Cheese","description":"","publisher":{"@id":"https:\/\/tropicalcheese.com\/es#organization"},"potentialAction":[{"@type":"SearchAction","target":{"@type":"EntryPoint","urlTemplate":"https:\/\/tropicalcheese.com\/es?s={search_term_string}"},"query-input":{"@type":"PropertyValueSpecification","valueRequired":true,"valueName":"search_term_string"}}],"inLanguage":"es"},{"@type":"Organization","@id":"https:\/\/tropicalcheese.com\/es#organization","name":"Tropical Cheese","url":"https:\/\/tropicalcheese.com\/es","logo":{"@type":"ImageObject","inLanguage":"es","@id":"https:\/\/tropicalcheese.com\/es#\/schema\/logo\/image\/","url":"https:\/\/tropicalcheese.com\/wp-content\/uploads\/2019\/06\/tropical-cheese-logo.jpg","contentUrl":"https:\/\/tropicalcheese.com\/wp-content\/uploads\/2019\/06\/tropical-cheese-logo.jpg","width":800,"height":400,"caption":"Tropical Cheese"},"image":{"@id":"https:\/\/tropicalcheese.com\/es#\/schema\/logo\/image\/"},"sameAs":["https:\/\/www.facebook.com\/TropicalCheeseInd","https:\/\/x.com\/tropicalcheese","http:\/\/instagram.com\/tropicalcheese","https:\/\/www.youtube.com\/user\/TropicalCheeseInd"]}]}},"meta_box":{"woocom-product-front-image":[{"width":150,"height":150,"file":"2024\/04\/queso-blanco-lovers.jpg","filesize":200955,"sizes":{"thumbnail":{"file":"queso-blanco-lovers-150x150.jpg","width":150,"height":150,"mime-type":"image\/jpeg","filesize":18155,"url":"https:\/\/tropicalcheese.com\/wp-content\/uploads\/2024\/04\/queso-blanco-lovers-150x150.jpg"},"square":{"file":"queso-blanco-lovers-480x480.jpg","width":480,"height":480,"mime-type":"image\/jpeg","filesize":107254,"url":"https:\/\/tropicalcheese.com\/wp-content\/uploads\/2024\/04\/queso-blanco-lovers-480x480.jpg"},"wide":{"file":"queso-blanco-lovers-480x270.jpg","width":480,"height":270,"mime-type":"image\/jpeg","filesize":66576,"url":"https:\/\/tropicalcheese.com\/wp-content\/uploads\/2024\/04\/queso-blanco-lovers-480x270.jpg"},"instagram":{"file":"queso-blanco-lovers-300x480.jpg","width":300,"height":480,"mime-type":"image\/jpeg","filesize":68110,"url":"https:\/\/tropicalcheese.com\/wp-content\/uploads\/2024\/04\/queso-blanco-lovers-300x480.jpg"},"woocommerce_thumbnail":{"file":"queso-blanco-lovers-300x225.jpg","width":300,"height":225,"mime-type":"image\/jpeg","filesize":40629,"url":"https:\/\/tropicalcheese.com\/wp-content\/uploads\/2024\/04\/queso-blanco-lovers-300x225.jpg"},"woocommerce_single":{"file":"queso-blanco-lovers-600x450.jpg","width":600,"height":450,"mime-type":"image\/jpeg","filesize":112653,"url":"https:\/\/tropicalcheese.com\/wp-content\/uploads\/2024\/04\/queso-blanco-lovers-600x450.jpg"},"woocommerce_gallery_thumbnail":{"file":"queso-blanco-lovers-100x100.jpg","width":100,"height":100,"mime-type":"image\/jpeg","filesize":10931,"url":"https:\/\/tropicalcheese.com\/wp-content\/uploads\/2024\/04\/queso-blanco-lovers-100x100.jpg"}},"image_meta":{"aperture":"0","credit":"","camera":"","caption":"","created_timestamp":"0","copyright":"","focal_length":"0","iso":"0","shutter_speed":"0","title":"","orientation":"0","keywords":[]},"ID":"89208","name":"queso-blanco-lovers.jpg","path":"\/home2\/pmendez\/public_html\/wp-content\/uploads\/2024\/04\/queso-blanco-lovers.jpg","url":"https:\/\/tropicalcheese.com\/wp-content\/uploads\/2024\/04\/queso-blanco-lovers-150x150.jpg","full_url":"https:\/\/tropicalcheese.com\/wp-content\/uploads\/2024\/04\/queso-blanco-lovers.jpg","title":"queso-blanco-lovers","caption":"","description":"","alt":"","srcset":false}],"woocom-product-cta-custom-title":"","woocom-product-cta-background-color":"#003399","woocom-product-cta-text-color":"light-text","woocom-related-recipes-header":"Recetas Relacionadas","woocom-related-recipes-button-label":"M\u00e1s Recetas","woocom-related-recipes-button-url":"https:\/\/tropicalcheese.com\/es\/tag\/queso-blanco","woocom-related-recipes":[{"woocom-related-recipe-image":["30525"],"woocom-related-recipe-name":"Queso Blanco Ali\u00f1ado","woocom-related-recipe-url":"https:\/\/tropicalcheese.com\/es\/recetas\/aperitivos\/queso-blanco-alinado"},{"woocom-related-recipe-image":["1191"],"woocom-related-recipe-name":"Guayaba y Queso Blanco","woocom-related-recipe-url":"https:\/\/tropicalcheese.com\/es\/recetas\/aperitivos\/guayaba-y-queso-blanco"},{"woocom-related-recipe-image":["1204"],"woocom-related-recipe-name":"Tostones Rellenos","woocom-related-recipe-url":"https:\/\/tropicalcheese.com\/es\/recetas\/aperitivos\/tostones-rellenos"}]},"_links":{"self":[{"href":"https:\/\/tropicalcheese.com\/es\/wp-json\/wp\/v2\/product\/89206","targetHints":{"allow":["GET"]}}],"collection":[{"href":"https:\/\/tropicalcheese.com\/es\/wp-json\/wp\/v2\/product"}],"about":[{"href":"https:\/\/tropicalcheese.com\/es\/wp-json\/wp\/v2\/types\/product"}],"replies":[{"embeddable":true,"href":"https:\/\/tropicalcheese.com\/es\/wp-json\/wp\/v2\/comments?post=89206"}],"version-history":[{"count":0,"href":"https:\/\/tropicalcheese.com\/es\/wp-json\/wp\/v2\/product\/89206\/revisions"}],"wp:featuredmedia":[{"embeddable":true,"href":"https:\/\/tropicalcheese.com\/es\/wp-json\/wp\/v2\/media\/89210"}],"wp:attachment":[{"href":"https:\/\/tropicalcheese.com\/es\/wp-json\/wp\/v2\/media?parent=89206"}],"wp:term":[{"taxonomy":"product_brand","embeddable":true,"href":"https:\/\/tropicalcheese.com\/es\/wp-json\/wp\/v2\/product_brand?post=89206"},{"taxonomy":"product_cat","embeddable":true,"href":"https:\/\/tropicalcheese.com\/es\/wp-json\/wp\/v2\/product_cat?post=89206"},{"taxonomy":"product_tag","embeddable":true,"href":"https:\/\/tropicalcheese.com\/es\/wp-json\/wp\/v2\/product_tag?post=89206"}],"curies":[{"name":"wp","href":"https:\/\/api.w.org\/{rel}","templated":true}]}}